{"id":44046,"date":"2026-04-20T00:34:04","date_gmt":"2026-04-20T00:34:04","guid":{"rendered":"https:\/\/singuli.wpress.me\/index.php\/proizvod\/gadus-s4-v45ac00-000-visenamjenska-mast-18-kg\/"},"modified":"2026-04-20T12:33:53","modified_gmt":"2026-04-20T12:33:53","slug":"gadus-s4-v45ac00-000-visenamjenska-mast-18-kg","status":"publish","type":"product","link":"https:\/\/singuli.wpress.me\/index.php\/proizvod\/gadus-s4-v45ac00-000-visenamjenska-mast-18-kg\/","title":{"rendered":"GADUS S4 V45AC00\/000, vi\u0161enamjenska mast, 18\u00a0kg"},"content":{"rendered":"<p>Teku\u0107a mast za uporabu u centraliziranim sustavima podmazivanja. Bazirana je na mje\u0161avini visoko rafiniranog mineralnog ulja i odabranih sinteti\u010dkih baznih ulja, aditiva za ekstremne pritiske i drugih pa\u017eljivo odabranih aditiva koji pru\u017eaju odli\u010dnu za\u0161titu u svim uvjetima.<\/p>\n<p><span style=\"font-weight: bold\">Specifikacija: <\/span>MAN 283 Li-P 00\/000, MB odobrenje 264.0, Willy Vogel<\/p>\n","protected":false},"excerpt":{"rendered":"<p>Mast za uporabu u centraliziranim sustavima podmazivanja<br \/>\nZa centralizirane sustave podmazivanja<br \/>\nPodnosi ispiranje vodom<\/p>\n","protected":false},"featured_media":44047,"template":"","meta":{"_seopress_robots_primary_cat":"","_seopress_titles_title":"","_seopress_titles_desc":"","_seopress_robots_index":"","iawp_total_views":0},"product_brand":[413],"product_cat":[268,278],"product_tag":[],"class_list":{"0":"post-44046","1":"product","2":"type-product","3":"status-publish","4":"has-post-thumbnail","6":"product_brand-gadus","7":"product_cat-kozmetika-2","8":"product_cat-njega-tijela-268","10":"first","11":"instock","12":"shipping-taxable","13":"purchasable","14":"product-type-simple"},"_links":{"self":[{"href":"https:\/\/singuli.wpress.me\/index.php\/wp-json\/wp\/v2\/product\/44046","targetHints":{"allow":["GET"]}}],"collection":[{"href":"https:\/\/singuli.wpress.me\/index.php\/wp-json\/wp\/v2\/product"}],"about":[{"href":"https:\/\/singuli.wpress.me\/index.php\/wp-json\/wp\/v2\/types\/product"}],"version-history":[{"count":0,"href":"https:\/\/singuli.wpress.me\/index.php\/wp-json\/wp\/v2\/product\/44046\/revisions"}],"wp:featuredmedia":[{"embeddable":true,"href":"https:\/\/singuli.wpress.me\/index.php\/wp-json\/wp\/v2\/media\/44047"}],"wp:attachment":[{"href":"https:\/\/singuli.wpress.me\/index.php\/wp-json\/wp\/v2\/media?parent=44046"}],"wp:term":[{"taxonomy":"product_brand","embeddable":true,"href":"https:\/\/singuli.wpress.me\/index.php\/wp-json\/wp\/v2\/product_brand?post=44046"},{"taxonomy":"product_cat","embeddable":true,"href":"https:\/\/singuli.wpress.me\/index.php\/wp-json\/wp\/v2\/product_cat?post=44046"},{"taxonomy":"product_tag","embeddable":true,"href":"https:\/\/singuli.wpress.me\/index.php\/wp-json\/wp\/v2\/product_tag?post=44046"}],"curies":[{"name":"wp","href":"https:\/\/api.w.org\/{rel}","templated":true}]}}