{"id":44062,"date":"2026-04-20T00:34:08","date_gmt":"2026-04-20T00:34:08","guid":{"rendered":"https:\/\/singuli.wpress.me\/index.php\/proizvod\/cartamundi-fundels-edukativne-kartice-dodavanje\/"},"modified":"2026-04-21T00:27:26","modified_gmt":"2026-04-21T00:27:26","slug":"cartamundi-fundels-edukativne-kartice-dodavanje","status":"publish","type":"product","link":"https:\/\/singuli.wpress.me\/index.php\/proizvod\/cartamundi-fundels-edukativne-kartice-dodavanje\/","title":{"rendered":"CARTAMUNDI Fundels, edukativne kartice, dodavanje"},"content":{"rendered":"<p>Mozak u punom pogonu kada je igra zabavna!<\/p>\n<p>Na\u0161i mozgovi rade 68 % aktivnije kad se zabavljamo, zato su edukativne igre savr\u0161en na\u010din za u\u010denje! U\u010denje \u010ditanja ponekad nije jednostavno, a nekima predstavlja poseban izazov. Zato su sva Fundels pravila ispisana posebnim fontom Dyslexie, dizajniranim za osobe s disleksijom \u2013 kako bi pravila mogla \u010ditati i razumjeti ba\u0161 svi.<\/p>\n<p>Cilj igre: Na temelju zadatka koji zada prvi igra\u010d, treba \u0161to br\u017ee prona\u0107i ispravnu karticu me\u0111u kartama koje su okrenute licem prema gore na stolu.<br \/>\nDob: 4+<\/p>\n","protected":false},"excerpt":{"rendered":"<p>Mozak u punom pogonu kada je igra zabavna<br \/>\nEdukativne igre savr\u0161en su na\u010din za u\u010denje<br \/>\nDob: 4+ god<\/p>\n","protected":false},"featured_media":44063,"template":"","meta":{"_seopress_robots_primary_cat":"","_seopress_titles_title":"","_seopress_titles_desc":"","_seopress_robots_index":"","iawp_total_views":0},"product_brand":[864],"product_cat":[290,221],"product_tag":[],"class_list":{"0":"post-44062","1":"product","2":"type-product","3":"status-publish","4":"has-post-thumbnail","6":"product_brand-cartamundi","7":"product_cat-drustvene-igre-221","8":"product_cat-igracke","10":"first","11":"outofstock","12":"shipping-taxable","13":"purchasable","14":"product-type-simple"},"_links":{"self":[{"href":"https:\/\/singuli.wpress.me\/index.php\/wp-json\/wp\/v2\/product\/44062","targetHints":{"allow":["GET"]}}],"collection":[{"href":"https:\/\/singuli.wpress.me\/index.php\/wp-json\/wp\/v2\/product"}],"about":[{"href":"https:\/\/singuli.wpress.me\/index.php\/wp-json\/wp\/v2\/types\/product"}],"version-history":[{"count":0,"href":"https:\/\/singuli.wpress.me\/index.php\/wp-json\/wp\/v2\/product\/44062\/revisions"}],"wp:featuredmedia":[{"embeddable":true,"href":"https:\/\/singuli.wpress.me\/index.php\/wp-json\/wp\/v2\/media\/44063"}],"wp:attachment":[{"href":"https:\/\/singuli.wpress.me\/index.php\/wp-json\/wp\/v2\/media?parent=44062"}],"wp:term":[{"taxonomy":"product_brand","embeddable":true,"href":"https:\/\/singuli.wpress.me\/index.php\/wp-json\/wp\/v2\/product_brand?post=44062"},{"taxonomy":"product_cat","embeddable":true,"href":"https:\/\/singuli.wpress.me\/index.php\/wp-json\/wp\/v2\/product_cat?post=44062"},{"taxonomy":"product_tag","embeddable":true,"href":"https:\/\/singuli.wpress.me\/index.php\/wp-json\/wp\/v2\/product_tag?post=44062"}],"curies":[{"name":"wp","href":"https:\/\/api.w.org\/{rel}","templated":true}]}}