{"id":44082,"date":"2026-04-20T00:34:16","date_gmt":"2026-04-20T00:34:16","guid":{"rendered":"https:\/\/singuli.wpress.me\/index.php\/proizvod\/domo-do536fr-friteza-na-vruci-zrak-5-5-l\/"},"modified":"2026-04-20T12:33:54","modified_gmt":"2026-04-20T12:33:54","slug":"domo-do536fr-friteza-na-vruci-zrak-5-5-l","status":"publish","type":"product","link":"https:\/\/singuli.wpress.me\/index.php\/proizvod\/domo-do536fr-friteza-na-vruci-zrak-5-5-l\/","title":{"rendered":"DOMO DO536FR, friteza na vru\u0107i zrak, 5.5\u00a0l"},"content":{"rendered":"<p>Domo DO536FR je friteza na vru\u0107i zrak s jednostavnim mehani\u010dkim upravljanjem. Pravokutna ko\u0161ara za pr\u017eenje u svom volumenu dr\u017ei do 5,5 kg sirovina. Bez upotrebe ulja, samo s vru\u0107im zrakom i brzim zagrijavanjem u 3 minute, friteza mo\u017ee pripremiti savr\u0161ene zdrave pomfrite od krumpira ili povr\u0107a, ispe\u0107i so\u010dno meso ili vrlo brzo i lagano zagrijati pripremljena jela i podgrijati smrznute sastojke.<br \/>\nFriteza na vru\u0107i zrak DOMO DO536FR posti\u017ee savr\u0161ene rezultate zahvaljuju\u0107i u\u010dinkovitoj cirkulaciji zraka kroz perforirane stijenke posude, a kroz perforirano dno ko\u0161are za pr\u017eenje mo\u017eete skupiti vi\u0161ak masno\u0107e ili sokove od kuhanja na dnu posude. \u010ci\u0161\u0107enje i odr\u017eavanje ko\u0161are i tave uvelike \u0107e vam olak\u0161ati visokokvalitetna neprianjaju\u0107a povr\u0161ina. Friteza na vru\u0107i zrak mo\u017ee se uspje\u0161no koristiti i kao zamjena za ku\u0107nu pekarnicu. Za pe\u010denje doma\u0107eg kruha tijesto se mo\u017ee staviti u tepsiju.<\/p>\n","protected":false},"excerpt":{"rendered":"<p>Do 80% manje masno\u0107e od konvencionalnog pr\u017eenja<br \/>\nBrza cirkulacija zraka za brzo i niskoenergetsko pr\u017eenje<br \/>\nPodesiva temperatura od 80\u00b0C do 200\u02daC<\/p>\n","protected":false},"featured_media":44083,"template":"","meta":{"_seopress_robots_primary_cat":"","_seopress_titles_title":"","_seopress_titles_desc":"","_seopress_robots_index":"","iawp_total_views":0},"product_brand":[255],"product_cat":[266,265,160],"product_tag":[],"class_list":{"0":"post-44082","1":"product","2":"type-product","3":"status-publish","4":"has-post-thumbnail","6":"product_brand-domo","7":"product_cat-aparati-za-kuhanje-265","8":"product_cat-kuhinjski-aparati-160","9":"product_cat-mali-kucanski-aparati","11":"first","12":"outofstock","13":"shipping-taxable","14":"purchasable","15":"product-type-simple"},"_links":{"self":[{"href":"https:\/\/singuli.wpress.me\/index.php\/wp-json\/wp\/v2\/product\/44082","targetHints":{"allow":["GET"]}}],"collection":[{"href":"https:\/\/singuli.wpress.me\/index.php\/wp-json\/wp\/v2\/product"}],"about":[{"href":"https:\/\/singuli.wpress.me\/index.php\/wp-json\/wp\/v2\/types\/product"}],"version-history":[{"count":0,"href":"https:\/\/singuli.wpress.me\/index.php\/wp-json\/wp\/v2\/product\/44082\/revisions"}],"wp:featuredmedia":[{"embeddable":true,"href":"https:\/\/singuli.wpress.me\/index.php\/wp-json\/wp\/v2\/media\/44083"}],"wp:attachment":[{"href":"https:\/\/singuli.wpress.me\/index.php\/wp-json\/wp\/v2\/media?parent=44082"}],"wp:term":[{"taxonomy":"product_brand","embeddable":true,"href":"https:\/\/singuli.wpress.me\/index.php\/wp-json\/wp\/v2\/product_brand?post=44082"},{"taxonomy":"product_cat","embeddable":true,"href":"https:\/\/singuli.wpress.me\/index.php\/wp-json\/wp\/v2\/product_cat?post=44082"},{"taxonomy":"product_tag","embeddable":true,"href":"https:\/\/singuli.wpress.me\/index.php\/wp-json\/wp\/v2\/product_tag?post=44082"}],"curies":[{"name":"wp","href":"https:\/\/api.w.org\/{rel}","templated":true}]}}