{"id":44094,"date":"2026-04-20T00:34:24","date_gmt":"2026-04-20T00:34:24","guid":{"rendered":"https:\/\/singuli.wpress.me\/index.php\/proizvod\/domo-do9244mc-sjeckalica-za-povrce\/"},"modified":"2026-04-20T12:33:54","modified_gmt":"2026-04-20T12:33:54","slug":"domo-do9244mc-sjeckalica-za-povrce","status":"publish","type":"product","link":"https:\/\/singuli.wpress.me\/index.php\/proizvod\/domo-do9244mc-sjeckalica-za-povrce\/","title":{"rendered":"DOMO DO9244MC, sjeckalica, za povr\u0107e"},"content":{"rendered":"<p>DOMO maxi sjeckalica DO9244MC nezaobilazna je u svakoj kuhinji. Ovaj prakti\u010dan i sna\u017ean (400 W) kuhinjski pomo\u0107nik idealan je za sjeckanje luka, za\u010dinskog bilja, povr\u0107a, mesa, leda, ora\u0161astih plodova i pripremu umaka. Staklena posuda za mije\u0161anje od 1400 ml koja vam omogu\u0107uje savr\u0161eno mjerenje koli\u010dina. O\u0161trice od nehr\u0111aju\u0107eg \u010delika osiguravaju savr\u0161en rezultat mije\u0161anja. Maxi sjeckalica se mo\u017ee potpuno rastaviti radi lak\u0161eg \u010di\u0161\u0107enja. Neki dijelovi tako\u0111er se mogu prati u perilici posu\u0111a.<\/p>\n","protected":false},"excerpt":{"rendered":"<p>4 o\u0161trice od nehr\u0111aju\u0107eg \u010delika<br \/>\nStaklena posuda za sjeckanje od 1400 ml s mjernim oznakama<br \/>\nPotpuno odvojiv i jednostavan za \u010di\u0161\u0107enje<\/p>\n","protected":false},"featured_media":44095,"template":"","meta":{"_seopress_robots_primary_cat":"","_seopress_titles_title":"","_seopress_titles_desc":"","_seopress_robots_index":"","iawp_total_views":0},"product_brand":[255],"product_cat":[192,267],"product_tag":[],"class_list":{"0":"post-44094","1":"product","2":"type-product","3":"status-publish","4":"has-post-thumbnail","6":"product_brand-domo","7":"product_cat-aparati-za-osobnu-njegu","8":"product_cat-zdravstveni-uredaji-192","10":"first","11":"outofstock","12":"shipping-taxable","13":"purchasable","14":"product-type-simple"},"_links":{"self":[{"href":"https:\/\/singuli.wpress.me\/index.php\/wp-json\/wp\/v2\/product\/44094","targetHints":{"allow":["GET"]}}],"collection":[{"href":"https:\/\/singuli.wpress.me\/index.php\/wp-json\/wp\/v2\/product"}],"about":[{"href":"https:\/\/singuli.wpress.me\/index.php\/wp-json\/wp\/v2\/types\/product"}],"version-history":[{"count":0,"href":"https:\/\/singuli.wpress.me\/index.php\/wp-json\/wp\/v2\/product\/44094\/revisions"}],"wp:featuredmedia":[{"embeddable":true,"href":"https:\/\/singuli.wpress.me\/index.php\/wp-json\/wp\/v2\/media\/44095"}],"wp:attachment":[{"href":"https:\/\/singuli.wpress.me\/index.php\/wp-json\/wp\/v2\/media?parent=44094"}],"wp:term":[{"taxonomy":"product_brand","embeddable":true,"href":"https:\/\/singuli.wpress.me\/index.php\/wp-json\/wp\/v2\/product_brand?post=44094"},{"taxonomy":"product_cat","embeddable":true,"href":"https:\/\/singuli.wpress.me\/index.php\/wp-json\/wp\/v2\/product_cat?post=44094"},{"taxonomy":"product_tag","embeddable":true,"href":"https:\/\/singuli.wpress.me\/index.php\/wp-json\/wp\/v2\/product_tag?post=44094"}],"curies":[{"name":"wp","href":"https:\/\/api.w.org\/{rel}","templated":true}]}}