{"id":44113,"date":"2026-04-20T00:34:32","date_gmt":"2026-04-20T00:34:32","guid":{"rendered":"https:\/\/singuli.wpress.me\/index.php\/proizvod\/ecover-univerzalni-tekuci-deterdzent-za-pranje-rublja-1-l\/"},"modified":"2026-04-20T12:33:54","modified_gmt":"2026-04-20T12:33:54","slug":"ecover-univerzalni-tekuci-deterdzent-za-pranje-rublja-1-l","status":"publish","type":"product","link":"https:\/\/singuli.wpress.me\/index.php\/proizvod\/ecover-univerzalni-tekuci-deterdzent-za-pranje-rublja-1-l\/","title":{"rendered":"ECOVER univerzalni, teku\u0107i deterd\u017eent za pranje rublja, 1\u00a0l"},"content":{"rendered":"<p>ECOVER\u00ae Univerzalni teku\u0107i deterd\u017eent za rublje posjeduje sna\u017enu formulu oboga\u0107enu aktivnim sastojcima na biljnoj bazi. <\/p>\n<p>Nakon nekoliko pranja, uklanja ostatke tkanine s pamu\u0107nih povr\u0161ina. <\/p>\n<p>Pogodno za bijelo i obojano rublje. <\/p>\n<p>Ne dopustiti da se omek\u0161iva\u010d osu\u0161i na odje\u0107i. <\/p>\n<p>Prije uporabe provjeriti upute za pranje va\u0161e odje\u0107e.<\/p>\n<p>Pogodno za pranje na 30-60\u00b0C. <\/p>\n<p>Ne nama\u010dite i ne perite vatrootpornu odje\u0107u iznad 50\u02d9C.<\/p>\n<p>Miris medne bobice i jasmina s osun\u010danim cvjetovima medne bobice, vodenastih tonova ljiljana i jasmina umotanim u nijanse cedrovine.<\/p>\n","protected":false},"excerpt":{"rendered":"<p>Za bijelo i obojeno rublje<br \/>\nBiorazgradivi sastojci na biljnoj bazi<br \/>\nUklanja nakupine tkanine na pamu\u010dnim povr\u0161inama<\/p>\n","protected":false},"featured_media":44114,"template":"","meta":{"_seopress_robots_primary_cat":"","_seopress_titles_title":"","_seopress_titles_desc":"","_seopress_robots_index":"","iawp_total_views":0},"product_brand":[790],"product_cat":[284,238],"product_tag":[],"class_list":{"0":"post-44113","1":"product","2":"type-product","3":"status-publish","4":"has-post-thumbnail","6":"product_brand-ecover","7":"product_cat-sredstva-za-ciscenje-238","8":"product_cat-sve-za-dom","10":"first","11":"instock","12":"shipping-taxable","13":"purchasable","14":"product-type-simple"},"_links":{"self":[{"href":"https:\/\/singuli.wpress.me\/index.php\/wp-json\/wp\/v2\/product\/44113","targetHints":{"allow":["GET"]}}],"collection":[{"href":"https:\/\/singuli.wpress.me\/index.php\/wp-json\/wp\/v2\/product"}],"about":[{"href":"https:\/\/singuli.wpress.me\/index.php\/wp-json\/wp\/v2\/types\/product"}],"version-history":[{"count":0,"href":"https:\/\/singuli.wpress.me\/index.php\/wp-json\/wp\/v2\/product\/44113\/revisions"}],"wp:featuredmedia":[{"embeddable":true,"href":"https:\/\/singuli.wpress.me\/index.php\/wp-json\/wp\/v2\/media\/44114"}],"wp:attachment":[{"href":"https:\/\/singuli.wpress.me\/index.php\/wp-json\/wp\/v2\/media?parent=44113"}],"wp:term":[{"taxonomy":"product_brand","embeddable":true,"href":"https:\/\/singuli.wpress.me\/index.php\/wp-json\/wp\/v2\/product_brand?post=44113"},{"taxonomy":"product_cat","embeddable":true,"href":"https:\/\/singuli.wpress.me\/index.php\/wp-json\/wp\/v2\/product_cat?post=44113"},{"taxonomy":"product_tag","embeddable":true,"href":"https:\/\/singuli.wpress.me\/index.php\/wp-json\/wp\/v2\/product_tag?post=44113"}],"curies":[{"name":"wp","href":"https:\/\/api.w.org\/{rel}","templated":true}]}}