{"id":44119,"date":"2026-04-20T00:34:34","date_gmt":"2026-04-20T00:34:34","guid":{"rendered":"https:\/\/singuli.wpress.me\/index.php\/proizvod\/domo-do537fr-friteza-na-vruci-zrak\/"},"modified":"2026-04-20T12:33:54","modified_gmt":"2026-04-20T12:33:54","slug":"domo-do537fr-friteza-na-vruci-zrak","status":"publish","type":"product","link":"https:\/\/singuli.wpress.me\/index.php\/proizvod\/domo-do537fr-friteza-na-vruci-zrak\/","title":{"rendered":"DOMO DO537FR, friteza na vru\u0107i zrak"},"content":{"rendered":"<p>Friteza na vru\u0107i zrak s 2 neovisne zone za kuhanje, tako da nema prijenosa mirisa i okusa. Zone za kuhanje se mogu individualno namjestiti, tako da su prikladne za kori\u0161tenje za razli\u010dite pripreme u isto vrijeme.<br \/>\nMije\u0161ajte i kombinirajte s dvije neovisne zone za kuhanje<br \/>\nRazli\u010dita vremena, razli\u010dite temperature, razli\u010diti programi \u2013 obje su ladice spremne za poslu\u017eivanje u isto vrijeme! U\u017eivajte zajedno u svje\u017ee kuhanim glavnim jelima i prilozima ili se pobrinite za dva razli\u010dita ukusa u isto vrijeme. Uskladite postavke vremena i programa na obje ladice kako biste udvostru\u010dili veli\u010dinu porcije.<br \/>\nVi\u0161e od friteze<br \/>\nUz jednostavne kontrole i digitalni mjera\u010d vremena za odbrojavanje odaberite izme\u0111u osam programa za pripremu ukusnih glavnih jela, priloga i grickalica. Mo\u017eete kuhati \u010dak i smrznuta jela, bez odmrzavanja.<\/p>\n","protected":false},"excerpt":{"rendered":"<p>Do 80% manje masno\u0107e od konvencionalnog pr\u017eenja<br \/>\nBrza cirkulacija zraka za brzo i niskoenergetsko pr\u017eenje<br \/>\nPodesiva temperatura od 80\u00b0C do 200\u02daC<\/p>\n","protected":false},"featured_media":44120,"template":"","meta":{"_seopress_robots_primary_cat":"","_seopress_titles_title":"","_seopress_titles_desc":"","_seopress_robots_index":"","iawp_total_views":0},"product_brand":[255],"product_cat":[266,265,160],"product_tag":[],"class_list":{"0":"post-44119","1":"product","2":"type-product","3":"status-publish","4":"has-post-thumbnail","6":"product_brand-domo","7":"product_cat-aparati-za-kuhanje-265","8":"product_cat-kuhinjski-aparati-160","9":"product_cat-mali-kucanski-aparati","11":"first","12":"outofstock","13":"shipping-taxable","14":"purchasable","15":"product-type-simple"},"_links":{"self":[{"href":"https:\/\/singuli.wpress.me\/index.php\/wp-json\/wp\/v2\/product\/44119","targetHints":{"allow":["GET"]}}],"collection":[{"href":"https:\/\/singuli.wpress.me\/index.php\/wp-json\/wp\/v2\/product"}],"about":[{"href":"https:\/\/singuli.wpress.me\/index.php\/wp-json\/wp\/v2\/types\/product"}],"version-history":[{"count":0,"href":"https:\/\/singuli.wpress.me\/index.php\/wp-json\/wp\/v2\/product\/44119\/revisions"}],"wp:featuredmedia":[{"embeddable":true,"href":"https:\/\/singuli.wpress.me\/index.php\/wp-json\/wp\/v2\/media\/44120"}],"wp:attachment":[{"href":"https:\/\/singuli.wpress.me\/index.php\/wp-json\/wp\/v2\/media?parent=44119"}],"wp:term":[{"taxonomy":"product_brand","embeddable":true,"href":"https:\/\/singuli.wpress.me\/index.php\/wp-json\/wp\/v2\/product_brand?post=44119"},{"taxonomy":"product_cat","embeddable":true,"href":"https:\/\/singuli.wpress.me\/index.php\/wp-json\/wp\/v2\/product_cat?post=44119"},{"taxonomy":"product_tag","embeddable":true,"href":"https:\/\/singuli.wpress.me\/index.php\/wp-json\/wp\/v2\/product_tag?post=44119"}],"curies":[{"name":"wp","href":"https:\/\/api.w.org\/{rel}","templated":true}]}}