{"id":44127,"date":"2026-04-20T00:34:37","date_gmt":"2026-04-20T00:34:37","guid":{"rendered":"https:\/\/singuli.wpress.me\/index.php\/proizvod\/gadus-s2-u460l-2-visenamjenska-mast-18-kg\/"},"modified":"2026-04-20T12:33:54","modified_gmt":"2026-04-20T12:33:54","slug":"gadus-s2-u460l-2-visenamjenska-mast-18-kg","status":"publish","type":"product","link":"https:\/\/singuli.wpress.me\/index.php\/proizvod\/gadus-s2-u460l-2-visenamjenska-mast-18-kg\/","title":{"rendered":"GADUS S2 U460L 2, vi\u0161enamjenska mast, 18\u00a0kg"},"content":{"rendered":"<p>Mast visokih performansi za te\u0161ka optere\u0107enja bazirana na anorganskom ugu\u0161\u010diva\u010du i specijalno odabranom baznom ulju, pru\u017ea zadovoljavaju\u0107e performanse iznad temperaturnih ograni\u010denja masti na bazi litijevog ugu\u0161\u010diva\u010da. Bazno ulje je visokokvalitetno, hidrokreirano viskozno mineralno ulje s odli\u010dnom oksidacijskom stabilno\u0161\u0107u i male isparljivosti. Oksidacijska stabilnost unaprije\u0111ena je dodatkom posebnog visokotemperaturnog inhibitora oskidacije. Ne topi se poput masti na bazi sapunskih ugu\u0161\u010diva\u010da te posljedi\u010dno tome tek neznatno mijenja svoju konzistenciju prilikom pove\u0107anja radne temperature. U le\u017eajevima koji rade pri visokim temperaturama ne omek\u0161ava i pru\u017ea konstantno dobro brtvljenje te kontinuirano podmazivanje \u010dak i uz prisustvo vibracija.<br \/>\nPreporu\u010duje se za le\u017eajeve koji rade u rasponu od -10\u2070C do 180\u2070C. Pod uvjetom da se prilagode intervali domazivanja mo\u017ee se upotrijebiti pri temperaturama od preko 200\u2070C.<\/p>\n","protected":false},"excerpt":{"rendered":"<p>Mast za te\u0161ka optere\u0107enja<br \/>\nPru\u017ea konstantno dobro brtvljenje i kontinuirano podmazivanje kod vibracija<br \/>\nPod uvjetom da se prilagode intervali domazivanja mo\u017ee se upotrijebiti pri temperaturama od preko 200\u2070C<\/p>\n","protected":false},"featured_media":44128,"template":"","meta":{"_seopress_robots_primary_cat":"","_seopress_titles_title":"","_seopress_titles_desc":"","_seopress_robots_index":"","iawp_total_views":0},"product_brand":[413],"product_cat":[268,278],"product_tag":[],"class_list":{"0":"post-44127","1":"product","2":"type-product","3":"status-publish","4":"has-post-thumbnail","6":"product_brand-gadus","7":"product_cat-kozmetika-2","8":"product_cat-njega-tijela-268","10":"first","11":"outofstock","12":"shipping-taxable","13":"purchasable","14":"product-type-simple"},"_links":{"self":[{"href":"https:\/\/singuli.wpress.me\/index.php\/wp-json\/wp\/v2\/product\/44127","targetHints":{"allow":["GET"]}}],"collection":[{"href":"https:\/\/singuli.wpress.me\/index.php\/wp-json\/wp\/v2\/product"}],"about":[{"href":"https:\/\/singuli.wpress.me\/index.php\/wp-json\/wp\/v2\/types\/product"}],"version-history":[{"count":0,"href":"https:\/\/singuli.wpress.me\/index.php\/wp-json\/wp\/v2\/product\/44127\/revisions"}],"wp:featuredmedia":[{"embeddable":true,"href":"https:\/\/singuli.wpress.me\/index.php\/wp-json\/wp\/v2\/media\/44128"}],"wp:attachment":[{"href":"https:\/\/singuli.wpress.me\/index.php\/wp-json\/wp\/v2\/media?parent=44127"}],"wp:term":[{"taxonomy":"product_brand","embeddable":true,"href":"https:\/\/singuli.wpress.me\/index.php\/wp-json\/wp\/v2\/product_brand?post=44127"},{"taxonomy":"product_cat","embeddable":true,"href":"https:\/\/singuli.wpress.me\/index.php\/wp-json\/wp\/v2\/product_cat?post=44127"},{"taxonomy":"product_tag","embeddable":true,"href":"https:\/\/singuli.wpress.me\/index.php\/wp-json\/wp\/v2\/product_tag?post=44127"}],"curies":[{"name":"wp","href":"https:\/\/api.w.org\/{rel}","templated":true}]}}