{"id":44129,"date":"2026-04-20T00:34:38","date_gmt":"2026-04-20T00:34:38","guid":{"rendered":"https:\/\/singuli.wpress.me\/index.php\/proizvod\/ariel-complete-fiber-protection-all-in-1-kapsule-za-pranje-rublja-60-kom\/"},"modified":"2026-04-20T12:33:54","modified_gmt":"2026-04-20T12:33:54","slug":"ariel-complete-fiber-protection-all-in-1-kapsule-za-pranje-rublja-60-kom","status":"publish","type":"product","link":"https:\/\/singuli.wpress.me\/index.php\/proizvod\/ariel-complete-fiber-protection-all-in-1-kapsule-za-pranje-rublja-60-kom\/","title":{"rendered":"ARIEL +Complete Fiber Protection All-in-1, kapsule za pranje rublja, 60\u00a0kom"},"content":{"rendered":"<p>Ariel, brend koji preporu\u010duju Whirlpool, Electrolux, Candy i Beko, predstavlja kapsule <span style=\"font-weight: bold\">Ariel All-in-1 PODS +Complete Fiber Protection<\/span>! Sada imaju i dodatnu ljubi\u010dastu komoru, obnavljaju sjaj boja istovremeno njeguju\u0107i vlakna. Osmi\u0161ljene su za pranje na niskim temperaturama, s jedinstvenim tehnologijama poput <span style=\"font-weight: bold\">tehnologije Cool Clean<\/span>. U dodiru s vodom omot koji je 100% topiv u vodi rastapa se i osloba\u0111a sna\u017ene tehnologije za uklanjanje mrlja, uz kompletnu za\u0161titu vlakana, za dubinsko i sna\u017eno \u010di\u0161\u0107enje kapsulama Ariel All-in-1 PODS +Extra Fiber Care. Uz to, kapsule za pranje rublja Ariel All-in-1 PODS dolaze u pakiranju koje se mo\u017ee reciklirati.<\/p>\n","protected":false},"excerpt":{"rendered":"<p>Dubinsko \u010di\u0161\u0107enje + Complete Fiber Protection: Kapsule za pranje rublja Ariel All-in-1 PODS sada imaju i dodatnu ljubi\u010dastu komoru i obnavljaju sjaj boja dok istovremeno njeguju vlakna<br \/>\nOsmi\u0161ljene za pranje na ni\u017eim temperaturama i cjelovita za\u0161tita vlakana<br \/>\nPreporu\u010dena marka deterd\u017eenta<\/p>\n","protected":false},"featured_media":44130,"template":"","meta":{"_seopress_robots_primary_cat":"","_seopress_titles_title":"","_seopress_titles_desc":"","_seopress_robots_index":"","iawp_total_views":0},"product_brand":[427],"product_cat":[283,238],"product_tag":[],"class_list":{"0":"post-44129","1":"product","2":"type-product","3":"status-publish","4":"has-post-thumbnail","6":"product_brand-ariel","7":"product_cat-pranje-rublja-238","8":"product_cat-sve-za-dom","10":"first","11":"outofstock","12":"shipping-taxable","13":"purchasable","14":"product-type-simple"},"_links":{"self":[{"href":"https:\/\/singuli.wpress.me\/index.php\/wp-json\/wp\/v2\/product\/44129","targetHints":{"allow":["GET"]}}],"collection":[{"href":"https:\/\/singuli.wpress.me\/index.php\/wp-json\/wp\/v2\/product"}],"about":[{"href":"https:\/\/singuli.wpress.me\/index.php\/wp-json\/wp\/v2\/types\/product"}],"version-history":[{"count":0,"href":"https:\/\/singuli.wpress.me\/index.php\/wp-json\/wp\/v2\/product\/44129\/revisions"}],"wp:featuredmedia":[{"embeddable":true,"href":"https:\/\/singuli.wpress.me\/index.php\/wp-json\/wp\/v2\/media\/44130"}],"wp:attachment":[{"href":"https:\/\/singuli.wpress.me\/index.php\/wp-json\/wp\/v2\/media?parent=44129"}],"wp:term":[{"taxonomy":"product_brand","embeddable":true,"href":"https:\/\/singuli.wpress.me\/index.php\/wp-json\/wp\/v2\/product_brand?post=44129"},{"taxonomy":"product_cat","embeddable":true,"href":"https:\/\/singuli.wpress.me\/index.php\/wp-json\/wp\/v2\/product_cat?post=44129"},{"taxonomy":"product_tag","embeddable":true,"href":"https:\/\/singuli.wpress.me\/index.php\/wp-json\/wp\/v2\/product_tag?post=44129"}],"curies":[{"name":"wp","href":"https:\/\/api.w.org\/{rel}","templated":true}]}}