{"id":44140,"date":"2026-04-20T00:34:40","date_gmt":"2026-04-20T00:34:40","guid":{"rendered":"https:\/\/singuli.wpress.me\/index.php\/proizvod\/becutan-deterdzent-i-omeksivac-1-l\/"},"modified":"2026-04-20T12:33:54","modified_gmt":"2026-04-20T12:33:54","slug":"becutan-deterdzent-i-omeksivac-1-l","status":"publish","type":"product","link":"https:\/\/singuli.wpress.me\/index.php\/proizvod\/becutan-deterdzent-i-omeksivac-1-l\/","title":{"rendered":"BECUTAN, deterd\u017eent i omek\u0161iva\u010d, 1\u00a0l"},"content":{"rendered":"<p>Becutan teku\u0107i deterd\u017eent i omek\u0161iva\u010d 2u1 nudi jedinstvenu, maksimalno u\u010dinkovitu formulu koja u jednom koraku uklanja ne\u010disto\u0107e i pru\u017ea vrhunsku meko\u0107u odje\u0107i. Oboga\u0107en prirodnim ekstraktom masline, ovaj proizvod je posebno nje\u017ean prema tkanini, \u0161to ga \u010dini izvrsnim izborom za bebe i osobe s osjetljivom ko\u017eom. Prilago\u0111en je za ru\u010dno i strojno pranje, a nakon uporabe odje\u0107a ostaje \u010dista, mekana i diskretno namirisana prepoznatljivim Becutan mirisom. Proizvod je dermatolo\u0161ki testiran kako bi osigurao sigurnost pri svakom pranju.<\/p>\n","protected":false},"excerpt":{"rendered":"<p>Kombinira snagu deterd\u017eenta za pranje i u\u010dinak omek\u0161iva\u010da, \u0161tede\u0107i vrijeme i prostor<br \/>\nPrirodni sastojak koji doprinosi nje\u017enosti prema osjetljivoj ko\u017ei i \u010duva strukturu vlakana.<br \/>\nSna\u017eno djeluje protiv ne\u010disto\u0107a, ostavljaju\u0107i rublje besprijekorno \u010distim.<\/p>\n","protected":false},"featured_media":44141,"template":"","meta":{"_seopress_robots_primary_cat":"","_seopress_titles_title":"","_seopress_titles_desc":"","_seopress_robots_index":"","iawp_total_views":0},"product_brand":[803],"product_cat":[283,238],"product_tag":[],"class_list":{"0":"post-44140","1":"product","2":"type-product","3":"status-publish","4":"has-post-thumbnail","6":"product_brand-becutan","7":"product_cat-pranje-rublja-238","8":"product_cat-sve-za-dom","10":"first","11":"instock","12":"shipping-taxable","13":"purchasable","14":"product-type-simple"},"_links":{"self":[{"href":"https:\/\/singuli.wpress.me\/index.php\/wp-json\/wp\/v2\/product\/44140","targetHints":{"allow":["GET"]}}],"collection":[{"href":"https:\/\/singuli.wpress.me\/index.php\/wp-json\/wp\/v2\/product"}],"about":[{"href":"https:\/\/singuli.wpress.me\/index.php\/wp-json\/wp\/v2\/types\/product"}],"version-history":[{"count":0,"href":"https:\/\/singuli.wpress.me\/index.php\/wp-json\/wp\/v2\/product\/44140\/revisions"}],"wp:featuredmedia":[{"embeddable":true,"href":"https:\/\/singuli.wpress.me\/index.php\/wp-json\/wp\/v2\/media\/44141"}],"wp:attachment":[{"href":"https:\/\/singuli.wpress.me\/index.php\/wp-json\/wp\/v2\/media?parent=44140"}],"wp:term":[{"taxonomy":"product_brand","embeddable":true,"href":"https:\/\/singuli.wpress.me\/index.php\/wp-json\/wp\/v2\/product_brand?post=44140"},{"taxonomy":"product_cat","embeddable":true,"href":"https:\/\/singuli.wpress.me\/index.php\/wp-json\/wp\/v2\/product_cat?post=44140"},{"taxonomy":"product_tag","embeddable":true,"href":"https:\/\/singuli.wpress.me\/index.php\/wp-json\/wp\/v2\/product_tag?post=44140"}],"curies":[{"name":"wp","href":"https:\/\/api.w.org\/{rel}","templated":true}]}}