{"id":44147,"date":"2026-04-20T00:34:43","date_gmt":"2026-04-20T00:34:43","guid":{"rendered":"https:\/\/singuli.wpress.me\/index.php\/proizvod\/medex-bee-harmony-kapsule-60-kom\/"},"modified":"2026-04-20T12:33:54","modified_gmt":"2026-04-20T12:33:54","slug":"medex-bee-harmony-kapsule-60-kom","status":"publish","type":"product","link":"https:\/\/singuli.wpress.me\/index.php\/proizvod\/medex-bee-harmony-kapsule-60-kom\/","title":{"rendered":"MEDEX Bee Harmony, kapsule, 60\u00a0kom"},"content":{"rendered":"<p><span style=\"font-weight: bold\">Bee Harmony\u2122 kapsule<\/span> &#8211; dodatak prehrani s mati\u010dnom mlije\u010di, \u0161afranom i vitaminima E, B6, D3 i K2. Jedinstvena Royal Balance\u2122 formula sa standardiziranom kombinacijom mati\u010dne mlije\u010di i \u0161afrana te koktelom vitamina (K2 + D3 + E + B6), koji su \u017eenskom tijelu najpotrebniji u zrelijim godinama, poma\u017ee u regulaciji rada hormona i ubla\u017eava simptome menopauze. <\/p>\n<p>Doprinosi i smanjenju umora i iscrpljenosti, emocionalnoj ravnote\u017ei i normalnoj psihi\u010dkoj funkciji. Tako\u0111er poma\u017ee boljem spavanju te doprinosi odr\u017eavanju zdravih kostiju i za\u0161titi stanica od oksidativnog stresa. <\/p>\n<p>Mati\u010dna mlije\u010d jedno je od najve\u0107ih blaga prirode i jedina hrana p\u010delinje matice, najplodnijeg bi\u0107a na svijetu. <\/p>\n<p>Klju\u010dni sastojak mati\u010dne mlije\u010di je nezasi\u0107ena masna kiselina 10-HDA (10-hidroksi decenska kiselina).<\/p>\n<p><span style=\"font-weight: bold\">Preporu\u010dena dnevna doza su 2 kapsule ujutro<\/span>, 30 minuta prije prvog obroka. Preporu\u010dujemo najmanje 2 mjeseca redovite uporabe. <\/p>\n<p><span style=\"font-weight: bold\">Sastojci u preporu\u010denoj dnevnoj dozi (2 kapsule):<\/span>   <br \/>\nRoyal Balance\u2122     364 mg   od toga  :   <br \/>\n10HDA 14 mg, safranal 0.6 mg ; <br \/>\nvitamin   E  15 mg 125% PU;<br \/>\nvitamin B6 2 mg  143% PU; <br \/>\nvitamin D3  10\u03bcg 200% PU, <br \/>\nVitamin K2 75 \u03bcg 100% PU<\/p>\n","protected":false},"excerpt":{"rendered":"<p>Poma\u017ee u regulaciji rada hormona i ubla\u017eava simptome menopauze<br \/>\nDoprinosi i smanjenju umora i iscrpljenosti, emocionalnoj ravnote\u017ei i normalnoj psihi\u010dkoj funkciji<br \/>\nPoma\u017ee boljem spavanju te doprinosi odr\u017eavanju zdravih kostiju i za\u0161titi stanica od oksidativnog stresa<\/p>\n","protected":false},"featured_media":44148,"template":"","meta":{"_seopress_robots_primary_cat":"","_seopress_titles_title":"","_seopress_titles_desc":"","_seopress_robots_index":"","iawp_total_views":0},"product_brand":[415],"product_cat":[211,289],"product_tag":[],"class_list":{"0":"post-44147","1":"product","2":"type-product","3":"status-publish","4":"has-post-thumbnail","6":"product_brand-medex","7":"product_cat-njega-majke-i-djeteta","8":"product_cat-trudnoca-i-vitamini-211","10":"first","11":"instock","12":"shipping-taxable","13":"purchasable","14":"product-type-simple"},"_links":{"self":[{"href":"https:\/\/singuli.wpress.me\/index.php\/wp-json\/wp\/v2\/product\/44147","targetHints":{"allow":["GET"]}}],"collection":[{"href":"https:\/\/singuli.wpress.me\/index.php\/wp-json\/wp\/v2\/product"}],"about":[{"href":"https:\/\/singuli.wpress.me\/index.php\/wp-json\/wp\/v2\/types\/product"}],"version-history":[{"count":0,"href":"https:\/\/singuli.wpress.me\/index.php\/wp-json\/wp\/v2\/product\/44147\/revisions"}],"wp:featuredmedia":[{"embeddable":true,"href":"https:\/\/singuli.wpress.me\/index.php\/wp-json\/wp\/v2\/media\/44148"}],"wp:attachment":[{"href":"https:\/\/singuli.wpress.me\/index.php\/wp-json\/wp\/v2\/media?parent=44147"}],"wp:term":[{"taxonomy":"product_brand","embeddable":true,"href":"https:\/\/singuli.wpress.me\/index.php\/wp-json\/wp\/v2\/product_brand?post=44147"},{"taxonomy":"product_cat","embeddable":true,"href":"https:\/\/singuli.wpress.me\/index.php\/wp-json\/wp\/v2\/product_cat?post=44147"},{"taxonomy":"product_tag","embeddable":true,"href":"https:\/\/singuli.wpress.me\/index.php\/wp-json\/wp\/v2\/product_tag?post=44147"}],"curies":[{"name":"wp","href":"https:\/\/api.w.org\/{rel}","templated":true}]}}