{"id":44161,"date":"2026-04-20T00:34:52","date_gmt":"2026-04-20T00:34:52","guid":{"rendered":"https:\/\/singuli.wpress.me\/index.php\/proizvod\/uhu-magic-ljepilo-u-stiku-2x8-2g82g-24-6-g\/"},"modified":"2026-04-20T12:33:54","modified_gmt":"2026-04-20T12:33:54","slug":"uhu-magic-ljepilo-u-stiku-2x8-2g82g-24-6-g","status":"publish","type":"product","link":"https:\/\/singuli.wpress.me\/index.php\/proizvod\/uhu-magic-ljepilo-u-stiku-2x8-2g82g-24-6-g\/","title":{"rendered":"UHU Magic, ljepilo u stiku, 2&#215;8.2g+8,2g, 24.6\u00a0g"},"content":{"rendered":"<p>Ljepila u sticku, bez otapala, boja pokazuje gdje je ljepilo nane\u0161eno, kada se osu\u0161i, ljepilo postaje prozirno, brzo, \u010disto, ekonomi\u010dno i perivo vodom.<\/p>\n","protected":false},"excerpt":{"rendered":"<p>Bez otapala<br \/>\nBrzo i \u010disto<br \/>\nLako se uklanja vodom<\/p>\n","protected":false},"featured_media":44162,"template":"","meta":{"_seopress_robots_primary_cat":"","_seopress_titles_title":"","_seopress_titles_desc":"","_seopress_robots_index":"","iawp_total_views":0},"product_brand":[445],"product_cat":[264,238],"product_tag":[],"class_list":{"0":"post-44161","1":"product","2":"type-product","3":"status-publish","4":"has-post-thumbnail","6":"product_brand-uhu","7":"product_cat-ljepila-i-brtvila-238","8":"product_cat-sve-za-dom","10":"first","11":"instock","12":"shipping-taxable","13":"purchasable","14":"product-type-simple"},"_links":{"self":[{"href":"https:\/\/singuli.wpress.me\/index.php\/wp-json\/wp\/v2\/product\/44161","targetHints":{"allow":["GET"]}}],"collection":[{"href":"https:\/\/singuli.wpress.me\/index.php\/wp-json\/wp\/v2\/product"}],"about":[{"href":"https:\/\/singuli.wpress.me\/index.php\/wp-json\/wp\/v2\/types\/product"}],"version-history":[{"count":0,"href":"https:\/\/singuli.wpress.me\/index.php\/wp-json\/wp\/v2\/product\/44161\/revisions"}],"wp:featuredmedia":[{"embeddable":true,"href":"https:\/\/singuli.wpress.me\/index.php\/wp-json\/wp\/v2\/media\/44162"}],"wp:attachment":[{"href":"https:\/\/singuli.wpress.me\/index.php\/wp-json\/wp\/v2\/media?parent=44161"}],"wp:term":[{"taxonomy":"product_brand","embeddable":true,"href":"https:\/\/singuli.wpress.me\/index.php\/wp-json\/wp\/v2\/product_brand?post=44161"},{"taxonomy":"product_cat","embeddable":true,"href":"https:\/\/singuli.wpress.me\/index.php\/wp-json\/wp\/v2\/product_cat?post=44161"},{"taxonomy":"product_tag","embeddable":true,"href":"https:\/\/singuli.wpress.me\/index.php\/wp-json\/wp\/v2\/product_tag?post=44161"}],"curies":[{"name":"wp","href":"https:\/\/api.w.org\/{rel}","templated":true}]}}