{"id":44165,"date":"2026-04-20T00:34:54","date_gmt":"2026-04-20T00:34:54","guid":{"rendered":"https:\/\/singuli.wpress.me\/index.php\/proizvod\/dr-oetker-vitalis-hrskavi-musli-dupla-cokolada-300-g\/"},"modified":"2026-04-20T12:33:54","modified_gmt":"2026-04-20T12:33:54","slug":"dr-oetker-vitalis-hrskavi-musli-dupla-cokolada-300-g","status":"publish","type":"product","link":"https:\/\/singuli.wpress.me\/index.php\/proizvod\/dr-oetker-vitalis-hrskavi-musli-dupla-cokolada-300-g\/","title":{"rendered":"DR. OETKER Vitalis, hrskavi musli, dupla \u010dokolada , 300\u00a0g"},"content":{"rendered":"<p>U Vitalis Crunchy Plus Duploj \u010dokoladi zlatno-sme\u0111e pr\u017eene, hrskave pahuljice spajaju se s ukusnom mlije\u010dnom i tamnom \u010dokoladom u posebno hrskavi do\u017eivljaj. Va\u0161 Plus za u\u017eitak u Vitalis Crunchy Plus: + dvostruko \u010dokoladni: ukusna mlije\u010dna i tamna \u010dokolada s 70% kakaa + zlatno-sme\u0111e hrskave pahuljice s 46% integralnih \u017eitarica\u00a0 \u2013 zahvaljuju\u0107i posebnom procesu pr\u017eenja posebno su hrskavi i ukusni.<\/p>\n","protected":false},"excerpt":{"rendered":"<p>Ukusna mlije\u010dna i tamna \u010dokolada<br \/>\nPosebno su hrskavi i ukusni<br \/>\nJednostavno dodajte mlijeko ili jogurt<\/p>\n","protected":false},"featured_media":44166,"template":"","meta":{"_seopress_robots_primary_cat":"","_seopress_titles_title":"","_seopress_titles_desc":"","_seopress_robots_index":"","iawp_total_views":0},"product_brand":[328],"product_cat":[261,307],"product_tag":[],"class_list":{"0":"post-44165","1":"product","2":"type-product","3":"status-publish","4":"has-post-thumbnail","6":"product_brand-dr-oetker","7":"product_cat-hrana-i-pice","8":"product_cat-zitarice-i-dorucak-261","10":"first","11":"outofstock","12":"shipping-taxable","13":"purchasable","14":"product-type-simple"},"_links":{"self":[{"href":"https:\/\/singuli.wpress.me\/index.php\/wp-json\/wp\/v2\/product\/44165","targetHints":{"allow":["GET"]}}],"collection":[{"href":"https:\/\/singuli.wpress.me\/index.php\/wp-json\/wp\/v2\/product"}],"about":[{"href":"https:\/\/singuli.wpress.me\/index.php\/wp-json\/wp\/v2\/types\/product"}],"version-history":[{"count":0,"href":"https:\/\/singuli.wpress.me\/index.php\/wp-json\/wp\/v2\/product\/44165\/revisions"}],"wp:featuredmedia":[{"embeddable":true,"href":"https:\/\/singuli.wpress.me\/index.php\/wp-json\/wp\/v2\/media\/44166"}],"wp:attachment":[{"href":"https:\/\/singuli.wpress.me\/index.php\/wp-json\/wp\/v2\/media?parent=44165"}],"wp:term":[{"taxonomy":"product_brand","embeddable":true,"href":"https:\/\/singuli.wpress.me\/index.php\/wp-json\/wp\/v2\/product_brand?post=44165"},{"taxonomy":"product_cat","embeddable":true,"href":"https:\/\/singuli.wpress.me\/index.php\/wp-json\/wp\/v2\/product_cat?post=44165"},{"taxonomy":"product_tag","embeddable":true,"href":"https:\/\/singuli.wpress.me\/index.php\/wp-json\/wp\/v2\/product_tag?post=44165"}],"curies":[{"name":"wp","href":"https:\/\/api.w.org\/{rel}","templated":true}]}}