{"id":44172,"date":"2026-04-20T00:34:56","date_gmt":"2026-04-20T00:34:56","guid":{"rendered":"https:\/\/singuli.wpress.me\/index.php\/proizvod\/twistshake-6u1-baby-kuhalo-crno\/"},"modified":"2026-04-20T12:33:54","modified_gmt":"2026-04-20T12:33:54","slug":"twistshake-6u1-baby-kuhalo-crno","status":"publish","type":"product","link":"https:\/\/singuli.wpress.me\/index.php\/proizvod\/twistshake-6u1-baby-kuhalo-crno\/","title":{"rendered":"TWISTSHAKE, 6u1 Baby kuhalo, crno"},"content":{"rendered":"<p>Twistshake food kuhalo nije samo pametni vi\u0161enamjenski ure\u0111aj, ve\u0107 je i najbolji prijatelj roditelja u kuhinji. Kuhalo 6 u 1 je savr\u0161en izbor jer zamjenjuje 6 kuhinjskih aparata u va\u0161oj kuhinji i izuzetno je jednostavan za kori\u0161tenje i \u010di\u0161\u0107enje. Priprema hrane za bebu \u0107e postati jednostavna, zabavna i brza. Funkcije 6u1: kuhanje na pari, grijanje, steriliziranje, \u010duvanje temperature, uklanjenje kamenca i miksanje. Twistshake kuhalo nije samo pametni vi\u0161enamjenski ure\u0111aj, ve\u0107 je i najbolji prijatelj roditelja u kuhinji. Kuhalo 6 u 1 je savr\u0161en izbor jer zamjenjuje 6 kuhinjskih aparata u va\u0161oj kuhinji i izuzetno je jednostavan za kori\u0161tenje i \u010di\u0161\u0107enje.<\/p>\n<p>Priprema hrane za bebu \u0107e postati jednostavna, zabavna i brza.<\/p>\n<p><span style=\"font-weight: bold\">Prednosti vi\u0161enamjenskog kuhinjskog aparata<\/span>:<br \/>\n-Jednostavna uporaba i priprema jela<br \/>\n-Lako \u010di\u0161\u0107enje<br \/>\n-Uz aparat besplatno dobijete i posudicu za kuhanje ri\u017ee, tjestenina i \u017eitarica<br \/>\n-U isto vrijeme mo\u017eete pripremiti nekoliko razli\u010ditih jela<br \/>\n-Jednostavno namje\u0161canje odgovaraju\u0107e i ravnomjerne temperature<br \/>\n-Omogu\u0107uje jednostavno mije\u0161anje, grijanje, parenje i sterilizaciju ure\u0111aja<br \/>\n-Neka kuhalo pripremi obrok za va\u0161u djecu, vi mo\u017eete istovremeno igrati se sa va\u0161im djetetom!<\/p>\n<p><span style=\"font-weight: bold\">Funkcije 6 u 1:<br \/>\n<\/span>Parenje &#8211; kuhajte vo\u0107e, povr\u0107e, meso, ri\u017eu i ostale namirnice.<br \/>\nMije\u0161anje &#8211; jednostavno kombinirate omiljenu hranu i pripremite pire, smoothie,..<br \/>\nGrijanje &#8211; koristite ga kao grija\u010d za formulu za mlijeko ili za doma\u0107i pire.<br \/>\nSterilizacija &#8211; jednostavno sterilizirajte bocice i dude.<br \/>\nO\u010duvanje temperature &#8211; omogu\u0107uje \u010duvanje tople dje\u010dje hrane ili dje\u010djih bo\u010dica na ograni\u010deno vrijeme.<br \/>\nUklanjanje kamenca &#8211; automatski sustav za uklanjanje kamenca jednim dodirom tipk<\/p>\n","protected":false},"excerpt":{"rendered":"<p>Automatsko kuhanje uz jednostavan zaslon osjetljiv na dodir<br \/>\nKuhanje na pari odr\u017eava vitamine i minerale u hrani<br \/>\nSvi dijelovi kuhala izra\u0111eni su od sigurnih materijala za va\u0161e i va\u0161e dijete<\/p>\n","protected":false},"featured_media":44173,"template":"","meta":{"_seopress_robots_primary_cat":"","_seopress_titles_title":"","_seopress_titles_desc":"","_seopress_robots_index":"","iawp_total_views":0},"product_brand":[433],"product_cat":[211,286,287],"product_tag":[],"class_list":{"0":"post-44172","1":"product","2":"type-product","3":"status-publish","4":"has-post-thumbnail","6":"product_brand-twistshake","7":"product_cat-njega-majke-i-djeteta","8":"product_cat-oprema-za-bebe-211","9":"product_cat-za-bebe-286","11":"first","12":"outofstock","13":"shipping-taxable","14":"purchasable","15":"product-type-simple"},"_links":{"self":[{"href":"https:\/\/singuli.wpress.me\/index.php\/wp-json\/wp\/v2\/product\/44172","targetHints":{"allow":["GET"]}}],"collection":[{"href":"https:\/\/singuli.wpress.me\/index.php\/wp-json\/wp\/v2\/product"}],"about":[{"href":"https:\/\/singuli.wpress.me\/index.php\/wp-json\/wp\/v2\/types\/product"}],"version-history":[{"count":0,"href":"https:\/\/singuli.wpress.me\/index.php\/wp-json\/wp\/v2\/product\/44172\/revisions"}],"wp:featuredmedia":[{"embeddable":true,"href":"https:\/\/singuli.wpress.me\/index.php\/wp-json\/wp\/v2\/media\/44173"}],"wp:attachment":[{"href":"https:\/\/singuli.wpress.me\/index.php\/wp-json\/wp\/v2\/media?parent=44172"}],"wp:term":[{"taxonomy":"product_brand","embeddable":true,"href":"https:\/\/singuli.wpress.me\/index.php\/wp-json\/wp\/v2\/product_brand?post=44172"},{"taxonomy":"product_cat","embeddable":true,"href":"https:\/\/singuli.wpress.me\/index.php\/wp-json\/wp\/v2\/product_cat?post=44172"},{"taxonomy":"product_tag","embeddable":true,"href":"https:\/\/singuli.wpress.me\/index.php\/wp-json\/wp\/v2\/product_tag?post=44172"}],"curies":[{"name":"wp","href":"https:\/\/api.w.org\/{rel}","templated":true}]}}