{"id":44179,"date":"2026-04-20T00:35:04","date_gmt":"2026-04-20T00:35:04","guid":{"rendered":"https:\/\/singuli.wpress.me\/index.php\/proizvod\/heinz-worcester-umak-150-ml\/"},"modified":"2026-04-20T12:33:54","modified_gmt":"2026-04-20T12:33:54","slug":"heinz-worcester-umak-150-ml","status":"publish","type":"product","link":"https:\/\/singuli.wpress.me\/index.php\/proizvod\/heinz-worcester-umak-150-ml\/","title":{"rendered":"HEINZ, Worcester umak, 150\u00a0ml"},"content":{"rendered":"<p>Heinz Worcester umak je popularan proizvod koji se koristi \u0161irom svijeta. Heinz je poznati brend koji proizvodi razne prehrambene proizvode, a Worcester umak je jedan od njih.<\/p>\n<p>Heinz Worcester umak je tamna teku\u0107ina s karakteristi\u010dnim okusom koji kombinira slatko\u0107u, kiselost i za\u010dinjenost. Ovaj umak je napravljen od fermentirane smjese octa, \u0161e\u0107era, soli, za\u010dina i drugih sastojaka. Njegov jedinstveni okus dodaje intenzitet i dubinu jelima kojima se dodaje.<\/p>\n<p>\u010cesto se koristi kao sastojak u mnogim jelima. Mo\u017ee se dodati jelima poput mesnih marinada, umaka, salata, juha i ro\u0161tilja kako bi se pobolj\u0161ao okus. Tako\u0111er je popularan kao umak za dodavanje okusa sendvi\u010dima, hamburgerima i ostalim jelima.<\/p>\n<p>Dolazi u prakti\u010dnim bo\u010dicama koje su jednostavne za upotrebu i \u010duvanje. Mo\u017ee se lako dozirati i dodavati jelima prema \u017eeljenom okusu.<\/p>\n<p>Kao i ostali proizvodi Heinz, Worcester umak se proizvodi s visokim standardima kvalitete i sigurnosti hrane. Brend Heinz je poznat po svom dugogodi\u0161njem iskustvu i predanosti u proizvodnji vrhunskih prehrambenih proizvoda.<\/p>\n<p>Ukratko, Heinz Worcester umak je popularan proizvod koji nudi jedinstveni slatko-kiseli i za\u010dinjeni okus. Njegova raznolika upotreba \u010dini ga pogodnim za razna jela, dodaju\u0107i im intenzitet i dubinu okusa.<\/p>\n","protected":false},"excerpt":{"rendered":"<p>Karakteristi\u010dnim okus koji kombinira slatko\u0107u, kiselost i za\u010dinjenost<br \/>\nIzra\u0111en od pa\u017eljivo odabranih sastojaka<br \/>\nProizvodi se s visokim standardima kvalitete i sigurnosti hrane<\/p>\n","protected":false},"featured_media":44180,"template":"","meta":{"_seopress_robots_primary_cat":"","_seopress_titles_title":"","_seopress_titles_desc":"","_seopress_robots_index":"","iawp_total_views":0},"product_brand":[395],"product_cat":[266,265,160],"product_tag":[],"class_list":{"0":"post-44179","1":"product","2":"type-product","3":"status-publish","4":"has-post-thumbnail","6":"product_brand-heinz","7":"product_cat-aparati-za-kuhanje-265","8":"product_cat-kuhinjski-aparati-160","9":"product_cat-mali-kucanski-aparati","11":"first","12":"instock","13":"shipping-taxable","14":"purchasable","15":"product-type-simple"},"_links":{"self":[{"href":"https:\/\/singuli.wpress.me\/index.php\/wp-json\/wp\/v2\/product\/44179","targetHints":{"allow":["GET"]}}],"collection":[{"href":"https:\/\/singuli.wpress.me\/index.php\/wp-json\/wp\/v2\/product"}],"about":[{"href":"https:\/\/singuli.wpress.me\/index.php\/wp-json\/wp\/v2\/types\/product"}],"version-history":[{"count":0,"href":"https:\/\/singuli.wpress.me\/index.php\/wp-json\/wp\/v2\/product\/44179\/revisions"}],"wp:featuredmedia":[{"embeddable":true,"href":"https:\/\/singuli.wpress.me\/index.php\/wp-json\/wp\/v2\/media\/44180"}],"wp:attachment":[{"href":"https:\/\/singuli.wpress.me\/index.php\/wp-json\/wp\/v2\/media?parent=44179"}],"wp:term":[{"taxonomy":"product_brand","embeddable":true,"href":"https:\/\/singuli.wpress.me\/index.php\/wp-json\/wp\/v2\/product_brand?post=44179"},{"taxonomy":"product_cat","embeddable":true,"href":"https:\/\/singuli.wpress.me\/index.php\/wp-json\/wp\/v2\/product_cat?post=44179"},{"taxonomy":"product_tag","embeddable":true,"href":"https:\/\/singuli.wpress.me\/index.php\/wp-json\/wp\/v2\/product_tag?post=44179"}],"curies":[{"name":"wp","href":"https:\/\/api.w.org\/{rel}","templated":true}]}}