{"id":44183,"date":"2026-04-20T00:35:05","date_gmt":"2026-04-20T00:35:05","guid":{"rendered":"https:\/\/singuli.wpress.me\/index.php\/proizvod\/braun-thermoscan-3-toplomjer-za-uho-irt3030\/"},"modified":"2026-04-20T12:33:54","modified_gmt":"2026-04-20T12:33:54","slug":"braun-thermoscan-3-toplomjer-za-uho-irt3030","status":"publish","type":"product","link":"https:\/\/singuli.wpress.me\/index.php\/proizvod\/braun-thermoscan-3-toplomjer-za-uho-irt3030\/","title":{"rendered":"BRAUN Thermoscan 3, toplomjer za uho, IRT3030"},"content":{"rendered":"<p><span style=\"font-weight: bold\">Braun ThermoScan\u00ae 3 IRT 3030 digitalni infracrveni toplomje<\/span>r za mjerenje tjelesne temperature u uhu. Prikladan je za kori\u0161tenje cijele obitelji, isto kao i kod novoro\u0111en\u010dadi.  Jednostavan za kori\u0161tenje, nje\u017ean i brz, \u010ditanje temperature u samo jednoj sekundi. <\/p>\n<p><span style=\"font-weight: bold\">NA\u010cIN UPOTREBE:<\/span> Nakon o\u010ditanja, termometar \u0107e zvu\u010dnim signalom odrediti visinu temperature prema broju zvu\u010dnih signala: normalna, povi\u0161ena ili visoka temperatura. <br \/>\n1. Zvu\u010dni signal ukazuje na normalnu temperaturu<br \/>\n2. Uzastopni zvu\u010dni signal ukazuje na povi\u0161enu temperaturu  <br \/>\n3. Zvu\u010dni signal ukazuju na visoku temperaturu<\/p>\n","protected":false},"excerpt":{"rendered":"<p>Digitalni infracrveni toplomjer za mjerenje tjelesne temperature u uhu<br \/>\nPrikladan za kori\u0161tenje cijele obitelji<br \/>\nPrema broju zvu\u010dnih signala se odre\u0111uje visina temperature<\/p>\n","protected":false},"featured_media":44184,"template":"","meta":{"_seopress_robots_primary_cat":"","_seopress_titles_title":"","_seopress_titles_desc":"","_seopress_robots_index":"","iawp_total_views":0},"product_brand":[144],"product_cat":[192,267],"product_tag":[],"class_list":{"0":"post-44183","1":"product","2":"type-product","3":"status-publish","4":"has-post-thumbnail","6":"product_brand-braun","7":"product_cat-aparati-za-osobnu-njegu","8":"product_cat-zdravstveni-uredaji-192","10":"first","11":"instock","12":"shipping-taxable","13":"purchasable","14":"product-type-simple"},"_links":{"self":[{"href":"https:\/\/singuli.wpress.me\/index.php\/wp-json\/wp\/v2\/product\/44183","targetHints":{"allow":["GET"]}}],"collection":[{"href":"https:\/\/singuli.wpress.me\/index.php\/wp-json\/wp\/v2\/product"}],"about":[{"href":"https:\/\/singuli.wpress.me\/index.php\/wp-json\/wp\/v2\/types\/product"}],"version-history":[{"count":0,"href":"https:\/\/singuli.wpress.me\/index.php\/wp-json\/wp\/v2\/product\/44183\/revisions"}],"wp:featuredmedia":[{"embeddable":true,"href":"https:\/\/singuli.wpress.me\/index.php\/wp-json\/wp\/v2\/media\/44184"}],"wp:attachment":[{"href":"https:\/\/singuli.wpress.me\/index.php\/wp-json\/wp\/v2\/media?parent=44183"}],"wp:term":[{"taxonomy":"product_brand","embeddable":true,"href":"https:\/\/singuli.wpress.me\/index.php\/wp-json\/wp\/v2\/product_brand?post=44183"},{"taxonomy":"product_cat","embeddable":true,"href":"https:\/\/singuli.wpress.me\/index.php\/wp-json\/wp\/v2\/product_cat?post=44183"},{"taxonomy":"product_tag","embeddable":true,"href":"https:\/\/singuli.wpress.me\/index.php\/wp-json\/wp\/v2\/product_tag?post=44183"}],"curies":[{"name":"wp","href":"https:\/\/api.w.org\/{rel}","templated":true}]}}