{"id":44191,"date":"2026-04-20T00:35:09","date_gmt":"2026-04-20T00:35:09","guid":{"rendered":"https:\/\/singuli.wpress.me\/index.php\/proizvod\/honeywell-comfort-control-stolni-ventilator-htf1220be4\/"},"modified":"2026-04-20T12:33:54","modified_gmt":"2026-04-20T12:33:54","slug":"honeywell-comfort-control-stolni-ventilator-htf1220be4","status":"publish","type":"product","link":"https:\/\/singuli.wpress.me\/index.php\/proizvod\/honeywell-comfort-control-stolni-ventilator-htf1220be4\/","title":{"rendered":"HONEYWELL Comfort Control, stolni ventilator, HTF1220BE4"},"content":{"rendered":"<p>Comfort Control stolni ventilator ima tri lopatice koje osiguravaju kvalitetno hla\u0111enje zraka. Stabilna postavka stola savr\u0161ena je za hla\u0111enje prostorije ili ureda. Omogu\u0107uje tri brzine rada. 90\u00b0 oscilacija i 30\u00b0 pode\u0161avanje kuta glave.<br \/>\nZa\u0161titna mre\u017ea se mo\u017ee ukloniti za temeljito \u010di\u0161\u0107enje. Ima jednostavno upravljanje pomo\u0107u gumba.<\/p>\n","protected":false},"excerpt":{"rendered":"<p>Omogu\u0107uje tri brzine rada<br \/>\nOscilacija od 90\u00b0 i pode\u0161avanje kuta glave od 30\u00b0<br \/>\nJednostavan rad s gumbima<\/p>\n","protected":false},"featured_media":44192,"template":"","meta":{"_seopress_robots_primary_cat":"","_seopress_titles_title":"","_seopress_titles_desc":"","_seopress_robots_index":"","iawp_total_views":0},"product_brand":[506],"product_cat":[184,160],"product_tag":[],"class_list":{"0":"post-44191","1":"product","2":"type-product","3":"status-publish","4":"has-post-thumbnail","6":"product_brand-honeywell","7":"product_cat-kvaliteta-zraka-i-grijanje","8":"product_cat-mali-kucanski-aparati","10":"first","11":"outofstock","12":"shipping-taxable","13":"purchasable","14":"product-type-simple"},"_links":{"self":[{"href":"https:\/\/singuli.wpress.me\/index.php\/wp-json\/wp\/v2\/product\/44191","targetHints":{"allow":["GET"]}}],"collection":[{"href":"https:\/\/singuli.wpress.me\/index.php\/wp-json\/wp\/v2\/product"}],"about":[{"href":"https:\/\/singuli.wpress.me\/index.php\/wp-json\/wp\/v2\/types\/product"}],"version-history":[{"count":0,"href":"https:\/\/singuli.wpress.me\/index.php\/wp-json\/wp\/v2\/product\/44191\/revisions"}],"wp:featuredmedia":[{"embeddable":true,"href":"https:\/\/singuli.wpress.me\/index.php\/wp-json\/wp\/v2\/media\/44192"}],"wp:attachment":[{"href":"https:\/\/singuli.wpress.me\/index.php\/wp-json\/wp\/v2\/media?parent=44191"}],"wp:term":[{"taxonomy":"product_brand","embeddable":true,"href":"https:\/\/singuli.wpress.me\/index.php\/wp-json\/wp\/v2\/product_brand?post=44191"},{"taxonomy":"product_cat","embeddable":true,"href":"https:\/\/singuli.wpress.me\/index.php\/wp-json\/wp\/v2\/product_cat?post=44191"},{"taxonomy":"product_tag","embeddable":true,"href":"https:\/\/singuli.wpress.me\/index.php\/wp-json\/wp\/v2\/product_tag?post=44191"}],"curies":[{"name":"wp","href":"https:\/\/api.w.org\/{rel}","templated":true}]}}