{"id":44212,"date":"2026-04-20T00:35:19","date_gmt":"2026-04-20T00:35:19","guid":{"rendered":"https:\/\/singuli.wpress.me\/index.php\/proizvod\/ariel-revita-black-tekuci-deterdzent-za-pranje-rublja-2-145l-39-pranja\/"},"modified":"2026-04-21T00:27:26","modified_gmt":"2026-04-21T00:27:26","slug":"ariel-revita-black-tekuci-deterdzent-za-pranje-rublja-2-145l-39-pranja","status":"publish","type":"product","link":"https:\/\/singuli.wpress.me\/index.php\/proizvod\/ariel-revita-black-tekuci-deterdzent-za-pranje-rublja-2-145l-39-pranja\/","title":{"rendered":"ARIEL +Revita Black, teku\u0107i deterd\u017eent za pranje rublja, 2.145l, 39\u00a0pranja"},"content":{"rendered":"<p>Teku\u0107i deterd\u017eent za pranje rublja Ariel +Revitablack pru\u017ea iznimnu \u010disto\u0107u te obnavlja crnu i tamnu odje\u0107u \u010dak i pri pranju na niskim temperaturama. Tvrdokorne mrlje prvo tretirajte teku\u0107im deterd\u017eentom Ariel, a zatim operite rublje u perilici. <\/p>\n<p>Za najbolje rezultate \u010dep s deterd\u017eentom stavite izravno u bubanj perilice rublja. <\/p>\n<p>Deterd\u017eent Ariel +Revitablack dostupan je i u kapsulama PODs.<\/p>\n","protected":false},"excerpt":{"rendered":"<p>Teku\u0107i deterd\u017eent za crno i tamno rublje<br \/>\nU\u010dinkovit je i kod pranja hladnom vodom<br \/>\nTehnologija o\u010duvanja tkanine<\/p>\n","protected":false},"featured_media":44213,"template":"","meta":{"_seopress_robots_primary_cat":"","_seopress_titles_title":"","_seopress_titles_desc":"","_seopress_robots_index":"","iawp_total_views":0},"product_brand":[427],"product_cat":[283,238],"product_tag":[],"class_list":{"0":"post-44212","1":"product","2":"type-product","3":"status-publish","4":"has-post-thumbnail","6":"product_brand-ariel","7":"product_cat-pranje-rublja-238","8":"product_cat-sve-za-dom","10":"first","11":"outofstock","12":"shipping-taxable","13":"purchasable","14":"product-type-simple"},"_links":{"self":[{"href":"https:\/\/singuli.wpress.me\/index.php\/wp-json\/wp\/v2\/product\/44212","targetHints":{"allow":["GET"]}}],"collection":[{"href":"https:\/\/singuli.wpress.me\/index.php\/wp-json\/wp\/v2\/product"}],"about":[{"href":"https:\/\/singuli.wpress.me\/index.php\/wp-json\/wp\/v2\/types\/product"}],"version-history":[{"count":0,"href":"https:\/\/singuli.wpress.me\/index.php\/wp-json\/wp\/v2\/product\/44212\/revisions"}],"wp:featuredmedia":[{"embeddable":true,"href":"https:\/\/singuli.wpress.me\/index.php\/wp-json\/wp\/v2\/media\/44213"}],"wp:attachment":[{"href":"https:\/\/singuli.wpress.me\/index.php\/wp-json\/wp\/v2\/media?parent=44212"}],"wp:term":[{"taxonomy":"product_brand","embeddable":true,"href":"https:\/\/singuli.wpress.me\/index.php\/wp-json\/wp\/v2\/product_brand?post=44212"},{"taxonomy":"product_cat","embeddable":true,"href":"https:\/\/singuli.wpress.me\/index.php\/wp-json\/wp\/v2\/product_cat?post=44212"},{"taxonomy":"product_tag","embeddable":true,"href":"https:\/\/singuli.wpress.me\/index.php\/wp-json\/wp\/v2\/product_tag?post=44212"}],"curies":[{"name":"wp","href":"https:\/\/api.w.org\/{rel}","templated":true}]}}