{"id":44214,"date":"2026-04-20T00:35:19","date_gmt":"2026-04-20T00:35:19","guid":{"rendered":"https:\/\/singuli.wpress.me\/index.php\/proizvod\/angry-birds-loptice\/"},"modified":"2026-04-21T00:27:26","modified_gmt":"2026-04-21T00:27:26","slug":"angry-birds-loptice","status":"publish","type":"product","link":"https:\/\/singuli.wpress.me\/index.php\/proizvod\/angry-birds-loptice\/","title":{"rendered":"ANGRY BIRDS, loptice"},"content":{"rendered":"<p>\u201cAngry Balls\u201d &#8211; skulpture u veli\u010dini bejzbol loptice. Odsko\u010di, stisni I baci! U pakiranju dobiva\u0161 jednu Angry birds lopticu. Dob 4+<\/p>\n","protected":false},"excerpt":{"rendered":"<p>Skulpture u veli\u010dini bejzbol loptice<br \/>\nU pakiranju je jedna Angry birds loptica<br \/>\nDob: 4+ god<\/p>\n","protected":false},"featured_media":44215,"template":"","meta":{"_seopress_robots_primary_cat":"","_seopress_titles_title":"","_seopress_titles_desc":"","_seopress_robots_index":"","iawp_total_views":0},"product_brand":[893],"product_cat":[221,263],"product_tag":[],"class_list":{"0":"post-44214","1":"product","2":"type-product","3":"status-publish","4":"has-post-thumbnail","6":"product_brand-angry-birds","7":"product_cat-igracke","8":"product_cat-tematske-igracke-221","10":"first","11":"instock","12":"shipping-taxable","13":"purchasable","14":"product-type-simple"},"_links":{"self":[{"href":"https:\/\/singuli.wpress.me\/index.php\/wp-json\/wp\/v2\/product\/44214","targetHints":{"allow":["GET"]}}],"collection":[{"href":"https:\/\/singuli.wpress.me\/index.php\/wp-json\/wp\/v2\/product"}],"about":[{"href":"https:\/\/singuli.wpress.me\/index.php\/wp-json\/wp\/v2\/types\/product"}],"version-history":[{"count":0,"href":"https:\/\/singuli.wpress.me\/index.php\/wp-json\/wp\/v2\/product\/44214\/revisions"}],"wp:featuredmedia":[{"embeddable":true,"href":"https:\/\/singuli.wpress.me\/index.php\/wp-json\/wp\/v2\/media\/44215"}],"wp:attachment":[{"href":"https:\/\/singuli.wpress.me\/index.php\/wp-json\/wp\/v2\/media?parent=44214"}],"wp:term":[{"taxonomy":"product_brand","embeddable":true,"href":"https:\/\/singuli.wpress.me\/index.php\/wp-json\/wp\/v2\/product_brand?post=44214"},{"taxonomy":"product_cat","embeddable":true,"href":"https:\/\/singuli.wpress.me\/index.php\/wp-json\/wp\/v2\/product_cat?post=44214"},{"taxonomy":"product_tag","embeddable":true,"href":"https:\/\/singuli.wpress.me\/index.php\/wp-json\/wp\/v2\/product_tag?post=44214"}],"curies":[{"name":"wp","href":"https:\/\/api.w.org\/{rel}","templated":true}]}}