{"id":44226,"date":"2026-04-20T00:35:23","date_gmt":"2026-04-20T00:35:23","guid":{"rendered":"https:\/\/singuli.wpress.me\/index.php\/proizvod\/gillette-blue3-cool-jednokratne-britvice-8-kom\/"},"modified":"2026-04-20T12:33:54","modified_gmt":"2026-04-20T12:33:54","slug":"gillette-blue3-cool-jednokratne-britvice-8-kom","status":"publish","type":"product","link":"https:\/\/singuli.wpress.me\/index.php\/proizvod\/gillette-blue3-cool-jednokratne-britvice-8-kom\/","title":{"rendered":"GILLETTE Blue3 Cool, jednokratne britvice, 8\u00a0kom"},"content":{"rendered":"<p>Gillette Blue3 Cool jednokratna je britvica \u010dije 3 o\u0161trice presvu\u010dene kromom osiguravaju do 10 osvje\u017eavaju\u0107ih brijanja. Glava pokretljiva za 40\u00b0 lijepo se prilago\u0111ava konturama lica, a o\u0161trice se znatno lak\u0161e ispiru nego kod britvica Blue II Plus. Lubrikantna trakica s tehnologijom Comfortfresh aktivira se u dodiru s vodom za dodatnu svje\u017einu i ugodnost, dok gumena protuklizna dr\u0161ka britvice Gillette Blue3 Cool dobro sjedi u ruci za bolju kontrolu i preciznost brijanja.<\/p>\n","protected":false},"excerpt":{"rendered":"<p>gumena protuklizna dr\u0161ka za bolju kontrolu<br \/>\npokretna glava prilago\u0111ava se konturama lica<br \/>\n8 jednokratnih britvica s po 3 nje\u017ene o\u0161trice<\/p>\n","protected":false},"featured_media":44227,"template":"","meta":{"_seopress_robots_primary_cat":"","_seopress_titles_title":"","_seopress_titles_desc":"","_seopress_robots_index":"","iawp_total_views":0},"product_brand":[323],"product_cat":[280,192,279],"product_tag":[],"class_list":{"0":"post-44226","1":"product","2":"type-product","3":"status-publish","4":"has-post-thumbnail","6":"product_brand-gillette","7":"product_cat-aparati-za-muskarce-279","8":"product_cat-aparati-za-osobnu-njegu","9":"product_cat-brijanje-i-sisanje-192","11":"first","12":"instock","13":"shipping-taxable","14":"purchasable","15":"product-type-simple"},"_links":{"self":[{"href":"https:\/\/singuli.wpress.me\/index.php\/wp-json\/wp\/v2\/product\/44226","targetHints":{"allow":["GET"]}}],"collection":[{"href":"https:\/\/singuli.wpress.me\/index.php\/wp-json\/wp\/v2\/product"}],"about":[{"href":"https:\/\/singuli.wpress.me\/index.php\/wp-json\/wp\/v2\/types\/product"}],"version-history":[{"count":0,"href":"https:\/\/singuli.wpress.me\/index.php\/wp-json\/wp\/v2\/product\/44226\/revisions"}],"wp:featuredmedia":[{"embeddable":true,"href":"https:\/\/singuli.wpress.me\/index.php\/wp-json\/wp\/v2\/media\/44227"}],"wp:attachment":[{"href":"https:\/\/singuli.wpress.me\/index.php\/wp-json\/wp\/v2\/media?parent=44226"}],"wp:term":[{"taxonomy":"product_brand","embeddable":true,"href":"https:\/\/singuli.wpress.me\/index.php\/wp-json\/wp\/v2\/product_brand?post=44226"},{"taxonomy":"product_cat","embeddable":true,"href":"https:\/\/singuli.wpress.me\/index.php\/wp-json\/wp\/v2\/product_cat?post=44226"},{"taxonomy":"product_tag","embeddable":true,"href":"https:\/\/singuli.wpress.me\/index.php\/wp-json\/wp\/v2\/product_tag?post=44226"}],"curies":[{"name":"wp","href":"https:\/\/api.w.org\/{rel}","templated":true}]}}