{"id":44228,"date":"2026-04-20T00:35:23","date_gmt":"2026-04-20T00:35:23","guid":{"rendered":"https:\/\/singuli.wpress.me\/index.php\/proizvod\/casali-cokoladne-kuglice-rum-kokos-100-g\/"},"modified":"2026-04-20T12:33:54","modified_gmt":"2026-04-20T12:33:54","slug":"casali-cokoladne-kuglice-rum-kokos-100-g","status":"publish","type":"product","link":"https:\/\/singuli.wpress.me\/index.php\/proizvod\/casali-cokoladne-kuglice-rum-kokos-100-g\/","title":{"rendered":"CASALI, \u010dokoladne kuglice, rum &#8211; kokos, 100\u00a0g"},"content":{"rendered":"<p>Sa svakom kuglicom rum kokosa u vama se budi nova iskra \u017eivota, kako god je konzumirali. Strastveno, kada je mahnito zagrizete, ili nje\u017eno, kada polako i sa zadovoljstvom li\u017eete kuglicu dok ne do\u0111ete do teku\u0107eg punjenja.<\/p>\n<p>Ovaj trenutak zadovoljstva zaista je vi\u0161estruk! Svaka kuglica rum kokos puna je egzotike. Sastoji se od teku\u0107e jezgre s pravim rumom od \u0161e\u0107erne trske okru\u017eene nekoliko slojeva \u010dokolade koja se lagano topi sa sitno naribanim kokosom. Upravo ta vi\u0161estruka priroda \u010dini kuglice s rumom i kokosom tako jedinstvenima.<\/p>\n","protected":false},"excerpt":{"rendered":"<p>Teku\u0107a jezgra s pravim rumom od \u0161e\u0107erne trske<br \/>\nNekoliko slojeva \u010dokolade<br \/>\nJedinstveni okus<\/p>\n","protected":false},"featured_media":44229,"template":"","meta":{"_seopress_robots_primary_cat":"","_seopress_titles_title":"","_seopress_titles_desc":"","_seopress_robots_index":"","iawp_total_views":0},"product_brand":[439],"product_cat":[261,277],"product_tag":[],"class_list":{"0":"post-44228","1":"product","2":"type-product","3":"status-publish","4":"has-post-thumbnail","6":"product_brand-casali","7":"product_cat-hrana-i-pice","8":"product_cat-slatkisi-i-grickalice-261","10":"first","11":"instock","12":"shipping-taxable","13":"purchasable","14":"product-type-simple"},"_links":{"self":[{"href":"https:\/\/singuli.wpress.me\/index.php\/wp-json\/wp\/v2\/product\/44228","targetHints":{"allow":["GET"]}}],"collection":[{"href":"https:\/\/singuli.wpress.me\/index.php\/wp-json\/wp\/v2\/product"}],"about":[{"href":"https:\/\/singuli.wpress.me\/index.php\/wp-json\/wp\/v2\/types\/product"}],"version-history":[{"count":0,"href":"https:\/\/singuli.wpress.me\/index.php\/wp-json\/wp\/v2\/product\/44228\/revisions"}],"wp:featuredmedia":[{"embeddable":true,"href":"https:\/\/singuli.wpress.me\/index.php\/wp-json\/wp\/v2\/media\/44229"}],"wp:attachment":[{"href":"https:\/\/singuli.wpress.me\/index.php\/wp-json\/wp\/v2\/media?parent=44228"}],"wp:term":[{"taxonomy":"product_brand","embeddable":true,"href":"https:\/\/singuli.wpress.me\/index.php\/wp-json\/wp\/v2\/product_brand?post=44228"},{"taxonomy":"product_cat","embeddable":true,"href":"https:\/\/singuli.wpress.me\/index.php\/wp-json\/wp\/v2\/product_cat?post=44228"},{"taxonomy":"product_tag","embeddable":true,"href":"https:\/\/singuli.wpress.me\/index.php\/wp-json\/wp\/v2\/product_tag?post=44228"}],"curies":[{"name":"wp","href":"https:\/\/api.w.org\/{rel}","templated":true}]}}