{"id":44235,"date":"2026-04-20T00:35:25","date_gmt":"2026-04-20T00:35:25","guid":{"rendered":"https:\/\/singuli.wpress.me\/index.php\/proizvod\/domo-do530fr-friteza-na-vruci-zrak-4-l\/"},"modified":"2026-04-20T12:33:54","modified_gmt":"2026-04-20T12:33:54","slug":"domo-do530fr-friteza-na-vruci-zrak-4-l","status":"publish","type":"product","link":"https:\/\/singuli.wpress.me\/index.php\/proizvod\/domo-do530fr-friteza-na-vruci-zrak-4-l\/","title":{"rendered":"DOMO DO530FR, friteza na vru\u0107i zrak, 4\u00a0l"},"content":{"rendered":"<p>Friteza na vru\u0107i zrak zdravija je alternativa popularnim fritezama. Domo DO530FR prakti\u010dan je pomo\u0107nik za svaku modernu kuhinju. Napravite sami krumpiri\u0107e s 80% manje masno\u0107e.<br \/>\nFriteza radi na vru\u0107i zrak, \u0161to \u0107e vam omogu\u0107iti da ispe\u010dete 1,2 kg krumpiri\u0107a odjednom i dobijete zlatne i hrskave krumpiri\u0107e s 80% manje masno\u0107e. Zbog toga je ova friteza prikladna za obitelji srednje veli\u010dine do 4 osobe. Vru\u0107a i brza cirkulacija zraka osigurava da su va\u0161i zalogaji i obroci kuhani i hrskavi. Osim pripreme zalogaja, mo\u017eete pripremiti i jela od mesa i ribe. Ako vi\u0161e volite pe\u0107i kola\u010d ili muffin, lako mo\u017eete i to u\u010diniti.<br \/>\nPostavke mo\u017eete prilagoditi putem LCD zaslona i birati izme\u0111u 8 unaprijed postavljenih programa. Vanjski dio friteze se ne zagrijava zahvaljuju\u0107i CoolTouch ku\u0107i\u0161tu. Nakon upotrebe ko\u0161aru mo\u017eete isprati pod mlazom vode.<\/p>\n","protected":false},"excerpt":{"rendered":"<p>Do 80% manje masno\u0107e od konvencionalnog pr\u017eenja<br \/>\nBrza cirkulacija zraka za brzo i niskoenergetsko pr\u017eenje<br \/>\nPodesiva temperatura od 80\u00b0C do 200\u02daC<\/p>\n","protected":false},"featured_media":44236,"template":"","meta":{"_seopress_robots_primary_cat":"","_seopress_titles_title":"","_seopress_titles_desc":"","_seopress_robots_index":"","iawp_total_views":0},"product_brand":[255],"product_cat":[266,265,160],"product_tag":[],"class_list":{"0":"post-44235","1":"product","2":"type-product","3":"status-publish","4":"has-post-thumbnail","6":"product_brand-domo","7":"product_cat-aparati-za-kuhanje-265","8":"product_cat-kuhinjski-aparati-160","9":"product_cat-mali-kucanski-aparati","11":"first","12":"outofstock","13":"shipping-taxable","14":"purchasable","15":"product-type-simple"},"_links":{"self":[{"href":"https:\/\/singuli.wpress.me\/index.php\/wp-json\/wp\/v2\/product\/44235","targetHints":{"allow":["GET"]}}],"collection":[{"href":"https:\/\/singuli.wpress.me\/index.php\/wp-json\/wp\/v2\/product"}],"about":[{"href":"https:\/\/singuli.wpress.me\/index.php\/wp-json\/wp\/v2\/types\/product"}],"version-history":[{"count":0,"href":"https:\/\/singuli.wpress.me\/index.php\/wp-json\/wp\/v2\/product\/44235\/revisions"}],"wp:featuredmedia":[{"embeddable":true,"href":"https:\/\/singuli.wpress.me\/index.php\/wp-json\/wp\/v2\/media\/44236"}],"wp:attachment":[{"href":"https:\/\/singuli.wpress.me\/index.php\/wp-json\/wp\/v2\/media?parent=44235"}],"wp:term":[{"taxonomy":"product_brand","embeddable":true,"href":"https:\/\/singuli.wpress.me\/index.php\/wp-json\/wp\/v2\/product_brand?post=44235"},{"taxonomy":"product_cat","embeddable":true,"href":"https:\/\/singuli.wpress.me\/index.php\/wp-json\/wp\/v2\/product_cat?post=44235"},{"taxonomy":"product_tag","embeddable":true,"href":"https:\/\/singuli.wpress.me\/index.php\/wp-json\/wp\/v2\/product_tag?post=44235"}],"curies":[{"name":"wp","href":"https:\/\/api.w.org\/{rel}","templated":true}]}}