{"id":44251,"date":"2026-04-20T00:35:31","date_gmt":"2026-04-20T00:35:31","guid":{"rendered":"https:\/\/singuli.wpress.me\/index.php\/proizvod\/lenor-gold-orchid-omeksivac-2x915ml\/"},"modified":"2026-04-20T12:33:54","modified_gmt":"2026-04-20T12:33:54","slug":"lenor-gold-orchid-omeksivac-2x915ml","status":"publish","type":"product","link":"https:\/\/singuli.wpress.me\/index.php\/proizvod\/lenor-gold-orchid-omeksivac-2x915ml\/","title":{"rendered":"LENOR Gold Orchid, omek\u0161iva\u010d, 2x915ml"},"content":{"rendered":"<p>Lenor Uz omek\u0161iva\u010d rublja Lenor Gold Orchid s biljim sastojcima za meko\u0107u osje\u0107at \u0107ete se dobro u svakoj tkanini uz najbolju Lenorovu svje\u017einu do sada. <\/p>\n<p>Pru\u017ea dugotrajnu svje\u017einu do tjedan dana, bo\u017eanstvenu meko\u0107u i omogu\u0107uje lako gla\u010danje. <\/p>\n<p>Prepustite se luksuzu. \u010cisti u\u017eitak. Skupocjeni akordi orhideje izvrsno se stapaju s gurmanskim notama vanilije uz dodatne senzualne note ambre. <\/p>\n<p>Koristite u kombinaciji s deterd\u017eentom Lenor za dubinsko \u010di\u0161\u0107enje i uskla\u0111en miris!<\/p>\n","protected":false},"excerpt":{"rendered":"<p>Kada se note orhideje senzualno ispreple\u0107u s notama vanilije, tonovi jantara to jo\u0161 vi\u0161e nagla\u0161avaju<br \/>\nZa osje\u0107aj meko\u0107e i udobnosti, manje gu\u017evanja i lak\u0161eg gla\u010danja<br \/>\nDermatolo\u0161ki ispitano<\/p>\n","protected":false},"featured_media":44252,"template":"","meta":{"_seopress_robots_primary_cat":"","_seopress_titles_title":"","_seopress_titles_desc":"","_seopress_robots_index":"","iawp_total_views":0},"product_brand":[446],"product_cat":[283,238],"product_tag":[],"class_list":{"0":"post-44251","1":"product","2":"type-product","3":"status-publish","4":"has-post-thumbnail","6":"product_brand-lenor","7":"product_cat-pranje-rublja-238","8":"product_cat-sve-za-dom","10":"first","11":"outofstock","12":"shipping-taxable","13":"purchasable","14":"product-type-simple"},"_links":{"self":[{"href":"https:\/\/singuli.wpress.me\/index.php\/wp-json\/wp\/v2\/product\/44251","targetHints":{"allow":["GET"]}}],"collection":[{"href":"https:\/\/singuli.wpress.me\/index.php\/wp-json\/wp\/v2\/product"}],"about":[{"href":"https:\/\/singuli.wpress.me\/index.php\/wp-json\/wp\/v2\/types\/product"}],"version-history":[{"count":0,"href":"https:\/\/singuli.wpress.me\/index.php\/wp-json\/wp\/v2\/product\/44251\/revisions"}],"wp:featuredmedia":[{"embeddable":true,"href":"https:\/\/singuli.wpress.me\/index.php\/wp-json\/wp\/v2\/media\/44252"}],"wp:attachment":[{"href":"https:\/\/singuli.wpress.me\/index.php\/wp-json\/wp\/v2\/media?parent=44251"}],"wp:term":[{"taxonomy":"product_brand","embeddable":true,"href":"https:\/\/singuli.wpress.me\/index.php\/wp-json\/wp\/v2\/product_brand?post=44251"},{"taxonomy":"product_cat","embeddable":true,"href":"https:\/\/singuli.wpress.me\/index.php\/wp-json\/wp\/v2\/product_cat?post=44251"},{"taxonomy":"product_tag","embeddable":true,"href":"https:\/\/singuli.wpress.me\/index.php\/wp-json\/wp\/v2\/product_tag?post=44251"}],"curies":[{"name":"wp","href":"https:\/\/api.w.org\/{rel}","templated":true}]}}