{"id":44256,"date":"2026-04-20T00:35:37","date_gmt":"2026-04-20T00:35:37","guid":{"rendered":"https:\/\/singuli.wpress.me\/index.php\/proizvod\/twistshake-kopca-za-dudu-bijela\/"},"modified":"2026-04-20T12:33:54","modified_gmt":"2026-04-20T12:33:54","slug":"twistshake-kopca-za-dudu-bijela","status":"publish","type":"product","link":"https:\/\/singuli.wpress.me\/index.php\/proizvod\/twistshake-kopca-za-dudu-bijela\/","title":{"rendered":"TWISTSHAKE, kop\u010da za dudu, bijela"},"content":{"rendered":"<p>Prakti\u010dna kop\u010da za dudu varalicu kojom se duda varalica va\u0161e bebe \u010duva sigurnom uporabom tekstilne trake i kop\u010de. Ne sadr\u017ei BPA.<\/p>\n","protected":false},"excerpt":{"rendered":"<p>Lako uklonjivi prsten \u2013 njim se omogu\u0107uje pri\u010dvr\u0161\u0107ivanje duda varalica<br \/>\nKop\u010da \u2013 jednostavno se pri\u010dvr\u0161\u0107uje za odje\u0107u va\u0161e bebe<br \/>\nNe sadr\u017ei BPA \u2013 siguran proizvod za vas i va\u0161e dijete<\/p>\n","protected":false},"featured_media":44257,"template":"","meta":{"_seopress_robots_primary_cat":"","_seopress_titles_title":"","_seopress_titles_desc":"","_seopress_robots_index":"","iawp_total_views":0},"product_brand":[433],"product_cat":[211,286,287],"product_tag":[],"class_list":{"0":"post-44256","1":"product","2":"type-product","3":"status-publish","4":"has-post-thumbnail","6":"product_brand-twistshake","7":"product_cat-njega-majke-i-djeteta","8":"product_cat-oprema-za-bebe-211","9":"product_cat-za-bebe-286","11":"first","12":"outofstock","13":"shipping-taxable","14":"purchasable","15":"product-type-simple"},"_links":{"self":[{"href":"https:\/\/singuli.wpress.me\/index.php\/wp-json\/wp\/v2\/product\/44256","targetHints":{"allow":["GET"]}}],"collection":[{"href":"https:\/\/singuli.wpress.me\/index.php\/wp-json\/wp\/v2\/product"}],"about":[{"href":"https:\/\/singuli.wpress.me\/index.php\/wp-json\/wp\/v2\/types\/product"}],"version-history":[{"count":0,"href":"https:\/\/singuli.wpress.me\/index.php\/wp-json\/wp\/v2\/product\/44256\/revisions"}],"wp:featuredmedia":[{"embeddable":true,"href":"https:\/\/singuli.wpress.me\/index.php\/wp-json\/wp\/v2\/media\/44257"}],"wp:attachment":[{"href":"https:\/\/singuli.wpress.me\/index.php\/wp-json\/wp\/v2\/media?parent=44256"}],"wp:term":[{"taxonomy":"product_brand","embeddable":true,"href":"https:\/\/singuli.wpress.me\/index.php\/wp-json\/wp\/v2\/product_brand?post=44256"},{"taxonomy":"product_cat","embeddable":true,"href":"https:\/\/singuli.wpress.me\/index.php\/wp-json\/wp\/v2\/product_cat?post=44256"},{"taxonomy":"product_tag","embeddable":true,"href":"https:\/\/singuli.wpress.me\/index.php\/wp-json\/wp\/v2\/product_tag?post=44256"}],"curies":[{"name":"wp","href":"https:\/\/api.w.org\/{rel}","templated":true}]}}