{"id":44259,"date":"2026-04-20T00:35:38","date_gmt":"2026-04-20T00:35:38","guid":{"rendered":"https:\/\/singuli.wpress.me\/index.php\/proizvod\/hot-wheels-autic-s-promjenom-boje\/"},"modified":"2026-04-20T12:33:54","modified_gmt":"2026-04-20T12:33:54","slug":"hot-wheels-autic-s-promjenom-boje","status":"publish","type":"product","link":"https:\/\/singuli.wpress.me\/index.php\/proizvod\/hot-wheels-autic-s-promjenom-boje\/","title":{"rendered":"HOT WHEELS, auti\u0107, s promjenom boje"},"content":{"rendered":"<p>Hot Wheels auti\u0107 koji mijenja boju uz pomo\u0107 promjene temperature.<br \/>\nU hladnoj vodi ima jednu boju, a kad ga uroni\u0161 u toplu vodu promijeni boju.<br \/>\nS Hot Wheelsom ne\u0107e\u0161 pogrije\u0161iti.\u00a0<\/p>\n","protected":false},"excerpt":{"rendered":"<p>Mijenja boju u vodi<br \/>\nMijenja boju uz pomo\u0107 promjene temperature<br \/>\nIgra\u010dka dolazi u vi\u0161e razli\u010ditih modela<\/p>\n","protected":false},"featured_media":44260,"template":"","meta":{"_seopress_robots_primary_cat":"","_seopress_titles_title":"","_seopress_titles_desc":"","_seopress_robots_index":"","iawp_total_views":0},"product_brand":[429],"product_cat":[243,273],"product_tag":[],"class_list":{"0":"post-44259","1":"product","2":"type-product","3":"status-publish","4":"has-post-thumbnail","6":"product_brand-hot-wheels","7":"product_cat-automobili-i-motori","8":"product_cat-njega-vozila-243","10":"first","11":"instock","12":"shipping-taxable","13":"purchasable","14":"product-type-simple"},"_links":{"self":[{"href":"https:\/\/singuli.wpress.me\/index.php\/wp-json\/wp\/v2\/product\/44259","targetHints":{"allow":["GET"]}}],"collection":[{"href":"https:\/\/singuli.wpress.me\/index.php\/wp-json\/wp\/v2\/product"}],"about":[{"href":"https:\/\/singuli.wpress.me\/index.php\/wp-json\/wp\/v2\/types\/product"}],"version-history":[{"count":0,"href":"https:\/\/singuli.wpress.me\/index.php\/wp-json\/wp\/v2\/product\/44259\/revisions"}],"wp:featuredmedia":[{"embeddable":true,"href":"https:\/\/singuli.wpress.me\/index.php\/wp-json\/wp\/v2\/media\/44260"}],"wp:attachment":[{"href":"https:\/\/singuli.wpress.me\/index.php\/wp-json\/wp\/v2\/media?parent=44259"}],"wp:term":[{"taxonomy":"product_brand","embeddable":true,"href":"https:\/\/singuli.wpress.me\/index.php\/wp-json\/wp\/v2\/product_brand?post=44259"},{"taxonomy":"product_cat","embeddable":true,"href":"https:\/\/singuli.wpress.me\/index.php\/wp-json\/wp\/v2\/product_cat?post=44259"},{"taxonomy":"product_tag","embeddable":true,"href":"https:\/\/singuli.wpress.me\/index.php\/wp-json\/wp\/v2\/product_tag?post=44259"}],"curies":[{"name":"wp","href":"https:\/\/api.w.org\/{rel}","templated":true}]}}