{"id":44280,"date":"2026-04-20T00:35:46","date_gmt":"2026-04-20T00:35:46","guid":{"rendered":"https:\/\/singuli.wpress.me\/index.php\/proizvod\/honeywell-aidc-grijac-s-ventilatorom-hce200we\/"},"modified":"2026-04-20T12:33:54","modified_gmt":"2026-04-20T12:33:54","slug":"honeywell-aidc-grijac-s-ventilatorom-hce200we","status":"publish","type":"product","link":"https:\/\/singuli.wpress.me\/index.php\/proizvod\/honeywell-aidc-grijac-s-ventilatorom-hce200we\/","title":{"rendered":"HONEYWELL AIDC, grija\u010d s ventilatorom, HCE200WE"},"content":{"rendered":"<p>Okrugli ventilator u modernom dizajnu osigurava konstantnu toplinu zahvaljuju\u0107i kerami\u010dkoj tehnologiji. Njegovo toplinski izolirano ku\u0107i\u0161te sprje\u010dava opekline dodirom ure\u0111aja. Mo\u017eete birati izme\u0111u dvije klasi\u010dne boje crne i bijele.<\/p>\n","protected":false},"excerpt":{"rendered":"<p>Toplotno izolirano ku\u0107i\u0161te<br \/>\nZa\u0161tita od nagiba<br \/>\nZa\u0161tita od pregrijavanja<\/p>\n","protected":false},"featured_media":44281,"template":"","meta":{"_seopress_robots_primary_cat":"","_seopress_titles_title":"","_seopress_titles_desc":"","_seopress_robots_index":"","iawp_total_views":0},"product_brand":[506],"product_cat":[184,160],"product_tag":[],"class_list":{"0":"post-44280","1":"product","2":"type-product","3":"status-publish","4":"has-post-thumbnail","6":"product_brand-honeywell","7":"product_cat-kvaliteta-zraka-i-grijanje","8":"product_cat-mali-kucanski-aparati","10":"first","11":"outofstock","12":"shipping-taxable","13":"purchasable","14":"product-type-simple"},"_links":{"self":[{"href":"https:\/\/singuli.wpress.me\/index.php\/wp-json\/wp\/v2\/product\/44280","targetHints":{"allow":["GET"]}}],"collection":[{"href":"https:\/\/singuli.wpress.me\/index.php\/wp-json\/wp\/v2\/product"}],"about":[{"href":"https:\/\/singuli.wpress.me\/index.php\/wp-json\/wp\/v2\/types\/product"}],"version-history":[{"count":0,"href":"https:\/\/singuli.wpress.me\/index.php\/wp-json\/wp\/v2\/product\/44280\/revisions"}],"wp:featuredmedia":[{"embeddable":true,"href":"https:\/\/singuli.wpress.me\/index.php\/wp-json\/wp\/v2\/media\/44281"}],"wp:attachment":[{"href":"https:\/\/singuli.wpress.me\/index.php\/wp-json\/wp\/v2\/media?parent=44280"}],"wp:term":[{"taxonomy":"product_brand","embeddable":true,"href":"https:\/\/singuli.wpress.me\/index.php\/wp-json\/wp\/v2\/product_brand?post=44280"},{"taxonomy":"product_cat","embeddable":true,"href":"https:\/\/singuli.wpress.me\/index.php\/wp-json\/wp\/v2\/product_cat?post=44280"},{"taxonomy":"product_tag","embeddable":true,"href":"https:\/\/singuli.wpress.me\/index.php\/wp-json\/wp\/v2\/product_tag?post=44280"}],"curies":[{"name":"wp","href":"https:\/\/api.w.org\/{rel}","templated":true}]}}