{"id":44283,"date":"2026-04-20T00:35:47","date_gmt":"2026-04-20T00:35:47","guid":{"rendered":"https:\/\/singuli.wpress.me\/index.php\/proizvod\/domo-do981rtkr-hladnjak\/"},"modified":"2026-04-20T12:33:54","modified_gmt":"2026-04-20T12:33:54","slug":"domo-do981rtkr-hladnjak","status":"publish","type":"product","link":"https:\/\/singuli.wpress.me\/index.php\/proizvod\/domo-do981rtkr-hladnjak\/","title":{"rendered":"DOMO DO981RTKR, hladnjak"},"content":{"rendered":"<p>Ovaj moderni hladnjak u elegantnom retro dizajnu privla\u010di pa\u017enju svakog interijera.<br \/>\nZahvaljuju\u0107i \u0161irini od samo 55 cm i visini od 87,5 cm, ova kompaktna kombinacija hladnjaka i zamrziva\u010da mo\u017ee se smjestiti bilo gdje i stoga je posebno prikladna za studentske sobe, urede ili hotelske sobe.<br \/>\nS regulatorom temperature uvijek mo\u017eete jednostavno postaviti temperaturu koja vam je potrebna za va\u0161u hranu.<br \/>\nVolumen hladnjaka iznosi 122 L, koji je podjeljen s 3 police oja\u010danog stakla, dok se na vratima nalaze 3 police za dodatan prostor.<\/p>\n","protected":false},"excerpt":{"rendered":"<p>Mehani\u010dka kontrola temperature<br \/>\nUkupni kapacitet hladnjaka je 122 l<br \/>\nPolice je mogu\u010de premje\u0161tati po \u017eelji kako bi dobili \u017eeljeni raspored<\/p>\n","protected":false},"featured_media":44284,"template":"","meta":{"_seopress_robots_primary_cat":"","_seopress_titles_title":"","_seopress_titles_desc":"","_seopress_robots_index":"","iawp_total_views":0},"product_brand":[255],"product_cat":[192,267],"product_tag":[],"class_list":{"0":"post-44283","1":"product","2":"type-product","3":"status-publish","4":"has-post-thumbnail","6":"product_brand-domo","7":"product_cat-aparati-za-osobnu-njegu","8":"product_cat-zdravstveni-uredaji-192","10":"first","11":"outofstock","12":"shipping-taxable","13":"purchasable","14":"product-type-simple"},"_links":{"self":[{"href":"https:\/\/singuli.wpress.me\/index.php\/wp-json\/wp\/v2\/product\/44283","targetHints":{"allow":["GET"]}}],"collection":[{"href":"https:\/\/singuli.wpress.me\/index.php\/wp-json\/wp\/v2\/product"}],"about":[{"href":"https:\/\/singuli.wpress.me\/index.php\/wp-json\/wp\/v2\/types\/product"}],"version-history":[{"count":0,"href":"https:\/\/singuli.wpress.me\/index.php\/wp-json\/wp\/v2\/product\/44283\/revisions"}],"wp:featuredmedia":[{"embeddable":true,"href":"https:\/\/singuli.wpress.me\/index.php\/wp-json\/wp\/v2\/media\/44284"}],"wp:attachment":[{"href":"https:\/\/singuli.wpress.me\/index.php\/wp-json\/wp\/v2\/media?parent=44283"}],"wp:term":[{"taxonomy":"product_brand","embeddable":true,"href":"https:\/\/singuli.wpress.me\/index.php\/wp-json\/wp\/v2\/product_brand?post=44283"},{"taxonomy":"product_cat","embeddable":true,"href":"https:\/\/singuli.wpress.me\/index.php\/wp-json\/wp\/v2\/product_cat?post=44283"},{"taxonomy":"product_tag","embeddable":true,"href":"https:\/\/singuli.wpress.me\/index.php\/wp-json\/wp\/v2\/product_tag?post=44283"}],"curies":[{"name":"wp","href":"https:\/\/api.w.org\/{rel}","templated":true}]}}