{"id":44287,"date":"2026-04-20T00:35:48","date_gmt":"2026-04-20T00:35:48","guid":{"rendered":"https:\/\/singuli.wpress.me\/index.php\/proizvod\/ecover-tekuci-deterdzent-za-pranje-rublja-za-obojeno-rublje-1-l\/"},"modified":"2026-04-20T12:33:54","modified_gmt":"2026-04-20T12:33:54","slug":"ecover-tekuci-deterdzent-za-pranje-rublja-za-obojeno-rublje-1-l","status":"publish","type":"product","link":"https:\/\/singuli.wpress.me\/index.php\/proizvod\/ecover-tekuci-deterdzent-za-pranje-rublja-za-obojeno-rublje-1-l\/","title":{"rendered":"ECOVER, teku\u0107i deterd\u017eent za pranje rublja, za obojeno rublje, 1\u00a0l"},"content":{"rendered":"<p>ECOVER\u00ae Teku\u0107i deterd\u017eent za obojano rublje posjeduje sna\u017enu formulu oboga\u0107enu aktivnim sastojcima na biljnoj bazi.<\/p>\n<p>Nakon nekoliko pranja, uklanja ostatke tkanine s pamu\u0107nih povr\u0161ina.<\/p>\n<p>Pogodno za obojanu odje\u0107u. <\/p>\n<p>Ne izlijevati izravno na odje\u0107u. <\/p>\n<p>Prije uporabe provjeriti upute za pranje va\u0161e odje\u0107e. <\/p>\n<p>Pogodno za pranje na 30-60\u00b0C. <\/p>\n<p>Ne nama\u010dite i ne perite vatrootpornu odje\u0107u iznad 50\u02d9C. <\/p>\n<p>Tako\u0111er sadr\u017ee inhibitor prijenosa boje koji spre\u010dava ne\u017eeljeno pu\u0161tanje boja.<\/p>\n<p>Miris cvijeta jabuke i frezije sa svijetlim notama so\u010dne jabuke, latica jasmina i frezije.<\/p>\n","protected":false},"excerpt":{"rendered":"<p>Za obojeno rublje<br \/>\nBiorazgradivi sastojci na biljnoj bazi<br \/>\nSadr\u017ei inhibitor prijenosa boje<\/p>\n","protected":false},"featured_media":44288,"template":"","meta":{"_seopress_robots_primary_cat":"","_seopress_titles_title":"","_seopress_titles_desc":"","_seopress_robots_index":"","iawp_total_views":0},"product_brand":[790],"product_cat":[284,238],"product_tag":[],"class_list":{"0":"post-44287","1":"product","2":"type-product","3":"status-publish","4":"has-post-thumbnail","6":"product_brand-ecover","7":"product_cat-sredstva-za-ciscenje-238","8":"product_cat-sve-za-dom","10":"first","11":"instock","12":"shipping-taxable","13":"purchasable","14":"product-type-simple"},"_links":{"self":[{"href":"https:\/\/singuli.wpress.me\/index.php\/wp-json\/wp\/v2\/product\/44287","targetHints":{"allow":["GET"]}}],"collection":[{"href":"https:\/\/singuli.wpress.me\/index.php\/wp-json\/wp\/v2\/product"}],"about":[{"href":"https:\/\/singuli.wpress.me\/index.php\/wp-json\/wp\/v2\/types\/product"}],"version-history":[{"count":0,"href":"https:\/\/singuli.wpress.me\/index.php\/wp-json\/wp\/v2\/product\/44287\/revisions"}],"wp:featuredmedia":[{"embeddable":true,"href":"https:\/\/singuli.wpress.me\/index.php\/wp-json\/wp\/v2\/media\/44288"}],"wp:attachment":[{"href":"https:\/\/singuli.wpress.me\/index.php\/wp-json\/wp\/v2\/media?parent=44287"}],"wp:term":[{"taxonomy":"product_brand","embeddable":true,"href":"https:\/\/singuli.wpress.me\/index.php\/wp-json\/wp\/v2\/product_brand?post=44287"},{"taxonomy":"product_cat","embeddable":true,"href":"https:\/\/singuli.wpress.me\/index.php\/wp-json\/wp\/v2\/product_cat?post=44287"},{"taxonomy":"product_tag","embeddable":true,"href":"https:\/\/singuli.wpress.me\/index.php\/wp-json\/wp\/v2\/product_tag?post=44287"}],"curies":[{"name":"wp","href":"https:\/\/api.w.org\/{rel}","templated":true}]}}