{"id":44299,"date":"2026-04-20T00:35:56","date_gmt":"2026-04-20T00:35:56","guid":{"rendered":"https:\/\/singuli.wpress.me\/index.php\/proizvod\/swiffer-sweeper-vlazne-maramice-za-pod-miris-citrus-fresh-10-kom\/"},"modified":"2026-04-20T12:33:54","modified_gmt":"2026-04-20T12:33:54","slug":"swiffer-sweeper-vlazne-maramice-za-pod-miris-citrus-fresh-10-kom","status":"publish","type":"product","link":"https:\/\/singuli.wpress.me\/index.php\/proizvod\/swiffer-sweeper-vlazne-maramice-za-pod-miris-citrus-fresh-10-kom\/","title":{"rendered":"SWIFFER Sweeper, vla\u017ene maramice za pod, miris Citrus Fresh, 10\u00a0kom"},"content":{"rendered":"<p>Tko ka\u017ee da je<span style=\"font-weight: bold\"> Swiffer <\/span>samo za suho \u010di\u0161\u0107enje? Swiffer ima i vla\u017ene maramice za pranje poda s aktivnim sredstvom za \u010di\u0161\u0107enje povr\u0161ina koje zadr\u017eavaju prljav\u0161tinu. Odr\u017eite podove \u010distima i mirisnima s jedinstvenim rje\u0161enjem za \u010di\u0161\u0107enje koje djeluje na tvrdokornim mrljama, prljav\u0161tini i masno\u0107i tako da ostaju na maramici, a ne na va\u0161em podu, \u010dime olak\u0161ava \u010di\u0161\u0107enje plo\u010dica i linoleuma. Za uklanjanje tvrdokornih mrlja jednostavno okrenite glavu \u010dista\u010da i istrljajte mrlje zelenom hrapavom trakom. Plosnata glava omogu\u0107uje do do\u0111ete do mjesta do kojih ne mo\u017eete do\u0107i drugim \u010dista\u010dima za pod (ispod kau\u010da, kreveta, hladnjaka, perilica posu\u0111a\u2026). Da, Swiffer Swiffer Sweeper upravo je postao alat 2 u 1: suhim maramicama mo\u017eete obrisati pra\u0161inu, a vla\u017enima oprati podove. Sigurne su i za upotrebu na drvenim podovima. Nemojte koristiti vla\u017ene maramice za Swiffer Sweeper na neobra\u0111enim podovima, nauljenim ili navo\u0161tenim drvenim plo\u010dama, neglaziranim plo\u010dicama ili tapisonima.<\/p>\n","protected":false},"excerpt":{"rendered":"<p>Brzo i jednostavno \u010di\u0161\u0107enje<br \/>\n10 vla\u017enih maramica za podove u paketu (dr\u0161ka se prodaje zasebno)<br \/>\nVla\u017ene maramice koje sadr\u017ee sredstvo za pranje poda hvataju i zadr\u017eavaju prljav\u0161tinu<\/p>\n","protected":false},"featured_media":44300,"template":"","meta":{"_seopress_robots_primary_cat":"","_seopress_titles_title":"","_seopress_titles_desc":"","_seopress_robots_index":"","iawp_total_views":0},"product_brand":[514],"product_cat":[274,238],"product_tag":[],"class_list":{"0":"post-44299","1":"product","2":"type-product","3":"status-publish","4":"has-post-thumbnail","6":"product_brand-swiffer","7":"product_cat-kucanski-pribor-238","8":"product_cat-sve-za-dom","10":"first","11":"outofstock","12":"shipping-taxable","13":"purchasable","14":"product-type-simple"},"_links":{"self":[{"href":"https:\/\/singuli.wpress.me\/index.php\/wp-json\/wp\/v2\/product\/44299","targetHints":{"allow":["GET"]}}],"collection":[{"href":"https:\/\/singuli.wpress.me\/index.php\/wp-json\/wp\/v2\/product"}],"about":[{"href":"https:\/\/singuli.wpress.me\/index.php\/wp-json\/wp\/v2\/types\/product"}],"version-history":[{"count":0,"href":"https:\/\/singuli.wpress.me\/index.php\/wp-json\/wp\/v2\/product\/44299\/revisions"}],"wp:featuredmedia":[{"embeddable":true,"href":"https:\/\/singuli.wpress.me\/index.php\/wp-json\/wp\/v2\/media\/44300"}],"wp:attachment":[{"href":"https:\/\/singuli.wpress.me\/index.php\/wp-json\/wp\/v2\/media?parent=44299"}],"wp:term":[{"taxonomy":"product_brand","embeddable":true,"href":"https:\/\/singuli.wpress.me\/index.php\/wp-json\/wp\/v2\/product_brand?post=44299"},{"taxonomy":"product_cat","embeddable":true,"href":"https:\/\/singuli.wpress.me\/index.php\/wp-json\/wp\/v2\/product_cat?post=44299"},{"taxonomy":"product_tag","embeddable":true,"href":"https:\/\/singuli.wpress.me\/index.php\/wp-json\/wp\/v2\/product_tag?post=44299"}],"curies":[{"name":"wp","href":"https:\/\/api.w.org\/{rel}","templated":true}]}}