{"id":44305,"date":"2026-04-20T00:35:58","date_gmt":"2026-04-20T00:35:58","guid":{"rendered":"https:\/\/singuli.wpress.me\/index.php\/proizvod\/laica-ks1019-bowl-kuhinjska-vaga\/"},"modified":"2026-04-20T12:33:54","modified_gmt":"2026-04-20T12:33:54","slug":"laica-ks1019-bowl-kuhinjska-vaga","status":"publish","type":"product","link":"https:\/\/singuli.wpress.me\/index.php\/proizvod\/laica-ks1019-bowl-kuhinjska-vaga\/","title":{"rendered":"LAICA KS1019 Bowl, kuhinjska vaga"},"content":{"rendered":"<p>Laica Bowl linija vaga idealan je izbor za sve koji \u017eele prakti\u010dno, funkcionalno i elegantno rje\u0161enje za vaganje hrane. S velikom zdjelom za hranu hranu mo\u017eete vagati bez problema, bez obzira na to koristite li zdjelu ili ne.<\/p>\n","protected":false},"excerpt":{"rendered":"<p>Prikladno za kori\u0161tenje sa ili bez posude.<br \/>\nAutomatsko isklju\u010divanje s vremenskom odgodom<br \/>\nPrecizna mjerenja do 5 kg s odstupanjem prikaza do 1 g.<\/p>\n","protected":false},"featured_media":44306,"template":"","meta":{"_seopress_robots_primary_cat":"","_seopress_titles_title":"","_seopress_titles_desc":"","_seopress_robots_index":"","iawp_total_views":0},"product_brand":[148],"product_cat":[266,265,160],"product_tag":[],"class_list":{"0":"post-44305","1":"product","2":"type-product","3":"status-publish","4":"has-post-thumbnail","6":"product_brand-laica","7":"product_cat-aparati-za-kuhanje-265","8":"product_cat-kuhinjski-aparati-160","9":"product_cat-mali-kucanski-aparati","11":"first","12":"instock","13":"shipping-taxable","14":"purchasable","15":"product-type-simple"},"_links":{"self":[{"href":"https:\/\/singuli.wpress.me\/index.php\/wp-json\/wp\/v2\/product\/44305","targetHints":{"allow":["GET"]}}],"collection":[{"href":"https:\/\/singuli.wpress.me\/index.php\/wp-json\/wp\/v2\/product"}],"about":[{"href":"https:\/\/singuli.wpress.me\/index.php\/wp-json\/wp\/v2\/types\/product"}],"version-history":[{"count":0,"href":"https:\/\/singuli.wpress.me\/index.php\/wp-json\/wp\/v2\/product\/44305\/revisions"}],"wp:featuredmedia":[{"embeddable":true,"href":"https:\/\/singuli.wpress.me\/index.php\/wp-json\/wp\/v2\/media\/44306"}],"wp:attachment":[{"href":"https:\/\/singuli.wpress.me\/index.php\/wp-json\/wp\/v2\/media?parent=44305"}],"wp:term":[{"taxonomy":"product_brand","embeddable":true,"href":"https:\/\/singuli.wpress.me\/index.php\/wp-json\/wp\/v2\/product_brand?post=44305"},{"taxonomy":"product_cat","embeddable":true,"href":"https:\/\/singuli.wpress.me\/index.php\/wp-json\/wp\/v2\/product_cat?post=44305"},{"taxonomy":"product_tag","embeddable":true,"href":"https:\/\/singuli.wpress.me\/index.php\/wp-json\/wp\/v2\/product_tag?post=44305"}],"curies":[{"name":"wp","href":"https:\/\/api.w.org\/{rel}","templated":true}]}}