{"id":44309,"date":"2026-04-20T00:35:59","date_gmt":"2026-04-20T00:35:59","guid":{"rendered":"https:\/\/singuli.wpress.me\/index.php\/proizvod\/becutan-sapun-90-g\/"},"modified":"2026-04-20T12:33:54","modified_gmt":"2026-04-20T12:33:54","slug":"becutan-sapun-90-g","status":"publish","type":"product","link":"https:\/\/singuli.wpress.me\/index.php\/proizvod\/becutan-sapun-90-g\/","title":{"rendered":"BECUTAN, sapun, 90\u00a0g"},"content":{"rendered":"<p>Becutan dje\u010dji sapun posebno je prilago\u0111en za temeljito i nje\u017eno \u010di\u0161\u0107enje te njegu osjetljive dje\u010dje ko\u017ee. Zahvaljuju\u0107i optimalnoj koli\u010dini glicerina i svojim hidrofilnim osobinama, ovaj sapun \u0161titi ko\u017eu od su\u0161enja, sprje\u010dava isu\u0161ivanje i pobolj\u0161ava njezinu elasti\u010dnost. Redovitom uporabom ko\u017ea postaje nje\u017ena i mekana, a proizvod je ugodno parfimiran prepoznatljivim mirisom. Sapun je klini\u010dki i dermatolo\u0161ki testiran te se preporu\u010duje i odraslim osobama s osjetljivom ko\u017eom.<\/p>\n","protected":false},"excerpt":{"rendered":"<p>Sadr\u017ei optimalnu koli\u010dinu glicerina i hidrofilna svojstva koja sprje\u010davaju isu\u0161ivanje.<br \/>\nPosebno prilago\u0111en dje\u010djoj ko\u017ei, ali prikladan i za odrasle s osjetljivom ko\u017eom<br \/>\nProizvod je klini\u010dki i dermatolo\u0161ki testiran za sigurnu svakodnevnu uporabu<\/p>\n","protected":false},"featured_media":44310,"template":"","meta":{"_seopress_robots_primary_cat":"","_seopress_titles_title":"","_seopress_titles_desc":"","_seopress_robots_index":"","iawp_total_views":0},"product_brand":[803],"product_cat":[268,278],"product_tag":[],"class_list":{"0":"post-44309","1":"product","2":"type-product","3":"status-publish","4":"has-post-thumbnail","6":"product_brand-becutan","7":"product_cat-kozmetika-2","8":"product_cat-njega-tijela-268","10":"first","11":"instock","12":"shipping-taxable","13":"purchasable","14":"product-type-simple"},"_links":{"self":[{"href":"https:\/\/singuli.wpress.me\/index.php\/wp-json\/wp\/v2\/product\/44309","targetHints":{"allow":["GET"]}}],"collection":[{"href":"https:\/\/singuli.wpress.me\/index.php\/wp-json\/wp\/v2\/product"}],"about":[{"href":"https:\/\/singuli.wpress.me\/index.php\/wp-json\/wp\/v2\/types\/product"}],"version-history":[{"count":0,"href":"https:\/\/singuli.wpress.me\/index.php\/wp-json\/wp\/v2\/product\/44309\/revisions"}],"wp:featuredmedia":[{"embeddable":true,"href":"https:\/\/singuli.wpress.me\/index.php\/wp-json\/wp\/v2\/media\/44310"}],"wp:attachment":[{"href":"https:\/\/singuli.wpress.me\/index.php\/wp-json\/wp\/v2\/media?parent=44309"}],"wp:term":[{"taxonomy":"product_brand","embeddable":true,"href":"https:\/\/singuli.wpress.me\/index.php\/wp-json\/wp\/v2\/product_brand?post=44309"},{"taxonomy":"product_cat","embeddable":true,"href":"https:\/\/singuli.wpress.me\/index.php\/wp-json\/wp\/v2\/product_cat?post=44309"},{"taxonomy":"product_tag","embeddable":true,"href":"https:\/\/singuli.wpress.me\/index.php\/wp-json\/wp\/v2\/product_tag?post=44309"}],"curies":[{"name":"wp","href":"https:\/\/api.w.org\/{rel}","templated":true}]}}