{"id":44319,"date":"2026-04-20T00:36:09","date_gmt":"2026-04-20T00:36:09","guid":{"rendered":"https:\/\/singuli.wpress.me\/index.php\/proizvod\/laica-pametna-digitalna-vaga-ps7020\/"},"modified":"2026-04-20T00:36:09","modified_gmt":"2026-04-20T00:36:09","slug":"laica-pametna-digitalna-vaga-ps7020","status":"publish","type":"product","link":"https:\/\/singuli.wpress.me\/index.php\/proizvod\/laica-pametna-digitalna-vaga-ps7020\/","title":{"rendered":"LAICA, pametna digitalna vaga, PS7020"},"content":{"rendered":"<p><span style=\"font-weight: bold\">Karakteristike pametne digitalne vage PS7020<\/span><br \/>\n\u2022 Mjeri te\u017einu, izra\u010dunava % tjelesne masti, % vode u tijelu, % skeletne muskulature, bazalni metabolizam i indeks tjelesne mase<br \/>\n\u2022 ITO (indij kositar oksid) elektrode: Inovativni osjetljivi premaz vodi\u010da koji brzo i to\u010dno detektira informacije o PAMETNOM SASTAVU TIJELA<br \/>\n\u2022 Automatski \u0161alje podatke o sastavu tijela na va\u0161 pametni telefon. Podr\u017eava bluetooth 4.0 ili noviju tehnologiju<br \/>\n\u2022 Zaslon \/ LED zaslon &#8211; 8 x 4,2 cm<br \/>\n\u2022 Materijal &#8211; Kaljeno staklo &#8211; 6 mm<br \/>\n\u2022 Vrsta napajanja: 4&#215;1.5V alkalne baterije AAA (nisu uklju\u010dene)<\/p>\n","protected":false},"excerpt":{"rendered":"<p>Mjeri razne informacije<br \/>\nITO elektrode<br \/>\nPodr\u017eava bluetooth 4.0 ili noviju tehnologiju<\/p>\n","protected":false},"featured_media":44320,"template":"","meta":{"_seopress_robots_primary_cat":"","_seopress_titles_title":"","_seopress_titles_desc":"","_seopress_robots_index":"","iawp_total_views":0},"product_brand":[148],"product_cat":[160,308],"product_tag":[],"class_list":{"0":"post-44319","1":"product","2":"type-product","3":"status-publish","4":"has-post-thumbnail","6":"product_brand-laica","7":"product_cat-mali-kucanski-aparati","8":"product_cat-osobne-vage-160","10":"first","11":"outofstock","12":"shipping-taxable","13":"purchasable","14":"product-type-simple"},"_links":{"self":[{"href":"https:\/\/singuli.wpress.me\/index.php\/wp-json\/wp\/v2\/product\/44319","targetHints":{"allow":["GET"]}}],"collection":[{"href":"https:\/\/singuli.wpress.me\/index.php\/wp-json\/wp\/v2\/product"}],"about":[{"href":"https:\/\/singuli.wpress.me\/index.php\/wp-json\/wp\/v2\/types\/product"}],"version-history":[{"count":0,"href":"https:\/\/singuli.wpress.me\/index.php\/wp-json\/wp\/v2\/product\/44319\/revisions"}],"wp:featuredmedia":[{"embeddable":true,"href":"https:\/\/singuli.wpress.me\/index.php\/wp-json\/wp\/v2\/media\/44320"}],"wp:attachment":[{"href":"https:\/\/singuli.wpress.me\/index.php\/wp-json\/wp\/v2\/media?parent=44319"}],"wp:term":[{"taxonomy":"product_brand","embeddable":true,"href":"https:\/\/singuli.wpress.me\/index.php\/wp-json\/wp\/v2\/product_brand?post=44319"},{"taxonomy":"product_cat","embeddable":true,"href":"https:\/\/singuli.wpress.me\/index.php\/wp-json\/wp\/v2\/product_cat?post=44319"},{"taxonomy":"product_tag","embeddable":true,"href":"https:\/\/singuli.wpress.me\/index.php\/wp-json\/wp\/v2\/product_tag?post=44319"}],"curies":[{"name":"wp","href":"https:\/\/api.w.org\/{rel}","templated":true}]}}