{"id":44323,"date":"2026-04-20T00:36:10","date_gmt":"2026-04-20T00:36:10","guid":{"rendered":"https:\/\/singuli.wpress.me\/index.php\/proizvod\/honeywell-quietset-fan-samostojeci-ventilator-hy254e4\/"},"modified":"2026-04-20T00:36:10","modified_gmt":"2026-04-20T00:36:10","slug":"honeywell-quietset-fan-samostojeci-ventilator-hy254e4","status":"publish","type":"product","link":"https:\/\/singuli.wpress.me\/index.php\/proizvod\/honeywell-quietset-fan-samostojeci-ventilator-hy254e4\/","title":{"rendered":"HONEYWELL Quietset Fan, samostoje\u0107i ventilator, HY254E4"},"content":{"rendered":"<p>Zna\u010dajke:<br \/>\n&#8211; Pet razina tihe kontrole za stalnu udobnost<br \/>\n&#8211; Jednostavna upravlja\u010dka plo\u010da<br \/>\n&#8211; Tajmer omogu\u0107uje korisniku da programira ventilator za 1, 2, 4 ili 8 sati hla\u0111enja i ga\u0161enja<br \/>\n&#8211; Tiha tehnologija &#8211; idealna za no\u0107nu upotrebu u spava\u0107oj sobi<br \/>\n&#8211; Oscilacija za hla\u0111enje na \u0161irokom podru\u010dju<\/p>\n","protected":false},"excerpt":{"rendered":"<p>Pet razina tihe kontrole za stalnu udobnost<br \/>\nTiha tehnologija &#8211; idealna za no\u0107nu upotrebu u spava\u0107oj sobi<br \/>\nOsciliraju\u0107i za hla\u0111enje na \u0161irokom podru\u010dju<\/p>\n","protected":false},"featured_media":44324,"template":"","meta":{"_seopress_robots_primary_cat":"","_seopress_titles_title":"","_seopress_titles_desc":"","_seopress_robots_index":"","iawp_total_views":0},"product_brand":[506],"product_cat":[184,160],"product_tag":[],"class_list":{"0":"post-44323","1":"product","2":"type-product","3":"status-publish","4":"has-post-thumbnail","6":"product_brand-honeywell","7":"product_cat-kvaliteta-zraka-i-grijanje","8":"product_cat-mali-kucanski-aparati","10":"first","11":"outofstock","12":"shipping-taxable","13":"purchasable","14":"product-type-simple"},"_links":{"self":[{"href":"https:\/\/singuli.wpress.me\/index.php\/wp-json\/wp\/v2\/product\/44323","targetHints":{"allow":["GET"]}}],"collection":[{"href":"https:\/\/singuli.wpress.me\/index.php\/wp-json\/wp\/v2\/product"}],"about":[{"href":"https:\/\/singuli.wpress.me\/index.php\/wp-json\/wp\/v2\/types\/product"}],"version-history":[{"count":0,"href":"https:\/\/singuli.wpress.me\/index.php\/wp-json\/wp\/v2\/product\/44323\/revisions"}],"wp:featuredmedia":[{"embeddable":true,"href":"https:\/\/singuli.wpress.me\/index.php\/wp-json\/wp\/v2\/media\/44324"}],"wp:attachment":[{"href":"https:\/\/singuli.wpress.me\/index.php\/wp-json\/wp\/v2\/media?parent=44323"}],"wp:term":[{"taxonomy":"product_brand","embeddable":true,"href":"https:\/\/singuli.wpress.me\/index.php\/wp-json\/wp\/v2\/product_brand?post=44323"},{"taxonomy":"product_cat","embeddable":true,"href":"https:\/\/singuli.wpress.me\/index.php\/wp-json\/wp\/v2\/product_cat?post=44323"},{"taxonomy":"product_tag","embeddable":true,"href":"https:\/\/singuli.wpress.me\/index.php\/wp-json\/wp\/v2\/product_tag?post=44323"}],"curies":[{"name":"wp","href":"https:\/\/api.w.org\/{rel}","templated":true}]}}