{"id":44340,"date":"2026-04-20T12:34:01","date_gmt":"2026-04-20T12:34:01","guid":{"rendered":"https:\/\/singuli.wpress.me\/index.php\/proizvod\/glade-apple-cosy-cider-osvjezivac-zraka-u-spreju-u-spreju-300-ml\/"},"modified":"2026-04-20T12:34:01","modified_gmt":"2026-04-20T12:34:01","slug":"glade-apple-cosy-cider-osvjezivac-zraka-u-spreju-u-spreju-300-ml","status":"publish","type":"product","link":"https:\/\/singuli.wpress.me\/index.php\/proizvod\/glade-apple-cosy-cider-osvjezivac-zraka-u-spreju-u-spreju-300-ml\/","title":{"rendered":"GLADE Apple Cosy Cider, osvje\u017eiva\u010d zraka u spreju, u spreju, 300\u00a0ml"},"content":{"rendered":"<p>Glade\u00ae osvje\u017eiva\u010d zraka u spreju dizajniran je za uklanjanje neugodnih mirisa.<\/p>\n<p>Inspirirajte se blagdanskim mirisima zimskih za\u010dina i svje\u017eeg soka od jabuke i zapo\u010dnite dugo o\u010dekivanu zabavu u svom domu.<\/p>\n<p>Upute za kori\u0161tenje:<br \/>\nDobro protresti prije upotrebe. Za osvje\u017eenje zraka, usmjerite sprej prema sredi\u0161tu prostorije i poprskajte. Ne preporu\u010duje se kori\u0161tenje na tkanini.<\/p>\n","protected":false},"excerpt":{"rendered":"<p>Miris zimskih za\u010dina i svje\u017eeg soka jabuke<br \/>\nMiris oboga\u0107en eteri\u010dnim uljima<br \/>\nZa ugodan ugo\u0111aj<\/p>\n","protected":false},"featured_media":44341,"template":"","meta":{"_seopress_robots_primary_cat":"","_seopress_titles_title":"","_seopress_titles_desc":"","_seopress_robots_index":"","iawp_total_views":0},"product_brand":[405],"product_cat":[268,300],"product_tag":[],"class_list":{"0":"post-44340","1":"product","2":"type-product","3":"status-publish","4":"has-post-thumbnail","6":"product_brand-glade","7":"product_cat-kozmetika-2","8":"product_cat-njega-kose-268","10":"first","11":"outofstock","12":"shipping-taxable","13":"purchasable","14":"product-type-simple"},"_links":{"self":[{"href":"https:\/\/singuli.wpress.me\/index.php\/wp-json\/wp\/v2\/product\/44340","targetHints":{"allow":["GET"]}}],"collection":[{"href":"https:\/\/singuli.wpress.me\/index.php\/wp-json\/wp\/v2\/product"}],"about":[{"href":"https:\/\/singuli.wpress.me\/index.php\/wp-json\/wp\/v2\/types\/product"}],"version-history":[{"count":0,"href":"https:\/\/singuli.wpress.me\/index.php\/wp-json\/wp\/v2\/product\/44340\/revisions"}],"wp:featuredmedia":[{"embeddable":true,"href":"https:\/\/singuli.wpress.me\/index.php\/wp-json\/wp\/v2\/media\/44341"}],"wp:attachment":[{"href":"https:\/\/singuli.wpress.me\/index.php\/wp-json\/wp\/v2\/media?parent=44340"}],"wp:term":[{"taxonomy":"product_brand","embeddable":true,"href":"https:\/\/singuli.wpress.me\/index.php\/wp-json\/wp\/v2\/product_brand?post=44340"},{"taxonomy":"product_cat","embeddable":true,"href":"https:\/\/singuli.wpress.me\/index.php\/wp-json\/wp\/v2\/product_cat?post=44340"},{"taxonomy":"product_tag","embeddable":true,"href":"https:\/\/singuli.wpress.me\/index.php\/wp-json\/wp\/v2\/product_tag?post=44340"}],"curies":[{"name":"wp","href":"https:\/\/api.w.org\/{rel}","templated":true}]}}