{"id":44345,"date":"2026-04-20T12:34:03","date_gmt":"2026-04-20T12:34:03","guid":{"rendered":"https:\/\/singuli.wpress.me\/index.php\/proizvod\/omala-s4-gxv-320-plus-ulje-za-zupcanicke-prijenosnike-industrijske-reduktore-209-l\/"},"modified":"2026-04-20T12:34:03","modified_gmt":"2026-04-20T12:34:03","slug":"omala-s4-gxv-320-plus-ulje-za-zupcanicke-prijenosnike-industrijske-reduktore-209-l","status":"publish","type":"product","link":"https:\/\/singuli.wpress.me\/index.php\/proizvod\/omala-s4-gxv-320-plus-ulje-za-zupcanicke-prijenosnike-industrijske-reduktore-209-l\/","title":{"rendered":"OMALA S4 GXV 320 PLUS, ulje za zup\u010dani\u010dke prijenosnike-industrijske reduktore, 209\u00a0l"},"content":{"rendered":"<p>Napredno sinteti\u010dko ulje za te\u0161ko optere\u0107ene industrijske zup\u010dani\u010dke prijenosnike, odobrena od Siemens AG, osigurava izvanredne performanse podmazivanja \u010dak i pri najte\u017eim operativnim uvjetima koji mogu uklju\u010divati za\u0161titu od te\u0161kih tarnih optere\u0107enja, duga\u010dak vijek trajanja te visoku otpornost prema mikropitingu kao i odli\u010dnu kompatibilnost sa brtvljenim materijalima. Formulirano je kori\u0161tenjem naprednih paketa aditiva  u kombinaciji s posebno odabranim sinteti\u010dkim baznim uljima kako bi se osigurala izvanredna otpornost pri dugim i\/ili visokim vanjskim temperaturama. Uspje\u0161no radi pri temperaturama spremnika ulja \u010dak do 120\u2070C. Pru\u017eaju izvrsnu za\u0161titu od korozije i tro\u0161enja.<\/p>\n<p><span style=\"font-weight: bold\">Specifikacija:<\/span> ISO 12925-1 Type CKD, ANSI\/AGMA 9005-F16, DIN 51517-3 (CLP), Flender- odobreno prema Flender T 7300, China National Standard GB 5903-2011 CKD, AIST (US Steel) Req. No. 224.<\/p>\n","protected":false},"excerpt":{"rendered":"<p>Sinteti\u010dko ulje za te\u0161ko optere\u0107ene industrijske zup\u010dani\u010dke prijenose<br \/>\nOtpornost na mikropiting<br \/>\nKompatibilno s brtvama<\/p>\n","protected":false},"featured_media":44346,"template":"","meta":{"_seopress_robots_primary_cat":"","_seopress_titles_title":"","_seopress_titles_desc":"","_seopress_robots_index":"","iawp_total_views":0},"product_brand":[431],"product_cat":[243,276],"product_tag":[],"class_list":{"0":"post-44345","1":"product","2":"type-product","3":"status-publish","4":"has-post-thumbnail","6":"product_brand-omala","7":"product_cat-automobili-i-motori","8":"product_cat-industrijska-i-specijalna-ulja-243","10":"first","11":"outofstock","12":"shipping-taxable","13":"purchasable","14":"product-type-simple"},"_links":{"self":[{"href":"https:\/\/singuli.wpress.me\/index.php\/wp-json\/wp\/v2\/product\/44345","targetHints":{"allow":["GET"]}}],"collection":[{"href":"https:\/\/singuli.wpress.me\/index.php\/wp-json\/wp\/v2\/product"}],"about":[{"href":"https:\/\/singuli.wpress.me\/index.php\/wp-json\/wp\/v2\/types\/product"}],"version-history":[{"count":0,"href":"https:\/\/singuli.wpress.me\/index.php\/wp-json\/wp\/v2\/product\/44345\/revisions"}],"wp:featuredmedia":[{"embeddable":true,"href":"https:\/\/singuli.wpress.me\/index.php\/wp-json\/wp\/v2\/media\/44346"}],"wp:attachment":[{"href":"https:\/\/singuli.wpress.me\/index.php\/wp-json\/wp\/v2\/media?parent=44345"}],"wp:term":[{"taxonomy":"product_brand","embeddable":true,"href":"https:\/\/singuli.wpress.me\/index.php\/wp-json\/wp\/v2\/product_brand?post=44345"},{"taxonomy":"product_cat","embeddable":true,"href":"https:\/\/singuli.wpress.me\/index.php\/wp-json\/wp\/v2\/product_cat?post=44345"},{"taxonomy":"product_tag","embeddable":true,"href":"https:\/\/singuli.wpress.me\/index.php\/wp-json\/wp\/v2\/product_tag?post=44345"}],"curies":[{"name":"wp","href":"https:\/\/api.w.org\/{rel}","templated":true}]}}