{"id":44347,"date":"2026-04-20T12:34:03","date_gmt":"2026-04-20T12:34:03","guid":{"rendered":"https:\/\/singuli.wpress.me\/index.php\/proizvod\/pantene-poklon-paket\/"},"modified":"2026-04-21T00:27:26","modified_gmt":"2026-04-21T00:27:26","slug":"pantene-poklon-paket","status":"publish","type":"product","link":"https:\/\/singuli.wpress.me\/index.php\/proizvod\/pantene-poklon-paket\/","title":{"rendered":"PANTENE, poklon paket"},"content":{"rendered":"<p><span style=\"font-weight: bold\">Paket sadr\u017ei<\/span>&nbsp;Repear and Protect, \u0161ampon za kosu 400ml + balzam za dubinsku njegu 3mm 200ml.<\/p>\n<p>Linija Pantene Intensive Repair namijenjena je suhoj i o\u0161te\u0107enoj kosi koja treba dubinsku njegu. \u0160ampon Pantene Pro-V Intensive Repair temeljito \u010disti kosu a njegova formula s aktivnim nutrijentima Pro-V hrani kosu, u trenu popravlja znakove o\u0161te\u0107enja i spre\u010dava pucanje vrhova. Na kosi ostavlja zdrav sjaj i vra\u0107a joj glatko\u0107u. Ne sadr\u017ei silikon, mineralna ulja ni bojila, a bo\u010dica se mo\u017ee 100% reciklirati. Pantene \u2013 za snagu va\u0161e kose!<\/p>\n<p>Linija Pantene Intensive Repair namijenjena je suhoj i o\u0161te\u0107enoj kosi koja treba dubinsku njegu. Balzam Pantene Pro-V Intensive Repair u trenu popravlja znakove o\u0161te\u0107enja i spre\u010dava pucanje vrhova. Hrani kosu nutrijentima Pro-V, ostavlja zdrav sjaj i vra\u0107a joj glatko\u0107u, a ne sadr\u017ei mineralna ulja ni bojila. Pantene \u2013 za snagu va\u0161e kose!<\/p>\n","protected":false},"excerpt":{"rendered":"<p>Paket sadr\u017ei Repear and Protect, \u0161ampon za kosu 400ml + balzam za dubinsku njegu 3mm 200ml<br \/>\nLinija Pantene Intensive Repair namijenjena je suhoj i o\u0161te\u0107enoj kosi koja treba dubinsku njegu.<br \/>\nNe sadr\u017ei silikon, mineralna ulja ni bojila<\/p>\n","protected":false},"featured_media":44348,"template":"","meta":{"_seopress_robots_primary_cat":"","_seopress_titles_title":"","_seopress_titles_desc":"","_seopress_robots_index":"","iawp_total_views":0},"product_brand":[411],"product_cat":[261,277],"product_tag":[],"class_list":{"0":"post-44347","1":"product","2":"type-product","3":"status-publish","4":"has-post-thumbnail","6":"product_brand-pantene","7":"product_cat-hrana-i-pice","8":"product_cat-slatkisi-i-grickalice-261","10":"first","11":"outofstock","12":"shipping-taxable","13":"purchasable","14":"product-type-simple"},"_links":{"self":[{"href":"https:\/\/singuli.wpress.me\/index.php\/wp-json\/wp\/v2\/product\/44347","targetHints":{"allow":["GET"]}}],"collection":[{"href":"https:\/\/singuli.wpress.me\/index.php\/wp-json\/wp\/v2\/product"}],"about":[{"href":"https:\/\/singuli.wpress.me\/index.php\/wp-json\/wp\/v2\/types\/product"}],"version-history":[{"count":0,"href":"https:\/\/singuli.wpress.me\/index.php\/wp-json\/wp\/v2\/product\/44347\/revisions"}],"wp:featuredmedia":[{"embeddable":true,"href":"https:\/\/singuli.wpress.me\/index.php\/wp-json\/wp\/v2\/media\/44348"}],"wp:attachment":[{"href":"https:\/\/singuli.wpress.me\/index.php\/wp-json\/wp\/v2\/media?parent=44347"}],"wp:term":[{"taxonomy":"product_brand","embeddable":true,"href":"https:\/\/singuli.wpress.me\/index.php\/wp-json\/wp\/v2\/product_brand?post=44347"},{"taxonomy":"product_cat","embeddable":true,"href":"https:\/\/singuli.wpress.me\/index.php\/wp-json\/wp\/v2\/product_cat?post=44347"},{"taxonomy":"product_tag","embeddable":true,"href":"https:\/\/singuli.wpress.me\/index.php\/wp-json\/wp\/v2\/product_tag?post=44347"}],"curies":[{"name":"wp","href":"https:\/\/api.w.org\/{rel}","templated":true}]}}