{"id":44354,"date":"2026-04-20T12:34:05","date_gmt":"2026-04-20T12:34:05","guid":{"rendered":"https:\/\/singuli.wpress.me\/index.php\/proizvod\/disney-plisana-igracka-winnie-the-pooh-25-cm\/"},"modified":"2026-04-20T12:34:05","modified_gmt":"2026-04-20T12:34:05","slug":"disney-plisana-igracka-winnie-the-pooh-25-cm","status":"publish","type":"product","link":"https:\/\/singuli.wpress.me\/index.php\/proizvod\/disney-plisana-igracka-winnie-the-pooh-25-cm\/","title":{"rendered":"DISNEY, pli\u0161ana igra\u010dka, Winnie the Pooh, 25\u00a0cm"},"content":{"rendered":"<p>Disney pli\u0161ane igra\u010dke su izrazito mekane i nje\u017ene te napravljene od najkvalitetnijih materijala.<\/p>\n<p>Popularni dje\u010dji prijatelj &#8211;  medvjedi\u0107 Winnie  &#8211; 25 cm.<\/p>\n","protected":false},"excerpt":{"rendered":"<p>Mekana i neodoljiva pli\u0161ana igra\u010dka za sve generacije<br \/>\nVeli\u010dina igra\u010dke 25 cm<br \/>\nDob: 0+ m<\/p>\n","protected":false},"featured_media":44355,"template":"","meta":{"_seopress_robots_primary_cat":"","_seopress_titles_title":"","_seopress_titles_desc":"","_seopress_robots_index":"","iawp_total_views":0},"product_brand":[522],"product_cat":[221,291],"product_tag":[],"class_list":{"0":"post-44354","1":"product","2":"type-product","3":"status-publish","4":"has-post-thumbnail","6":"product_brand-disney","7":"product_cat-igracke","8":"product_cat-igracke-za-djecu-221","10":"first","11":"instock","12":"shipping-taxable","13":"purchasable","14":"product-type-simple"},"_links":{"self":[{"href":"https:\/\/singuli.wpress.me\/index.php\/wp-json\/wp\/v2\/product\/44354","targetHints":{"allow":["GET"]}}],"collection":[{"href":"https:\/\/singuli.wpress.me\/index.php\/wp-json\/wp\/v2\/product"}],"about":[{"href":"https:\/\/singuli.wpress.me\/index.php\/wp-json\/wp\/v2\/types\/product"}],"version-history":[{"count":0,"href":"https:\/\/singuli.wpress.me\/index.php\/wp-json\/wp\/v2\/product\/44354\/revisions"}],"wp:featuredmedia":[{"embeddable":true,"href":"https:\/\/singuli.wpress.me\/index.php\/wp-json\/wp\/v2\/media\/44355"}],"wp:attachment":[{"href":"https:\/\/singuli.wpress.me\/index.php\/wp-json\/wp\/v2\/media?parent=44354"}],"wp:term":[{"taxonomy":"product_brand","embeddable":true,"href":"https:\/\/singuli.wpress.me\/index.php\/wp-json\/wp\/v2\/product_brand?post=44354"},{"taxonomy":"product_cat","embeddable":true,"href":"https:\/\/singuli.wpress.me\/index.php\/wp-json\/wp\/v2\/product_cat?post=44354"},{"taxonomy":"product_tag","embeddable":true,"href":"https:\/\/singuli.wpress.me\/index.php\/wp-json\/wp\/v2\/product_tag?post=44354"}],"curies":[{"name":"wp","href":"https:\/\/api.w.org\/{rel}","templated":true}]}}