{"id":44367,"date":"2026-04-20T12:34:09","date_gmt":"2026-04-20T12:34:09","guid":{"rendered":"https:\/\/singuli.wpress.me\/index.php\/proizvod\/heineken-sleek-pivo-4-pack-0-33-l\/"},"modified":"2026-04-21T00:27:26","modified_gmt":"2026-04-21T00:27:26","slug":"heineken-sleek-pivo-4-pack-0-33-l","status":"publish","type":"product","link":"https:\/\/singuli.wpress.me\/index.php\/proizvod\/heineken-sleek-pivo-4-pack-0-33-l\/","title":{"rendered":"HEINEKEN Sleek, pivo, 4 pack, 0.33\u00a0l"},"content":{"rendered":"<p>Heineken je zlatno\u017euti lager sa 100% je\u010dmenog slada i malim, ali va\u017enim dodatkom: Heinekenovim A-kvascem. Ovaj jedinstveni kvasac zaslu\u017ean je za puno\u0107u okusa i tipi\u010dne vo\u0107ne tonove. Fini\u0161 je blag i nje\u017eno gorak. Bez brige, limenka maksimalno \u010duva uravnote\u017eeno bogatstvo okusa, osvje\u017eavaju\u0107u bistrinu i predivnu zlatno\u017eutu boju Heinekena.<\/p>\n","protected":false},"excerpt":{"rendered":"<p>Zlatno\u017euti lager sa 100% je\u010dmenog slada<br \/>\nVa\u017eni dodatak: Heinekenov A-kvasac<br \/>\nAlkohol:  5,0% vol.<\/p>\n","protected":false},"featured_media":44368,"template":"","meta":{"_seopress_robots_primary_cat":"","_seopress_titles_title":"","_seopress_titles_desc":"","_seopress_robots_index":"","iawp_total_views":0},"product_brand":[776],"product_cat":[298,261],"product_tag":[],"class_list":{"0":"post-44367","1":"product","2":"type-product","3":"status-publish","4":"has-post-thumbnail","6":"product_brand-heineken","7":"product_cat-alkoholna-pica-261","8":"product_cat-hrana-i-pice","10":"first","11":"instock","12":"shipping-taxable","13":"purchasable","14":"product-type-simple"},"_links":{"self":[{"href":"https:\/\/singuli.wpress.me\/index.php\/wp-json\/wp\/v2\/product\/44367","targetHints":{"allow":["GET"]}}],"collection":[{"href":"https:\/\/singuli.wpress.me\/index.php\/wp-json\/wp\/v2\/product"}],"about":[{"href":"https:\/\/singuli.wpress.me\/index.php\/wp-json\/wp\/v2\/types\/product"}],"version-history":[{"count":0,"href":"https:\/\/singuli.wpress.me\/index.php\/wp-json\/wp\/v2\/product\/44367\/revisions"}],"wp:featuredmedia":[{"embeddable":true,"href":"https:\/\/singuli.wpress.me\/index.php\/wp-json\/wp\/v2\/media\/44368"}],"wp:attachment":[{"href":"https:\/\/singuli.wpress.me\/index.php\/wp-json\/wp\/v2\/media?parent=44367"}],"wp:term":[{"taxonomy":"product_brand","embeddable":true,"href":"https:\/\/singuli.wpress.me\/index.php\/wp-json\/wp\/v2\/product_brand?post=44367"},{"taxonomy":"product_cat","embeddable":true,"href":"https:\/\/singuli.wpress.me\/index.php\/wp-json\/wp\/v2\/product_cat?post=44367"},{"taxonomy":"product_tag","embeddable":true,"href":"https:\/\/singuli.wpress.me\/index.php\/wp-json\/wp\/v2\/product_tag?post=44367"}],"curies":[{"name":"wp","href":"https:\/\/api.w.org\/{rel}","templated":true}]}}