{"id":44376,"date":"2026-04-20T12:34:10","date_gmt":"2026-04-20T12:34:10","guid":{"rendered":"https:\/\/singuli.wpress.me\/index.php\/proizvod\/naturella-ultra-night-higijenski-ulosci-7-kom\/"},"modified":"2026-04-20T12:34:10","modified_gmt":"2026-04-20T12:34:10","slug":"naturella-ultra-night-higijenski-ulosci-7-kom","status":"publish","type":"product","link":"https:\/\/singuli.wpress.me\/index.php\/proizvod\/naturella-ultra-night-higijenski-ulosci-7-kom\/","title":{"rendered":"NATURELLA Ultra night, higijenski ulo\u0161ci, 7\u00a0kom"},"content":{"rendered":"<p>Za bezbri\u017enu i mirnu no\u0107 uz Naturella Ultra night higijenske ulo\u0161ke. Sna\u017ena upijaju\u0107a jezgra upija i zadr\u017eava te\u010dnost te neutrali\u0161e neugodne mirise. Zahvaljuju\u0107i dvostrukoj ljepljivoj traci i krilcima, ulo\u0161ci se prilago\u0111avaju tijelu i \u010dvrsto ostaju na mjestu. Izuzetno dugi ulo\u0161ci s posebno oblikovanom prednjom stranom pru\u017eaju pouzdanu za\u0161titu tokom obilnih menstruacija. Naturella Ultra night higijenski ulo\u0161ci sadr\u017ee Dermacream losion za za\u0161titu ko\u017ee od iritacija. Kora\u010dajte bezbri\u017eno kroz dan sa Naturelle higijenskim ulo\u0161cima!<\/p>\n","protected":false},"excerpt":{"rendered":"<p>Za vi\u0161e sigurnosti i za\u0161tite<br \/>\nMekani gornji sloj<br \/>\nZa\u0161tita od neugodnih mirisa<\/p>\n","protected":false},"featured_media":44377,"template":"","meta":{"_seopress_robots_primary_cat":"","_seopress_titles_title":"","_seopress_titles_desc":"","_seopress_robots_index":"","iawp_total_views":0},"product_brand":[438],"product_cat":[211,288],"product_tag":[],"class_list":{"0":"post-44376","1":"product","2":"type-product","3":"status-publish","4":"has-post-thumbnail","6":"product_brand-naturella","7":"product_cat-njega-majke-i-djeteta","8":"product_cat-zenska-higijena-211","10":"first","11":"instock","12":"shipping-taxable","13":"purchasable","14":"product-type-simple"},"_links":{"self":[{"href":"https:\/\/singuli.wpress.me\/index.php\/wp-json\/wp\/v2\/product\/44376","targetHints":{"allow":["GET"]}}],"collection":[{"href":"https:\/\/singuli.wpress.me\/index.php\/wp-json\/wp\/v2\/product"}],"about":[{"href":"https:\/\/singuli.wpress.me\/index.php\/wp-json\/wp\/v2\/types\/product"}],"version-history":[{"count":0,"href":"https:\/\/singuli.wpress.me\/index.php\/wp-json\/wp\/v2\/product\/44376\/revisions"}],"wp:featuredmedia":[{"embeddable":true,"href":"https:\/\/singuli.wpress.me\/index.php\/wp-json\/wp\/v2\/media\/44377"}],"wp:attachment":[{"href":"https:\/\/singuli.wpress.me\/index.php\/wp-json\/wp\/v2\/media?parent=44376"}],"wp:term":[{"taxonomy":"product_brand","embeddable":true,"href":"https:\/\/singuli.wpress.me\/index.php\/wp-json\/wp\/v2\/product_brand?post=44376"},{"taxonomy":"product_cat","embeddable":true,"href":"https:\/\/singuli.wpress.me\/index.php\/wp-json\/wp\/v2\/product_cat?post=44376"},{"taxonomy":"product_tag","embeddable":true,"href":"https:\/\/singuli.wpress.me\/index.php\/wp-json\/wp\/v2\/product_tag?post=44376"}],"curies":[{"name":"wp","href":"https:\/\/api.w.org\/{rel}","templated":true}]}}