{"id":44378,"date":"2026-04-20T12:34:11","date_gmt":"2026-04-20T12:34:11","guid":{"rendered":"https:\/\/singuli.wpress.me\/index.php\/proizvod\/napoli-mozart-cokoladne-kuglice-264-g\/"},"modified":"2026-04-20T12:34:11","modified_gmt":"2026-04-20T12:34:11","slug":"napoli-mozart-cokoladne-kuglice-264-g","status":"publish","type":"product","link":"https:\/\/singuli.wpress.me\/index.php\/proizvod\/napoli-mozart-cokoladne-kuglice-264-g\/","title":{"rendered":"NAPOLI Mozart, \u010dokoladne kuglice, 264\u00a0g"},"content":{"rendered":"<p>Ova poslastica brenda Austria Mozartkugeln iznimno je popularna austrijska slastica, a ujedno je i suvenir dobrodo\u0161lice. U ovoj \u010dokoladi posebno u\u017eivaju gurmani ili ljubitelji kulture.<\/p>\n<p>Mozart kuglice imaju sredi\u0161te od najbolje nougat kreme koja je prelivena ukusnim marcipanom i tamnom \u010dokoladom. Kombinacija ovih sastojaka savr\u0161eno je uskla\u0111ena i \u010dini okus ove slatke kompozicije!<\/p>\n","protected":false},"excerpt":{"rendered":"<p>Sredi\u0161te kuglice najbolje nougat kreme prelivene ukusnim marcipanom i crnom \u010dokoladom<br \/>\nSavr\u0161eno uravnote\u017eena kombinacija sastojaka<br \/>\nSadr\u017ei kakao s certifikatom Fairtrade<\/p>\n","protected":false},"featured_media":44379,"template":"","meta":{"_seopress_robots_primary_cat":"","_seopress_titles_title":"","_seopress_titles_desc":"","_seopress_robots_index":"","iawp_total_views":0},"product_brand":[901],"product_cat":[261,277],"product_tag":[],"class_list":{"0":"post-44378","1":"product","2":"type-product","3":"status-publish","4":"has-post-thumbnail","6":"product_brand-napoli","7":"product_cat-hrana-i-pice","8":"product_cat-slatkisi-i-grickalice-261","10":"first","11":"instock","12":"shipping-taxable","13":"purchasable","14":"product-type-simple"},"_links":{"self":[{"href":"https:\/\/singuli.wpress.me\/index.php\/wp-json\/wp\/v2\/product\/44378","targetHints":{"allow":["GET"]}}],"collection":[{"href":"https:\/\/singuli.wpress.me\/index.php\/wp-json\/wp\/v2\/product"}],"about":[{"href":"https:\/\/singuli.wpress.me\/index.php\/wp-json\/wp\/v2\/types\/product"}],"version-history":[{"count":0,"href":"https:\/\/singuli.wpress.me\/index.php\/wp-json\/wp\/v2\/product\/44378\/revisions"}],"wp:featuredmedia":[{"embeddable":true,"href":"https:\/\/singuli.wpress.me\/index.php\/wp-json\/wp\/v2\/media\/44379"}],"wp:attachment":[{"href":"https:\/\/singuli.wpress.me\/index.php\/wp-json\/wp\/v2\/media?parent=44378"}],"wp:term":[{"taxonomy":"product_brand","embeddable":true,"href":"https:\/\/singuli.wpress.me\/index.php\/wp-json\/wp\/v2\/product_brand?post=44378"},{"taxonomy":"product_cat","embeddable":true,"href":"https:\/\/singuli.wpress.me\/index.php\/wp-json\/wp\/v2\/product_cat?post=44378"},{"taxonomy":"product_tag","embeddable":true,"href":"https:\/\/singuli.wpress.me\/index.php\/wp-json\/wp\/v2\/product_tag?post=44378"}],"curies":[{"name":"wp","href":"https:\/\/api.w.org\/{rel}","templated":true}]}}