{"id":44382,"date":"2026-04-20T12:34:12","date_gmt":"2026-04-20T12:34:12","guid":{"rendered":"https:\/\/singuli.wpress.me\/index.php\/proizvod\/chewy-vites-kids-vitamin-c-gumeni-bomboni-60-kom\/"},"modified":"2026-04-20T12:34:12","modified_gmt":"2026-04-20T12:34:12","slug":"chewy-vites-kids-vitamin-c-gumeni-bomboni-60-kom","status":"publish","type":"product","link":"https:\/\/singuli.wpress.me\/index.php\/proizvod\/chewy-vites-kids-vitamin-c-gumeni-bomboni-60-kom\/","title":{"rendered":"CHEWY VITES Kids Vitamin C, gumeni bomboni, 60\u00a0kom"},"content":{"rendered":"<p><span style=\"font-weight: bold\">Chewy Vites Kids VITAMIN C<\/span>, gumeni bomboni za \u017evakanje, za djecu stariju od 3 godine dodatak prehrani s vitaminom C. Chewy Vites Kids Vitamin C ukusno je i <span style=\"font-weight: bold\">u\u010dinkovito rje\u0161enje<\/span> za nadoknadu nedostatka ovog vitamina, doprinosi normalnom funkcioniranju i ja\u010danju imunolo\u0161kog sustava. <\/p>\n<p><span style=\"font-weight: bold\">NA\u010cIN PRIMJENE:<\/span><br \/>\nPreporu\u010dena dnevna koli\u010dina za djecu stariju od 3 godine je 1 gumeni bombon, temeljito sa\u017evakati uz obrok (ne na prazan \u017eeludac) pod nadzorom odrasle osobe. Proizvod mogu konzumirati i odrasle osobe.<br \/>\n<span style=\"font-weight: bold\"><br \/>\nKLJU\u010cNE INFORMACIJE:<\/span><br \/>\n&#8211; Vitamin C u obliku gumenih bombona.<br \/>\n&#8211; Ukusni gumeni bomboni okusa naran\u010de napravljni s pravim vo\u0107nim sokom.<br \/>\n&#8211; Optimalna dnevna doza!  Sadr\u017ei 100 % preporu\u010denog dnevnog unosa vitamina C.<br \/>\n&#8211; Prikladno za vegane i vegetarijance.<br \/>\n&#8211; Bez umjetnih boja, aroma, sladila, konzervansa, bez GMO-a i bez glutena.  Samo jedan na dan, pakiranje dovoljno za dva mjeseca. Prikladno za djecu iznad 3. godine!<\/p>\n<p><span style=\"font-weight: bold\">KOLI\u010cINE U DNEVNOJ DOZI:<\/span><br \/>\nVitamin C 80 mg 100% PU  PU = Preporu\u010deni dnevni unos<\/p>\n","protected":false},"excerpt":{"rendered":"<p>Doprinosi normalnom funkcioniranju i ja\u010danju imunolo\u0161kog sustava<br \/>\nVitamin C u obliku gumenih bombona<br \/>\nPreporu\u010deni dnevni unos je jedan bombon na dan<\/p>\n","protected":false},"featured_media":44383,"template":"","meta":{"_seopress_robots_primary_cat":"","_seopress_titles_title":"","_seopress_titles_desc":"","_seopress_robots_index":"","iawp_total_views":0},"product_brand":[764],"product_cat":[211,289],"product_tag":[],"class_list":{"0":"post-44382","1":"product","2":"type-product","3":"status-publish","4":"has-post-thumbnail","6":"product_brand-chewy-vites","7":"product_cat-njega-majke-i-djeteta","8":"product_cat-trudnoca-i-vitamini-211","10":"first","11":"outofstock","12":"shipping-taxable","13":"purchasable","14":"product-type-simple"},"_links":{"self":[{"href":"https:\/\/singuli.wpress.me\/index.php\/wp-json\/wp\/v2\/product\/44382","targetHints":{"allow":["GET"]}}],"collection":[{"href":"https:\/\/singuli.wpress.me\/index.php\/wp-json\/wp\/v2\/product"}],"about":[{"href":"https:\/\/singuli.wpress.me\/index.php\/wp-json\/wp\/v2\/types\/product"}],"version-history":[{"count":0,"href":"https:\/\/singuli.wpress.me\/index.php\/wp-json\/wp\/v2\/product\/44382\/revisions"}],"wp:featuredmedia":[{"embeddable":true,"href":"https:\/\/singuli.wpress.me\/index.php\/wp-json\/wp\/v2\/media\/44383"}],"wp:attachment":[{"href":"https:\/\/singuli.wpress.me\/index.php\/wp-json\/wp\/v2\/media?parent=44382"}],"wp:term":[{"taxonomy":"product_brand","embeddable":true,"href":"https:\/\/singuli.wpress.me\/index.php\/wp-json\/wp\/v2\/product_brand?post=44382"},{"taxonomy":"product_cat","embeddable":true,"href":"https:\/\/singuli.wpress.me\/index.php\/wp-json\/wp\/v2\/product_cat?post=44382"},{"taxonomy":"product_tag","embeddable":true,"href":"https:\/\/singuli.wpress.me\/index.php\/wp-json\/wp\/v2\/product_tag?post=44382"}],"curies":[{"name":"wp","href":"https:\/\/api.w.org\/{rel}","templated":true}]}}