{"id":44387,"date":"2026-04-20T12:34:13","date_gmt":"2026-04-20T12:34:13","guid":{"rendered":"https:\/\/singuli.wpress.me\/index.php\/proizvod\/dr-oetker-tiramisu-krema-100-g\/"},"modified":"2026-04-20T12:34:13","modified_gmt":"2026-04-20T12:34:13","slug":"dr-oetker-tiramisu-krema-100-g","status":"publish","type":"product","link":"https:\/\/singuli.wpress.me\/index.php\/proizvod\/dr-oetker-tiramisu-krema-100-g\/","title":{"rendered":"DR. OETKER, tiramisu krema, 100\u00a0g"},"content":{"rendered":"<p>Tiramisu kremu mo\u017eete poslu\u017eiti kao desertnu kremu, bez pripremanja Tiramisu kola\u010da. Ulijte kremu u posude \u017eeljenog oblika, ostavite pola sata u hladnjaku, te prije poslu\u017eivanja pospite kakao prahom.<\/p>\n","protected":false},"excerpt":{"rendered":"<p>Mo\u017ee se poslu\u017eiti kao desertna krema<br \/>\nPrije poslu\u017eivanja pospite kakao prahom<br \/>\n\u010cuvati na hladnom i suhom mjestu<\/p>\n","protected":false},"featured_media":44388,"template":"","meta":{"_seopress_robots_primary_cat":"","_seopress_titles_title":"","_seopress_titles_desc":"","_seopress_robots_index":"","iawp_total_views":0},"product_brand":[328],"product_cat":[261,270],"product_tag":[],"class_list":{"0":"post-44387","1":"product","2":"type-product","3":"status-publish","4":"has-post-thumbnail","6":"product_brand-dr-oetker","7":"product_cat-hrana-i-pice","8":"product_cat-slasticarstvo-261","10":"first","11":"outofstock","12":"shipping-taxable","13":"purchasable","14":"product-type-simple"},"_links":{"self":[{"href":"https:\/\/singuli.wpress.me\/index.php\/wp-json\/wp\/v2\/product\/44387","targetHints":{"allow":["GET"]}}],"collection":[{"href":"https:\/\/singuli.wpress.me\/index.php\/wp-json\/wp\/v2\/product"}],"about":[{"href":"https:\/\/singuli.wpress.me\/index.php\/wp-json\/wp\/v2\/types\/product"}],"version-history":[{"count":0,"href":"https:\/\/singuli.wpress.me\/index.php\/wp-json\/wp\/v2\/product\/44387\/revisions"}],"wp:featuredmedia":[{"embeddable":true,"href":"https:\/\/singuli.wpress.me\/index.php\/wp-json\/wp\/v2\/media\/44388"}],"wp:attachment":[{"href":"https:\/\/singuli.wpress.me\/index.php\/wp-json\/wp\/v2\/media?parent=44387"}],"wp:term":[{"taxonomy":"product_brand","embeddable":true,"href":"https:\/\/singuli.wpress.me\/index.php\/wp-json\/wp\/v2\/product_brand?post=44387"},{"taxonomy":"product_cat","embeddable":true,"href":"https:\/\/singuli.wpress.me\/index.php\/wp-json\/wp\/v2\/product_cat?post=44387"},{"taxonomy":"product_tag","embeddable":true,"href":"https:\/\/singuli.wpress.me\/index.php\/wp-json\/wp\/v2\/product_tag?post=44387"}],"curies":[{"name":"wp","href":"https:\/\/api.w.org\/{rel}","templated":true}]}}