{"id":44395,"date":"2026-04-20T12:34:15","date_gmt":"2026-04-20T12:34:15","guid":{"rendered":"https:\/\/singuli.wpress.me\/index.php\/proizvod\/honeywell-turbo-force-grijac-s-ventilatorom-hhf565be4\/"},"modified":"2026-04-20T12:34:15","modified_gmt":"2026-04-20T12:34:15","slug":"honeywell-turbo-force-grijac-s-ventilatorom-hhf565be4","status":"publish","type":"product","link":"https:\/\/singuli.wpress.me\/index.php\/proizvod\/honeywell-turbo-force-grijac-s-ventilatorom-hhf565be4\/","title":{"rendered":"HONEYWELL Turbo Force, grija\u010d s ventilatorom, HHF565BE4"},"content":{"rendered":"<p>Sna\u017ean, brz i kompaktan raspr\u0161iva\u010d topline s dvije razine topline i postavkom hla\u0111enja za individualnu udobnost u bilo koje doba godine. Podesivi termostat osigurava stalnu temperaturu. Trostruka oscilacija i rotiraju\u0107a glava u tri kuta, mjera\u010d vremena od 1-2-4-8 sati prilago\u0111avaju va\u0161u udobnost Sa sigurnosnim zna\u010dajkama koje zadovoljavaju i prema\u0161uju industrijske standarde, grija\u010d s ventilatorom Turbo Force nudi bezbri\u017enost tijekom cijele godine.<\/p>\n","protected":false},"excerpt":{"rendered":"<p>Sna\u017ean, brz i kompaktan razdjelnik topline<br \/>\nPodesivi termostat osigurava stalnu temperaturu<br \/>\nKontrola temperature: 3 razine grijanja, 1 razina ventilatora<\/p>\n","protected":false},"featured_media":44396,"template":"","meta":{"_seopress_robots_primary_cat":"","_seopress_titles_title":"","_seopress_titles_desc":"","_seopress_robots_index":"","iawp_total_views":0},"product_brand":[506],"product_cat":[184,160],"product_tag":[],"class_list":{"0":"post-44395","1":"product","2":"type-product","3":"status-publish","4":"has-post-thumbnail","6":"product_brand-honeywell","7":"product_cat-kvaliteta-zraka-i-grijanje","8":"product_cat-mali-kucanski-aparati","10":"first","11":"outofstock","12":"shipping-taxable","13":"purchasable","14":"product-type-simple"},"_links":{"self":[{"href":"https:\/\/singuli.wpress.me\/index.php\/wp-json\/wp\/v2\/product\/44395","targetHints":{"allow":["GET"]}}],"collection":[{"href":"https:\/\/singuli.wpress.me\/index.php\/wp-json\/wp\/v2\/product"}],"about":[{"href":"https:\/\/singuli.wpress.me\/index.php\/wp-json\/wp\/v2\/types\/product"}],"version-history":[{"count":0,"href":"https:\/\/singuli.wpress.me\/index.php\/wp-json\/wp\/v2\/product\/44395\/revisions"}],"wp:featuredmedia":[{"embeddable":true,"href":"https:\/\/singuli.wpress.me\/index.php\/wp-json\/wp\/v2\/media\/44396"}],"wp:attachment":[{"href":"https:\/\/singuli.wpress.me\/index.php\/wp-json\/wp\/v2\/media?parent=44395"}],"wp:term":[{"taxonomy":"product_brand","embeddable":true,"href":"https:\/\/singuli.wpress.me\/index.php\/wp-json\/wp\/v2\/product_brand?post=44395"},{"taxonomy":"product_cat","embeddable":true,"href":"https:\/\/singuli.wpress.me\/index.php\/wp-json\/wp\/v2\/product_cat?post=44395"},{"taxonomy":"product_tag","embeddable":true,"href":"https:\/\/singuli.wpress.me\/index.php\/wp-json\/wp\/v2\/product_tag?post=44395"}],"curies":[{"name":"wp","href":"https:\/\/api.w.org\/{rel}","templated":true}]}}