{"id":44398,"date":"2026-04-20T12:34:16","date_gmt":"2026-04-20T12:34:16","guid":{"rendered":"https:\/\/singuli.wpress.me\/index.php\/proizvod\/always-classic-sensitive-higijenski-ulosci-10-kom\/"},"modified":"2026-04-20T12:34:16","modified_gmt":"2026-04-20T12:34:16","slug":"always-classic-sensitive-higijenski-ulosci-10-kom","status":"publish","type":"product","link":"https:\/\/singuli.wpress.me\/index.php\/proizvod\/always-classic-sensitive-higijenski-ulosci-10-kom\/","title":{"rendered":"ALWAYS Classic Sensitive, higijenski ulo\u0161ci, 10\u00a0kom"},"content":{"rendered":"<p>Higijenski ulo\u0161ci s krilcima Always Classic Sensitive Normal pru\u017eaju meku za\u0161titu s 3 zone djelovanja kako biste se osje\u0107ali za\u0161ti\u0107eno i ugodno tijekom cijelog dana.<\/p>\n","protected":false},"excerpt":{"rendered":"<p>Meka za\u0161tita<br \/>\n3 zone djelovanja<br \/>\nOsje\u0107aj \u010disto\u0107e i svje\u017eine<\/p>\n","protected":false},"featured_media":44399,"template":"","meta":{"_seopress_robots_primary_cat":"","_seopress_titles_title":"","_seopress_titles_desc":"","_seopress_robots_index":"","iawp_total_views":0},"product_brand":[449],"product_cat":[211,288],"product_tag":[],"class_list":{"0":"post-44398","1":"product","2":"type-product","3":"status-publish","4":"has-post-thumbnail","6":"product_brand-always","7":"product_cat-njega-majke-i-djeteta","8":"product_cat-zenska-higijena-211","10":"first","11":"outofstock","12":"shipping-taxable","13":"purchasable","14":"product-type-simple"},"_links":{"self":[{"href":"https:\/\/singuli.wpress.me\/index.php\/wp-json\/wp\/v2\/product\/44398","targetHints":{"allow":["GET"]}}],"collection":[{"href":"https:\/\/singuli.wpress.me\/index.php\/wp-json\/wp\/v2\/product"}],"about":[{"href":"https:\/\/singuli.wpress.me\/index.php\/wp-json\/wp\/v2\/types\/product"}],"version-history":[{"count":0,"href":"https:\/\/singuli.wpress.me\/index.php\/wp-json\/wp\/v2\/product\/44398\/revisions"}],"wp:featuredmedia":[{"embeddable":true,"href":"https:\/\/singuli.wpress.me\/index.php\/wp-json\/wp\/v2\/media\/44399"}],"wp:attachment":[{"href":"https:\/\/singuli.wpress.me\/index.php\/wp-json\/wp\/v2\/media?parent=44398"}],"wp:term":[{"taxonomy":"product_brand","embeddable":true,"href":"https:\/\/singuli.wpress.me\/index.php\/wp-json\/wp\/v2\/product_brand?post=44398"},{"taxonomy":"product_cat","embeddable":true,"href":"https:\/\/singuli.wpress.me\/index.php\/wp-json\/wp\/v2\/product_cat?post=44398"},{"taxonomy":"product_tag","embeddable":true,"href":"https:\/\/singuli.wpress.me\/index.php\/wp-json\/wp\/v2\/product_tag?post=44398"}],"curies":[{"name":"wp","href":"https:\/\/api.w.org\/{rel}","templated":true}]}}