{"id":44404,"date":"2026-04-20T12:34:18","date_gmt":"2026-04-20T12:34:18","guid":{"rendered":"https:\/\/singuli.wpress.me\/index.php\/proizvod\/ecover-omeksivac-cvijet-jabuke-i-badema-750-ml\/"},"modified":"2026-04-20T12:34:18","modified_gmt":"2026-04-20T12:34:18","slug":"ecover-omeksivac-cvijet-jabuke-i-badema-750-ml","status":"publish","type":"product","link":"https:\/\/singuli.wpress.me\/index.php\/proizvod\/ecover-omeksivac-cvijet-jabuke-i-badema-750-ml\/","title":{"rendered":"ECOVER, omek\u0161iva\u010d, cvijet jabuke i badema, 750\u00a0ml"},"content":{"rendered":"<p>ECOVER\u00ae Omek\u0161iva\u010d za rublje posjeduje nje\u017enu formulu oboga\u0107enu sastojcima, koji aktivno omek\u0161avaju, na bazi ulja uljane repice europskog podrijetla, bez palminog ulja, omek\u0161ava i \u0161titi va\u0161u odje\u0107u na biljnoj bazi. <\/p>\n<p>\u010cuvati na temperaturi izme\u0111u 5\u00b0C i 25\u00b0C. <\/p>\n<p>Nije pogodno za svilu. <\/p>\n<p>Ne koristiti na vatrootpornom tekstilu. <\/p>\n<p>Ne izlijevati izravno na odje\u0107u.<\/p>\n<p>Miris cvijeta jabuke i badema.<\/p>\n","protected":false},"excerpt":{"rendered":"<p>Nje\u017eno \u0161titi i aktivno omek\u0161ava<br \/>\nPogodan za sve tkanine osim svilenih<br \/>\nDermatolo\u0161ki testiran i pogodan za vegane<\/p>\n","protected":false},"featured_media":44405,"template":"","meta":{"_seopress_robots_primary_cat":"","_seopress_titles_title":"","_seopress_titles_desc":"","_seopress_robots_index":"","iawp_total_views":0},"product_brand":[790],"product_cat":[284,238],"product_tag":[],"class_list":{"0":"post-44404","1":"product","2":"type-product","3":"status-publish","4":"has-post-thumbnail","6":"product_brand-ecover","7":"product_cat-sredstva-za-ciscenje-238","8":"product_cat-sve-za-dom","10":"first","11":"instock","12":"shipping-taxable","13":"purchasable","14":"product-type-simple"},"_links":{"self":[{"href":"https:\/\/singuli.wpress.me\/index.php\/wp-json\/wp\/v2\/product\/44404","targetHints":{"allow":["GET"]}}],"collection":[{"href":"https:\/\/singuli.wpress.me\/index.php\/wp-json\/wp\/v2\/product"}],"about":[{"href":"https:\/\/singuli.wpress.me\/index.php\/wp-json\/wp\/v2\/types\/product"}],"version-history":[{"count":0,"href":"https:\/\/singuli.wpress.me\/index.php\/wp-json\/wp\/v2\/product\/44404\/revisions"}],"wp:featuredmedia":[{"embeddable":true,"href":"https:\/\/singuli.wpress.me\/index.php\/wp-json\/wp\/v2\/media\/44405"}],"wp:attachment":[{"href":"https:\/\/singuli.wpress.me\/index.php\/wp-json\/wp\/v2\/media?parent=44404"}],"wp:term":[{"taxonomy":"product_brand","embeddable":true,"href":"https:\/\/singuli.wpress.me\/index.php\/wp-json\/wp\/v2\/product_brand?post=44404"},{"taxonomy":"product_cat","embeddable":true,"href":"https:\/\/singuli.wpress.me\/index.php\/wp-json\/wp\/v2\/product_cat?post=44404"},{"taxonomy":"product_tag","embeddable":true,"href":"https:\/\/singuli.wpress.me\/index.php\/wp-json\/wp\/v2\/product_tag?post=44404"}],"curies":[{"name":"wp","href":"https:\/\/api.w.org\/{rel}","templated":true}]}}