{"id":44412,"date":"2026-04-20T12:34:23","date_gmt":"2026-04-20T12:34:23","guid":{"rendered":"https:\/\/singuli.wpress.me\/index.php\/proizvod\/ariel-sensitive-skin-clean-fresh-tekuci-deterdzent-za-pranje-rublja-5l-100-pranja\/"},"modified":"2026-04-20T12:34:23","modified_gmt":"2026-04-20T12:34:23","slug":"ariel-sensitive-skin-clean-fresh-tekuci-deterdzent-za-pranje-rublja-5l-100-pranja","status":"publish","type":"product","link":"https:\/\/singuli.wpress.me\/index.php\/proizvod\/ariel-sensitive-skin-clean-fresh-tekuci-deterdzent-za-pranje-rublja-5l-100-pranja\/","title":{"rendered":"ARIEL Sensitive Skin Clean &amp; Fresh, teku\u0107i deterd\u017eent za pranje rublja, 5l, 100\u00a0pranja"},"content":{"rendered":"<p>Zahvaljuju\u0107i svojoj blagoj i nje\u017enoj formuli, teku\u0107i deterd\u017eent za pranje rublja Ariel Sensitive Skin Clean &amp; Fresh idealno je rje\u0161enje za dubinsko \u010di\u0161\u0107enje odje\u0107e va\u0161e obitelji, ako imate osjetljivu ko\u017eu. Dermatolo\u0161ki testirana formula koju je odobrio ECARF sadr\u017ei 0 % bojila.<\/p>\n","protected":false},"excerpt":{"rendered":"<p>Nemilosrdan prema mrljama, nje\u017ean prema ko\u017ei<br \/>\nFormula za osjetljivu ko\u017eu: 0 % bojila i osmi\u0161ljeno s ni\u017eom razinom alergena<br \/>\nDermatolo\u0161ki ispitan i s odobrenjem Europskog centra za istra\u017eivanje alergija (ECARF)<\/p>\n","protected":false},"featured_media":44413,"template":"","meta":{"_seopress_robots_primary_cat":"","_seopress_titles_title":"","_seopress_titles_desc":"","_seopress_robots_index":"","iawp_total_views":0},"product_brand":[427],"product_cat":[283,238],"product_tag":[],"class_list":{"0":"post-44412","1":"product","2":"type-product","3":"status-publish","4":"has-post-thumbnail","6":"product_brand-ariel","7":"product_cat-pranje-rublja-238","8":"product_cat-sve-za-dom","10":"first","11":"outofstock","12":"shipping-taxable","13":"purchasable","14":"product-type-simple"},"_links":{"self":[{"href":"https:\/\/singuli.wpress.me\/index.php\/wp-json\/wp\/v2\/product\/44412","targetHints":{"allow":["GET"]}}],"collection":[{"href":"https:\/\/singuli.wpress.me\/index.php\/wp-json\/wp\/v2\/product"}],"about":[{"href":"https:\/\/singuli.wpress.me\/index.php\/wp-json\/wp\/v2\/types\/product"}],"version-history":[{"count":0,"href":"https:\/\/singuli.wpress.me\/index.php\/wp-json\/wp\/v2\/product\/44412\/revisions"}],"wp:featuredmedia":[{"embeddable":true,"href":"https:\/\/singuli.wpress.me\/index.php\/wp-json\/wp\/v2\/media\/44413"}],"wp:attachment":[{"href":"https:\/\/singuli.wpress.me\/index.php\/wp-json\/wp\/v2\/media?parent=44412"}],"wp:term":[{"taxonomy":"product_brand","embeddable":true,"href":"https:\/\/singuli.wpress.me\/index.php\/wp-json\/wp\/v2\/product_brand?post=44412"},{"taxonomy":"product_cat","embeddable":true,"href":"https:\/\/singuli.wpress.me\/index.php\/wp-json\/wp\/v2\/product_cat?post=44412"},{"taxonomy":"product_tag","embeddable":true,"href":"https:\/\/singuli.wpress.me\/index.php\/wp-json\/wp\/v2\/product_tag?post=44412"}],"curies":[{"name":"wp","href":"https:\/\/api.w.org\/{rel}","templated":true}]}}