{"id":44418,"date":"2026-04-20T12:34:24","date_gmt":"2026-04-20T12:34:24","guid":{"rendered":"https:\/\/singuli.wpress.me\/index.php\/proizvod\/ambi-pur-osvjezivac-zraka-moonlight-vanilla-300-ml\/"},"modified":"2026-04-20T12:34:24","modified_gmt":"2026-04-20T12:34:24","slug":"ambi-pur-osvjezivac-zraka-moonlight-vanilla-300-ml","status":"publish","type":"product","link":"https:\/\/singuli.wpress.me\/index.php\/proizvod\/ambi-pur-osvjezivac-zraka-moonlight-vanilla-300-ml\/","title":{"rendered":"AMBI PUR, osvje\u017eiva\u010d zraka, Moonlight Vanilla, 300\u00a0ml"},"content":{"rendered":"<p>Ambi Pur osvje\u017eiva\u010d zraka za dom uklanja neugode mirise, ostavljaju\u0107i pri tome svje\u017einu. <\/p>\n<p>To ga \u010dini savr\u0161enim za bilo koju prostoriju u ku\u0107i.<\/p>\n<p>Isprobajte proizvode Ambi Pur, kao \u0161to su osvje\u017eiva\u010d tkanina i automobila.<\/p>\n","protected":false},"excerpt":{"rendered":"<p>Uklanja neugodne mirise<br \/>\nNisu zapaljivi i koriste 100% prirodni potisni plin<br \/>\nTrajanje do 90 dana<\/p>\n","protected":false},"featured_media":44419,"template":"","meta":{"_seopress_robots_primary_cat":"","_seopress_titles_title":"","_seopress_titles_desc":"","_seopress_robots_index":"","iawp_total_views":0},"product_brand":[447],"product_cat":[268,300],"product_tag":[],"class_list":{"0":"post-44418","1":"product","2":"type-product","3":"status-publish","4":"has-post-thumbnail","6":"product_brand-ambi-pur","7":"product_cat-kozmetika-2","8":"product_cat-njega-kose-268","10":"first","11":"outofstock","12":"shipping-taxable","13":"purchasable","14":"product-type-simple"},"_links":{"self":[{"href":"https:\/\/singuli.wpress.me\/index.php\/wp-json\/wp\/v2\/product\/44418","targetHints":{"allow":["GET"]}}],"collection":[{"href":"https:\/\/singuli.wpress.me\/index.php\/wp-json\/wp\/v2\/product"}],"about":[{"href":"https:\/\/singuli.wpress.me\/index.php\/wp-json\/wp\/v2\/types\/product"}],"version-history":[{"count":0,"href":"https:\/\/singuli.wpress.me\/index.php\/wp-json\/wp\/v2\/product\/44418\/revisions"}],"wp:featuredmedia":[{"embeddable":true,"href":"https:\/\/singuli.wpress.me\/index.php\/wp-json\/wp\/v2\/media\/44419"}],"wp:attachment":[{"href":"https:\/\/singuli.wpress.me\/index.php\/wp-json\/wp\/v2\/media?parent=44418"}],"wp:term":[{"taxonomy":"product_brand","embeddable":true,"href":"https:\/\/singuli.wpress.me\/index.php\/wp-json\/wp\/v2\/product_brand?post=44418"},{"taxonomy":"product_cat","embeddable":true,"href":"https:\/\/singuli.wpress.me\/index.php\/wp-json\/wp\/v2\/product_cat?post=44418"},{"taxonomy":"product_tag","embeddable":true,"href":"https:\/\/singuli.wpress.me\/index.php\/wp-json\/wp\/v2\/product_tag?post=44418"}],"curies":[{"name":"wp","href":"https:\/\/api.w.org\/{rel}","templated":true}]}}