{"id":44420,"date":"2026-04-20T12:34:25","date_gmt":"2026-04-20T12:34:25","guid":{"rendered":"https:\/\/singuli.wpress.me\/index.php\/proizvod\/braun-serija-3-300-blk-brijaci-aparat\/"},"modified":"2026-04-20T12:34:25","modified_gmt":"2026-04-20T12:34:25","slug":"braun-serija-3-300-blk-brijaci-aparat","status":"publish","type":"product","link":"https:\/\/singuli.wpress.me\/index.php\/proizvod\/braun-serija-3-300-blk-brijaci-aparat\/","title":{"rendered":"BRAUN SERIJA 3 300 BLK, brija\u0107i aparat"},"content":{"rendered":"<p>\n    Braun Series 3 300 punjivi elektri\u010dni brija\u0107i aparat za mu\u0161karce (crni)<\/p>\n<p>\n    Punjivi elektri\u010dni brija\u0107i aparat s mre\u017eicom Braun Series 3 nemilosrdan je prema bradama, a nje\u017ean prema ko\u017ei.<\/p>\n<p>\n    Aparat ima 3 brija\u0107a elementa osjetljiva na pritisak koji osiguravaju u\u010dinkovitost i ugodnost za ko\u017eu. Ova tri neovisno pokretljiva elementa (glava 3-Flex) savr\u0161eno se prilago\u0111avaju svakoj konturi lica, briju\u0107i u intuitivnim pravocrtnim potezima.<\/p>\n<p>\n    Napredno brijanje osigurano je s 3 specijalizirana brija\u0107a elementa koja zajedni\u010dkim radom daju temeljito i nje\u017eno brijanje. Braunova patentirana mre\u017eica SensoFoil\u2122 \u0161titi va\u0161u ko\u017eu od iznimno o\u0161trih o\u0161trica. O\u0161trice osjetljive na pritisak automatski se povla\u010de kako bi za\u0161titile ko\u017eu za nje\u017eno brijanje i osje\u0107aj glatko\u0107e.<\/p>\n<p>\n    Aparat je 100% vodootporan (do 5 metara dubine), \u0161to ga \u010dini prakti\u010dnim za lako i higijensko ispiranje pod teku\u0107om vodom. Ima 2 punjive dugovje\u010dne NiMH baterije. Dizajnirao ga je i projektirao Braun u Njema\u010dkoj, a osmi\u0161ljen je da potraje.<\/p>\n","protected":false},"excerpt":{"rendered":"<p>U\u010dinkovito brijanje uz 3 brija\u0107a elementa osjetljiva na pritisak (glava 3-Flex)<br \/>\nMre\u017eica SensoFoil\u2122 za za\u0161titu i nje\u017enost ko\u017ee<br \/>\n100% vodootporan (do 5 m dubine) s dugovje\u010dnim NiMH baterijama<\/p>\n","protected":false},"featured_media":44421,"template":"","meta":{"_seopress_robots_primary_cat":"","_seopress_titles_title":"","_seopress_titles_desc":"","_seopress_robots_index":"","iawp_total_views":0},"product_brand":[144],"product_cat":[280,192,279],"product_tag":[],"class_list":{"0":"post-44420","1":"product","2":"type-product","3":"status-publish","4":"has-post-thumbnail","6":"product_brand-braun","7":"product_cat-aparati-za-muskarce-279","8":"product_cat-aparati-za-osobnu-njegu","9":"product_cat-brijanje-i-sisanje-192","11":"first","12":"instock","13":"shipping-taxable","14":"purchasable","15":"product-type-simple"},"_links":{"self":[{"href":"https:\/\/singuli.wpress.me\/index.php\/wp-json\/wp\/v2\/product\/44420","targetHints":{"allow":["GET"]}}],"collection":[{"href":"https:\/\/singuli.wpress.me\/index.php\/wp-json\/wp\/v2\/product"}],"about":[{"href":"https:\/\/singuli.wpress.me\/index.php\/wp-json\/wp\/v2\/types\/product"}],"version-history":[{"count":0,"href":"https:\/\/singuli.wpress.me\/index.php\/wp-json\/wp\/v2\/product\/44420\/revisions"}],"wp:featuredmedia":[{"embeddable":true,"href":"https:\/\/singuli.wpress.me\/index.php\/wp-json\/wp\/v2\/media\/44421"}],"wp:attachment":[{"href":"https:\/\/singuli.wpress.me\/index.php\/wp-json\/wp\/v2\/media?parent=44420"}],"wp:term":[{"taxonomy":"product_brand","embeddable":true,"href":"https:\/\/singuli.wpress.me\/index.php\/wp-json\/wp\/v2\/product_brand?post=44420"},{"taxonomy":"product_cat","embeddable":true,"href":"https:\/\/singuli.wpress.me\/index.php\/wp-json\/wp\/v2\/product_cat?post=44420"},{"taxonomy":"product_tag","embeddable":true,"href":"https:\/\/singuli.wpress.me\/index.php\/wp-json\/wp\/v2\/product_tag?post=44420"}],"curies":[{"name":"wp","href":"https:\/\/api.w.org\/{rel}","templated":true}]}}