{"id":44428,"date":"2026-04-20T12:34:27","date_gmt":"2026-04-20T12:34:27","guid":{"rendered":"https:\/\/singuli.wpress.me\/index.php\/proizvod\/fisher-price-blaze-osnovni-autic\/"},"modified":"2026-04-20T12:34:27","modified_gmt":"2026-04-20T12:34:27","slug":"fisher-price-blaze-osnovni-autic","status":"publish","type":"product","link":"https:\/\/singuli.wpress.me\/index.php\/proizvod\/fisher-price-blaze-osnovni-autic\/","title":{"rendered":"FISHER PRICE Blaze, osnovni auti\u0107"},"content":{"rendered":"<p>Blaze i njegovi prijatelji spremni su za utrku po gradu i okolici!<\/p>\n<p>Ova vozila imaju velike kota\u010de i jo\u0161 ve\u0107u osobnost!<\/p>\n<p>Ova vozila imaju sjajne oblike, velike kota\u010de i metalne osovine za brzu vo\u017enju \u2013 savr\u0161eni za rekreiranje utrka iz crti\u0107a!<\/p>\n<p>Svako vozilo je jedistvenog dizajna.<\/p>\n<p>Skupi ih sve!<\/p>\n","protected":false},"excerpt":{"rendered":"<p>Savr\u0161eni za rekreiranje utrka iz crti\u0107a<br \/>\nSvako vozilo je jedistvenog dizajna<br \/>\nImaju velike kota\u010de i jo\u0161 ve\u0107u osobnost<\/p>\n","protected":false},"featured_media":44429,"template":"","meta":{"_seopress_robots_primary_cat":"","_seopress_titles_title":"","_seopress_titles_desc":"","_seopress_robots_index":"","iawp_total_views":0},"product_brand":[458],"product_cat":[243,273],"product_tag":[],"class_list":{"0":"post-44428","1":"product","2":"type-product","3":"status-publish","4":"has-post-thumbnail","6":"product_brand-fisher-price","7":"product_cat-automobili-i-motori","8":"product_cat-njega-vozila-243","10":"first","11":"outofstock","12":"shipping-taxable","13":"purchasable","14":"product-type-simple"},"_links":{"self":[{"href":"https:\/\/singuli.wpress.me\/index.php\/wp-json\/wp\/v2\/product\/44428","targetHints":{"allow":["GET"]}}],"collection":[{"href":"https:\/\/singuli.wpress.me\/index.php\/wp-json\/wp\/v2\/product"}],"about":[{"href":"https:\/\/singuli.wpress.me\/index.php\/wp-json\/wp\/v2\/types\/product"}],"version-history":[{"count":0,"href":"https:\/\/singuli.wpress.me\/index.php\/wp-json\/wp\/v2\/product\/44428\/revisions"}],"wp:featuredmedia":[{"embeddable":true,"href":"https:\/\/singuli.wpress.me\/index.php\/wp-json\/wp\/v2\/media\/44429"}],"wp:attachment":[{"href":"https:\/\/singuli.wpress.me\/index.php\/wp-json\/wp\/v2\/media?parent=44428"}],"wp:term":[{"taxonomy":"product_brand","embeddable":true,"href":"https:\/\/singuli.wpress.me\/index.php\/wp-json\/wp\/v2\/product_brand?post=44428"},{"taxonomy":"product_cat","embeddable":true,"href":"https:\/\/singuli.wpress.me\/index.php\/wp-json\/wp\/v2\/product_cat?post=44428"},{"taxonomy":"product_tag","embeddable":true,"href":"https:\/\/singuli.wpress.me\/index.php\/wp-json\/wp\/v2\/product_tag?post=44428"}],"curies":[{"name":"wp","href":"https:\/\/api.w.org\/{rel}","templated":true}]}}