{"id":44435,"date":"2026-04-20T12:34:29","date_gmt":"2026-04-20T12:34:29","guid":{"rendered":"https:\/\/singuli.wpress.me\/index.php\/proizvod\/bison-traka-za-brtvljenje-bijela-22-mm\/"},"modified":"2026-04-20T12:34:30","modified_gmt":"2026-04-20T12:34:30","slug":"bison-traka-za-brtvljenje-bijela-22-mm","status":"publish","type":"product","link":"https:\/\/singuli.wpress.me\/index.php\/proizvod\/bison-traka-za-brtvljenje-bijela-22-mm\/","title":{"rendered":"BISON, traka za brtvljenje, bijela, 22\u00a0mm"},"content":{"rendered":"<p>Samoljepljiva traka za trajno lijepe i vodootporne spojeve du\u017e kade, tu\u0161eva, lavaboa i podova.<\/p>\n","protected":false},"excerpt":{"rendered":"<p>Lako se nanosi<br \/>\nVodootporna<br \/>\nOtporna na sredstva za \u010di\u0161\u0107enje<\/p>\n","protected":false},"featured_media":44436,"template":"","meta":{"_seopress_robots_primary_cat":"","_seopress_titles_title":"","_seopress_titles_desc":"","_seopress_robots_index":"","iawp_total_views":0},"product_brand":[494],"product_cat":[264,238],"product_tag":[],"class_list":{"0":"post-44435","1":"product","2":"type-product","3":"status-publish","4":"has-post-thumbnail","6":"product_brand-bison","7":"product_cat-ljepila-i-brtvila-238","8":"product_cat-sve-za-dom","10":"first","11":"instock","12":"shipping-taxable","13":"purchasable","14":"product-type-simple"},"_links":{"self":[{"href":"https:\/\/singuli.wpress.me\/index.php\/wp-json\/wp\/v2\/product\/44435","targetHints":{"allow":["GET"]}}],"collection":[{"href":"https:\/\/singuli.wpress.me\/index.php\/wp-json\/wp\/v2\/product"}],"about":[{"href":"https:\/\/singuli.wpress.me\/index.php\/wp-json\/wp\/v2\/types\/product"}],"version-history":[{"count":0,"href":"https:\/\/singuli.wpress.me\/index.php\/wp-json\/wp\/v2\/product\/44435\/revisions"}],"wp:featuredmedia":[{"embeddable":true,"href":"https:\/\/singuli.wpress.me\/index.php\/wp-json\/wp\/v2\/media\/44436"}],"wp:attachment":[{"href":"https:\/\/singuli.wpress.me\/index.php\/wp-json\/wp\/v2\/media?parent=44435"}],"wp:term":[{"taxonomy":"product_brand","embeddable":true,"href":"https:\/\/singuli.wpress.me\/index.php\/wp-json\/wp\/v2\/product_brand?post=44435"},{"taxonomy":"product_cat","embeddable":true,"href":"https:\/\/singuli.wpress.me\/index.php\/wp-json\/wp\/v2\/product_cat?post=44435"},{"taxonomy":"product_tag","embeddable":true,"href":"https:\/\/singuli.wpress.me\/index.php\/wp-json\/wp\/v2\/product_tag?post=44435"}],"curies":[{"name":"wp","href":"https:\/\/api.w.org\/{rel}","templated":true}]}}