{"id":44447,"date":"2026-04-20T12:34:35","date_gmt":"2026-04-20T12:34:35","guid":{"rendered":"https:\/\/singuli.wpress.me\/index.php\/proizvod\/ariel-universal-tekuci-deterdzent-za-pranje-rublja-3-3l-60-pranja\/"},"modified":"2026-04-20T12:34:36","modified_gmt":"2026-04-20T12:34:36","slug":"ariel-universal-tekuci-deterdzent-za-pranje-rublja-3-3l-60-pranja","status":"publish","type":"product","link":"https:\/\/singuli.wpress.me\/index.php\/proizvod\/ariel-universal-tekuci-deterdzent-za-pranje-rublja-3-3l-60-pranja\/","title":{"rendered":"ARIEL Universal+, teku\u0107i deterd\u017eent za pranje rublja, 3.3l, 60\u00a0pranja"},"content":{"rendered":"<p>Teku\u0107i deterd\u017eent za pranje rublja Ariel Universal+ omogu\u0107ava vrhunsko uklanjanje mrlja, \u010dak i na ni\u017eim temperaturama. Ujedno o\u017eivljava blistavost va\u0161eg bijelog rublja i spre\u010dava nastanak mrlja od znoja. <\/p>\n<p>Dolazi u pakiranju koje se mo\u017ee reciklirati. <\/p>\n<p>Tvrdokorne mrlje prije pranja tretirajte teku\u0107im deterd\u017eentom Ariel Universal+ i njegovim zelenim \u010depom, a zatim operite rublje u perilici. Za najbolje rezultate \u010dep s deterd\u017eentom stavite izravno u bubanj perilice rublja. <\/p>\n<p>Iz ekolo\u0161kih razloga na neke boce ne stavljamo \u010dep s mjericom. Takav je \u010dep besplatno dostupan na internetskoj stranici ariel.info.<\/p>\n","protected":false},"excerpt":{"rendered":"<p>Blistavost: deterd\u017eent koji osvje\u017eava bjelinu va\u0161eg rublja<br \/>\nPakiranje koje se mo\u017ee reciklirati: boca teku\u0107eg deterd\u017eenta Ariel mo\u017ee se u potpunosti reciklirati<br \/>\nDubinsko \u010di\u0161\u0107enje: izvanredno uklanjanje mrlja, \u010dak i na ni\u017eim temperaturama<\/p>\n","protected":false},"featured_media":44448,"template":"","meta":{"_seopress_robots_primary_cat":"","_seopress_titles_title":"","_seopress_titles_desc":"","_seopress_robots_index":"","iawp_total_views":0},"product_brand":[427],"product_cat":[283,238],"product_tag":[],"class_list":{"0":"post-44447","1":"product","2":"type-product","3":"status-publish","4":"has-post-thumbnail","6":"product_brand-ariel","7":"product_cat-pranje-rublja-238","8":"product_cat-sve-za-dom","10":"first","11":"outofstock","12":"shipping-taxable","13":"purchasable","14":"product-type-simple"},"_links":{"self":[{"href":"https:\/\/singuli.wpress.me\/index.php\/wp-json\/wp\/v2\/product\/44447","targetHints":{"allow":["GET"]}}],"collection":[{"href":"https:\/\/singuli.wpress.me\/index.php\/wp-json\/wp\/v2\/product"}],"about":[{"href":"https:\/\/singuli.wpress.me\/index.php\/wp-json\/wp\/v2\/types\/product"}],"version-history":[{"count":0,"href":"https:\/\/singuli.wpress.me\/index.php\/wp-json\/wp\/v2\/product\/44447\/revisions"}],"wp:featuredmedia":[{"embeddable":true,"href":"https:\/\/singuli.wpress.me\/index.php\/wp-json\/wp\/v2\/media\/44448"}],"wp:attachment":[{"href":"https:\/\/singuli.wpress.me\/index.php\/wp-json\/wp\/v2\/media?parent=44447"}],"wp:term":[{"taxonomy":"product_brand","embeddable":true,"href":"https:\/\/singuli.wpress.me\/index.php\/wp-json\/wp\/v2\/product_brand?post=44447"},{"taxonomy":"product_cat","embeddable":true,"href":"https:\/\/singuli.wpress.me\/index.php\/wp-json\/wp\/v2\/product_cat?post=44447"},{"taxonomy":"product_tag","embeddable":true,"href":"https:\/\/singuli.wpress.me\/index.php\/wp-json\/wp\/v2\/product_tag?post=44447"}],"curies":[{"name":"wp","href":"https:\/\/api.w.org\/{rel}","templated":true}]}}